{"id":9454,"date":"2025-06-14T10:16:27","date_gmt":"2025-06-14T08:16:27","guid":{"rendered":"https:\/\/www.centrocamini.it\/shop\/?page_id=9454"},"modified":"2025-06-14T10:40:23","modified_gmt":"2025-06-14T08:40:23","slug":"rivestimenti-per-camini-in-pietra-e-marmo-su-misura-marsicamin","status":"publish","type":"page","link":"https:\/\/www.centrocamini.it\/shop\/rivestimenti-per-camini-in-pietra-e-marmo-su-misura-marsicamin\/","title":{"rendered":"Rivestimenti per camini in pietra e marmo su misura Marsicamin"},"content":{"rendered":"\t\t<div data-elementor-type=\"wp-page\" data-elementor-id=\"9454\" class=\"elementor elementor-9454\" data-elementor-post-type=\"page\">\n\t\t\t\t\t\t<section class=\"elementor-section elementor-top-section elementor-element elementor-element-d0cd54d elementor-section-boxed elementor-section-height-default elementor-section-height-default\" data-id=\"d0cd54d\" data-element_type=\"section\" data-e-type=\"section\" data-settings=\"{&quot;background_background&quot;:&quot;classic&quot;}\">\n\t\t\t\t\t\t<div class=\"elementor-container elementor-column-gap-default\">\n\t\t\t\t\t<div class=\"elementor-column elementor-col-100 elementor-top-column elementor-element elementor-element-c9c6859\" data-id=\"c9c6859\" data-element_type=\"column\" data-e-type=\"column\">\n\t\t\t<div class=\"elementor-widget-wrap elementor-element-populated\">\n\t\t\t\t\t\t<div class=\"elementor-element elementor-element-16a3921 elementor-widget elementor-widget-heading\" data-id=\"16a3921\" data-element_type=\"widget\" data-e-type=\"widget\" data-widget_type=\"heading.default\">\n\t\t\t\t\t<h1 class=\"elementor-heading-title elementor-size-default\">Rivestimenti su misura in pietra e marmo per camini Marsicamin<\/h1>\t\t\t\t<\/div>\n\t\t\t\t\t<\/div>\n\t\t<\/div>\n\t\t\t\t\t<\/div>\n\t\t<\/section>\n\t\t\t\t<section class=\"elementor-section elementor-top-section elementor-element elementor-element-ce8c96e elementor-section-boxed elementor-section-height-default elementor-section-height-default\" data-id=\"ce8c96e\" data-element_type=\"section\" data-e-type=\"section\" data-settings=\"{&quot;background_background&quot;:&quot;classic&quot;}\">\n\t\t\t\t\t\t<div class=\"elementor-container elementor-column-gap-default\">\n\t\t\t\t\t<div class=\"elementor-column elementor-col-100 elementor-top-column elementor-element elementor-element-7680771\" data-id=\"7680771\" data-element_type=\"column\" data-e-type=\"column\">\n\t\t\t<div class=\"elementor-widget-wrap elementor-element-populated\">\n\t\t\t\t\t\t<div class=\"elementor-element elementor-element-5b5f101 elementor-widget elementor-widget-heading\" data-id=\"5b5f101\" data-element_type=\"widget\" data-e-type=\"widget\" data-widget_type=\"heading.default\">\n\t\t\t\t\t<p class=\"elementor-heading-title elementor-size-default\"> Eleganza, matericit\u00e0 e personalit\u00e0 per il tuo camino<\/p>\t\t\t\t<\/div>\n\t\t\t\t<div class=\"elementor-element elementor-element-175f655 elementor-widget elementor-widget-text-editor\" data-id=\"175f655\" data-element_type=\"widget\" data-e-type=\"widget\" data-widget_type=\"text-editor.default\">\n\t\t\t\t\t\t\t\t\t<p>Da sempre <strong>il rivestimento \u00e8 ci\u00f2 che rende un camino non solo funzionale, ma anche protagonista dello spazio in cui si inserisce<\/strong>. Con i <strong>rivestimenti in pietra naturale e marmo proposti da Marsicamin<\/strong>, ogni camino diventa un elemento architettonico unico, capace di fondere tradizione artigianale e design contemporaneo.<\/p><p>Che tu preferisca l\u2019atmosfera calda e accogliente dello stile rustico o la pulizia estetica di un ambiente moderno, i nostri rivestimenti si adattano a ogni contesto abitativo grazie alla possibilit\u00e0 di scelta tra diverse finiture, colori e lavorazioni.<\/p>\t\t\t\t\t\t\t\t<\/div>\n\t\t\t\t<div class=\"elementor-element elementor-element-282c9f9 elementor-widget elementor-widget-image\" data-id=\"282c9f9\" data-element_type=\"widget\" data-e-type=\"widget\" data-widget_type=\"image.default\">\n\t\t\t\t\t\t\t\t\t\t\t\t\t\t\t<img fetchpriority=\"high\" decoding=\"async\" width=\"1280\" height=\"900\" src=\"https:\/\/www.centrocamini.it\/shop\/wp-content\/uploads\/2025\/06\/RIVESTIMENTI-MARSICAMIN.jpg\" class=\"attachment-full size-full wp-image-9456\" alt=\"RIVESTIMENTI MARSICAMIN\" srcset=\"https:\/\/www.centrocamini.it\/shop\/wp-content\/uploads\/2025\/06\/RIVESTIMENTI-MARSICAMIN.jpg 1280w, https:\/\/www.centrocamini.it\/shop\/wp-content\/uploads\/2025\/06\/RIVESTIMENTI-MARSICAMIN-300x211.jpg 300w, https:\/\/www.centrocamini.it\/shop\/wp-content\/uploads\/2025\/06\/RIVESTIMENTI-MARSICAMIN-1024x720.jpg 1024w, https:\/\/www.centrocamini.it\/shop\/wp-content\/uploads\/2025\/06\/RIVESTIMENTI-MARSICAMIN-768x540.jpg 768w, https:\/\/www.centrocamini.it\/shop\/wp-content\/uploads\/2025\/06\/RIVESTIMENTI-MARSICAMIN-600x422.jpg 600w\" sizes=\"(max-width: 1280px) 100vw, 1280px\" \/>\t\t\t\t\t\t\t\t\t\t\t\t\t\t\t<\/div>\n\t\t\t\t<div class=\"elementor-element elementor-element-4c31709 elementor-widget elementor-widget-text-editor\" data-id=\"4c31709\" data-element_type=\"widget\" data-e-type=\"widget\" data-widget_type=\"text-editor.default\">\n\t\t\t\t\t\t\t\t\t<h2>Scegli il tuo rivestimento: Ampia gamma di materiali naturali<\/h2><p>I nostri rivestimenti possono essere realizzati in <strong>un\u2019ampia selezione di marmi, pietre e travertini<\/strong>, ognuno con caratteristiche cromatiche e tattili specifiche:<\/p><ul><li>Pietra naturale a spacco per uno stile caldo e autentico<\/li><li>Marmo levigato o lucido per un tocco pi\u00f9 elegante e minimale<\/li><li>Travertino classico o burattato, ideale per ambienti dallo spirito tradizionale<\/li><li>Lavorazioni su misura, anche combinate con inserti in legno, ferro o acciaio<\/li><\/ul><p>Ogni materiale viene scelto con cura, lavorato da maestri artigiani e trattato per garantire resistenza al calore, durabilit\u00e0 nel tempo e facilit\u00e0 di pulizia.<\/p>\t\t\t\t\t\t\t\t<\/div>\n\t\t\t\t<section class=\"elementor-section elementor-inner-section elementor-element elementor-element-f429d90 elementor-section-boxed elementor-section-height-default elementor-section-height-default\" data-id=\"f429d90\" data-element_type=\"section\" data-e-type=\"section\">\n\t\t\t\t\t\t<div class=\"elementor-container elementor-column-gap-default\">\n\t\t\t\t\t<div class=\"elementor-column elementor-col-25 elementor-inner-column elementor-element elementor-element-a47b47e\" data-id=\"a47b47e\" data-element_type=\"column\" data-e-type=\"column\">\n\t\t\t<div class=\"elementor-widget-wrap elementor-element-populated\">\n\t\t\t\t\t\t<div class=\"elementor-element elementor-element-c704fd6 elementor-widget elementor-widget-image\" data-id=\"c704fd6\" data-element_type=\"widget\" data-e-type=\"widget\" data-widget_type=\"image.default\">\n\t\t\t\t\t\t\t\t\t\t\t\t\t\t\t\t<a href=\"https:\/\/www.centrocamini.it\/shop\/wp-content\/uploads\/2025\/06\/RIVESTIMENTO-MATERIA-MARSICAMIN.jpg\" data-elementor-open-lightbox=\"yes\" data-elementor-lightbox-title=\"RIVESTIMENTO MATERIA MARSICAMIN\" data-e-action-hash=\"#elementor-action%3Aaction%3Dlightbox%26settings%3DeyJpZCI6OTQ2MCwidXJsIjoiaHR0cHM6XC9cL3d3dy5jZW50cm9jYW1pbmkuaXRcL3Nob3BcL3dwLWNvbnRlbnRcL3VwbG9hZHNcLzIwMjVcLzA2XC9SSVZFU1RJTUVOVE8tTUFURVJJQS1NQVJTSUNBTUlOLmpwZyJ9\">\n\t\t\t\t\t\t\t<img decoding=\"async\" width=\"500\" height=\"500\" src=\"https:\/\/www.centrocamini.it\/shop\/wp-content\/uploads\/2025\/06\/RIVESTIMENTO-MATERIA-MARSICAMIN.jpg\" class=\"attachment-full size-full wp-image-9460\" alt=\"\" srcset=\"https:\/\/www.centrocamini.it\/shop\/wp-content\/uploads\/2025\/06\/RIVESTIMENTO-MATERIA-MARSICAMIN.jpg 500w, https:\/\/www.centrocamini.it\/shop\/wp-content\/uploads\/2025\/06\/RIVESTIMENTO-MATERIA-MARSICAMIN-300x300.jpg 300w, https:\/\/www.centrocamini.it\/shop\/wp-content\/uploads\/2025\/06\/RIVESTIMENTO-MATERIA-MARSICAMIN-150x150.jpg 150w, https:\/\/www.centrocamini.it\/shop\/wp-content\/uploads\/2025\/06\/RIVESTIMENTO-MATERIA-MARSICAMIN-100x100.jpg 100w\" sizes=\"(max-width: 500px) 100vw, 500px\" \/>\t\t\t\t\t\t\t\t<\/a>\n\t\t\t\t\t\t\t\t\t\t\t\t\t\t\t<\/div>\n\t\t\t\t\t<\/div>\n\t\t<\/div>\n\t\t\t\t<div class=\"elementor-column elementor-col-25 elementor-inner-column elementor-element elementor-element-38e5fdf\" data-id=\"38e5fdf\" data-element_type=\"column\" data-e-type=\"column\">\n\t\t\t<div class=\"elementor-widget-wrap elementor-element-populated\">\n\t\t\t\t\t\t<div class=\"elementor-element elementor-element-a33644e elementor-widget elementor-widget-image\" data-id=\"a33644e\" data-element_type=\"widget\" data-e-type=\"widget\" data-widget_type=\"image.default\">\n\t\t\t\t\t\t\t\t\t\t\t\t\t\t\t\t<a href=\"https:\/\/www.centrocamini.it\/shop\/wp-content\/uploads\/2025\/06\/RIVESTIMENTO-LOU-MARSICAMIN.jpg\" data-elementor-open-lightbox=\"yes\" data-elementor-lightbox-title=\"RIVESTIMENTO LOU MARSICAMIN\" data-e-action-hash=\"#elementor-action%3Aaction%3Dlightbox%26settings%3DeyJpZCI6OTQ1OSwidXJsIjoiaHR0cHM6XC9cL3d3dy5jZW50cm9jYW1pbmkuaXRcL3Nob3BcL3dwLWNvbnRlbnRcL3VwbG9hZHNcLzIwMjVcLzA2XC9SSVZFU1RJTUVOVE8tTE9VLU1BUlNJQ0FNSU4uanBnIn0%3D\">\n\t\t\t\t\t\t\t<img decoding=\"async\" width=\"500\" height=\"500\" src=\"https:\/\/www.centrocamini.it\/shop\/wp-content\/uploads\/2025\/06\/RIVESTIMENTO-LOU-MARSICAMIN.jpg\" class=\"attachment-full size-full wp-image-9459\" alt=\"RIVESTIMENTO LOU MARSICAMIN\" srcset=\"https:\/\/www.centrocamini.it\/shop\/wp-content\/uploads\/2025\/06\/RIVESTIMENTO-LOU-MARSICAMIN.jpg 500w, https:\/\/www.centrocamini.it\/shop\/wp-content\/uploads\/2025\/06\/RIVESTIMENTO-LOU-MARSICAMIN-300x300.jpg 300w, https:\/\/www.centrocamini.it\/shop\/wp-content\/uploads\/2025\/06\/RIVESTIMENTO-LOU-MARSICAMIN-150x150.jpg 150w, https:\/\/www.centrocamini.it\/shop\/wp-content\/uploads\/2025\/06\/RIVESTIMENTO-LOU-MARSICAMIN-100x100.jpg 100w\" sizes=\"(max-width: 500px) 100vw, 500px\" \/>\t\t\t\t\t\t\t\t<\/a>\n\t\t\t\t\t\t\t\t\t\t\t\t\t\t\t<\/div>\n\t\t\t\t\t<\/div>\n\t\t<\/div>\n\t\t\t\t<div class=\"elementor-column elementor-col-25 elementor-inner-column elementor-element elementor-element-d1d8c70\" data-id=\"d1d8c70\" data-element_type=\"column\" data-e-type=\"column\">\n\t\t\t<div class=\"elementor-widget-wrap elementor-element-populated\">\n\t\t\t\t\t\t<div class=\"elementor-element elementor-element-e5ed643 elementor-widget elementor-widget-image\" data-id=\"e5ed643\" data-element_type=\"widget\" data-e-type=\"widget\" data-widget_type=\"image.default\">\n\t\t\t\t\t\t\t\t\t\t\t\t\t\t\t\t<a href=\"https:\/\/www.centrocamini.it\/shop\/wp-content\/uploads\/2025\/06\/RIVESTIMENTO-LOGO-MARSICAMIN.jpg\" data-elementor-open-lightbox=\"yes\" data-elementor-lightbox-title=\"RIVESTIMENTO LOGO MARSICAMIN\" data-e-action-hash=\"#elementor-action%3Aaction%3Dlightbox%26settings%3DeyJpZCI6OTQ1OCwidXJsIjoiaHR0cHM6XC9cL3d3dy5jZW50cm9jYW1pbmkuaXRcL3Nob3BcL3dwLWNvbnRlbnRcL3VwbG9hZHNcLzIwMjVcLzA2XC9SSVZFU1RJTUVOVE8tTE9HTy1NQVJTSUNBTUlOLmpwZyJ9\">\n\t\t\t\t\t\t\t<img loading=\"lazy\" decoding=\"async\" width=\"500\" height=\"500\" src=\"https:\/\/www.centrocamini.it\/shop\/wp-content\/uploads\/2025\/06\/RIVESTIMENTO-LOGO-MARSICAMIN.jpg\" class=\"attachment-full size-full wp-image-9458\" alt=\"RIVESTIMENTO LOGO MARSICAMIN\" srcset=\"https:\/\/www.centrocamini.it\/shop\/wp-content\/uploads\/2025\/06\/RIVESTIMENTO-LOGO-MARSICAMIN.jpg 500w, https:\/\/www.centrocamini.it\/shop\/wp-content\/uploads\/2025\/06\/RIVESTIMENTO-LOGO-MARSICAMIN-300x300.jpg 300w, https:\/\/www.centrocamini.it\/shop\/wp-content\/uploads\/2025\/06\/RIVESTIMENTO-LOGO-MARSICAMIN-150x150.jpg 150w, https:\/\/www.centrocamini.it\/shop\/wp-content\/uploads\/2025\/06\/RIVESTIMENTO-LOGO-MARSICAMIN-100x100.jpg 100w\" sizes=\"(max-width: 500px) 100vw, 500px\" \/>\t\t\t\t\t\t\t\t<\/a>\n\t\t\t\t\t\t\t\t\t\t\t\t\t\t\t<\/div>\n\t\t\t\t\t<\/div>\n\t\t<\/div>\n\t\t\t\t<div class=\"elementor-column elementor-col-25 elementor-inner-column elementor-element elementor-element-373b7f9\" data-id=\"373b7f9\" data-element_type=\"column\" data-e-type=\"column\">\n\t\t\t<div class=\"elementor-widget-wrap elementor-element-populated\">\n\t\t\t\t\t\t<div class=\"elementor-element elementor-element-821c06b elementor-widget elementor-widget-image\" data-id=\"821c06b\" data-element_type=\"widget\" data-e-type=\"widget\" data-widget_type=\"image.default\">\n\t\t\t\t\t\t\t\t\t\t\t\t\t\t\t\t<a href=\"https:\/\/www.centrocamini.it\/shop\/wp-content\/uploads\/2025\/06\/LOFT-MARSICAMIN.jpg\" data-elementor-open-lightbox=\"yes\" data-elementor-lightbox-title=\"LOFT MARSICAMIN\" data-e-action-hash=\"#elementor-action%3Aaction%3Dlightbox%26settings%3DeyJpZCI6OTQ1NywidXJsIjoiaHR0cHM6XC9cL3d3dy5jZW50cm9jYW1pbmkuaXRcL3Nob3BcL3dwLWNvbnRlbnRcL3VwbG9hZHNcLzIwMjVcLzA2XC9MT0ZULU1BUlNJQ0FNSU4uanBnIn0%3D\">\n\t\t\t\t\t\t\t<img loading=\"lazy\" decoding=\"async\" width=\"500\" height=\"500\" src=\"https:\/\/www.centrocamini.it\/shop\/wp-content\/uploads\/2025\/06\/LOFT-MARSICAMIN.jpg\" class=\"attachment-full size-full wp-image-9457\" alt=\"LOFT MARSICAMIN\" srcset=\"https:\/\/www.centrocamini.it\/shop\/wp-content\/uploads\/2025\/06\/LOFT-MARSICAMIN.jpg 500w, https:\/\/www.centrocamini.it\/shop\/wp-content\/uploads\/2025\/06\/LOFT-MARSICAMIN-300x300.jpg 300w, https:\/\/www.centrocamini.it\/shop\/wp-content\/uploads\/2025\/06\/LOFT-MARSICAMIN-150x150.jpg 150w, https:\/\/www.centrocamini.it\/shop\/wp-content\/uploads\/2025\/06\/LOFT-MARSICAMIN-100x100.jpg 100w\" sizes=\"(max-width: 500px) 100vw, 500px\" \/>\t\t\t\t\t\t\t\t<\/a>\n\t\t\t\t\t\t\t\t\t\t\t\t\t\t\t<\/div>\n\t\t\t\t\t<\/div>\n\t\t<\/div>\n\t\t\t\t\t<\/div>\n\t\t<\/section>\n\t\t\t\t<div class=\"elementor-element elementor-element-d64ca58 elementor-widget elementor-widget-text-editor\" data-id=\"d64ca58\" data-element_type=\"widget\" data-e-type=\"widget\" data-widget_type=\"text-editor.default\">\n\t\t\t\t\t\t\t\t\t<p><strong>Realizzazioni su misura e personalizzabili<\/strong><\/p><p>La filosofia<strong> Marsicamin<\/strong> mette al centro la tua visione: ogni rivestimento pu\u00f2 essere realizzato su misura, tenendo conto delle specifiche esigenze strutturali, degli spazi disponibili e del gusto estetico del cliente.<\/p><p><strong>Puoi scegliere la tipologia di pietra, lo spessore, le finiture, i tagli e i dettagli decorativi<\/strong>.<\/p><p>Possiamo realizzare soluzioni semplici, lineari ed essenziali oppure cornici imponenti con capitelli, colonne, modanature classiche o inserti personalizzati.<\/p><p>Il rivestimento si pu\u00f2 adattare:<\/p><ul><li>a caminetti prefabbricati o su misura<\/li><li>a stufe a legna o pellet<\/li><li>a angoli rustici, pareti divisorie o zone relax<\/li><li>con mensole, basi, contorni fuoco e altri elementi d\u2019arredo coordinati<\/li><\/ul><h4>Rivestimento per camini rustico o moderno?<\/h4><p><strong>Sempre perfetto<\/strong><\/p><ul><li>Ami lo stile rustico? Scegli la pietra grezza, il travertino burattato, le tonalit\u00e0 calde e naturali. Perfetto per taverne, case di campagna e ambienti in stile classico.<\/li><li>Preferisci un look moderno e minimale? Punta sul marmo levigato, sugli inserti geometrici, su tonalit\u00e0 neutre come grigio, bianco o antracite. L\u2019effetto sar\u00e0 elegante e contemporaneo.<\/li><\/ul><p><strong>Con Marsicamin, la possibilit\u00e0 di integrare il camino nel tuo progetto d\u2019arredo \u00e8 totale:<\/strong> dal progetto alla posa, ti accompagniamo in ogni fase, con sopralluoghi, consulenza tecnica e render 3D su richiesta.<\/p><h4>Perch\u00e9 scegliere i rivestimenti Marsicamin?<\/h4><ul><li>Personalizzazione completa su materiali, finiture e misure<\/li><li>Possibilit\u00e0 di rivestire camini esistenti o nuove installazioni<\/li><li>Artigianalit\u00e0 100% italiana<\/li><li>Soluzioni perfette per ambienti moderni, classici e rustici<\/li><li>Assistenza dalla progettazione alla posa in opera<\/li><\/ul><p><strong>Contattaci ora per un preventivo su misura<\/strong><\/p><p>Ogni rivestimento racconta una storia: quella del tuo camino, del tuo spazio e del tuo stile. <strong>Affidati a Marsicamin e a Centro Camini<\/strong> per trasformare il calore del fuoco in un\u2019esperienza di design senza tempo.<br \/>Contattaci per un sopralluogo o un progetto su misura. Il tuo camino sta per prendere forma.<\/p>\t\t\t\t\t\t\t\t<\/div>\n\t\t\t\t<div class=\"elementor-element elementor-element-889c114 elementor-widget-divider--view-line elementor-widget elementor-widget-divider\" data-id=\"889c114\" data-element_type=\"widget\" data-e-type=\"widget\" data-widget_type=\"divider.default\">\n\t\t\t\t\t\t\t<div class=\"elementor-divider\">\n\t\t\t<span class=\"elementor-divider-separator\">\n\t\t\t\t\t\t<\/span>\n\t\t<\/div>\n\t\t\t\t\t\t<\/div>\n\t\t\t\t<div class=\"elementor-element elementor-element-22c82d9 elementor-widget elementor-widget-text-editor\" data-id=\"22c82d9\" data-element_type=\"widget\" data-e-type=\"widget\" data-widget_type=\"text-editor.default\">\n\t\t\t\t\t\t\t\t\t<h3 style=\"text-align: center;\">Contattaci per maggiori informazioni<\/h3>\t\t\t\t\t\t\t\t<\/div>\n\t\t\t\t<div class=\"elementor-element elementor-element-48e6a8b elementor-button-align-stretch elementor-widget elementor-widget-form\" data-id=\"48e6a8b\" data-element_type=\"widget\" data-e-type=\"widget\" data-settings=\"{&quot;step_next_label&quot;:&quot;Prossimo&quot;,&quot;step_previous_label&quot;:&quot;Precedente&quot;,&quot;button_width&quot;:&quot;100&quot;,&quot;step_type&quot;:&quot;number_text&quot;,&quot;step_icon_shape&quot;:&quot;circle&quot;}\" data-widget_type=\"form.default\">\n\t\t\t\t\t\t\t<form class=\"elementor-form\" method=\"post\" name=\"New Form\" aria-label=\"New Form\">\n\t\t\t<input type=\"hidden\" name=\"post_id\" value=\"9454\"\/>\n\t\t\t<input type=\"hidden\" name=\"form_id\" value=\"48e6a8b\"\/>\n\t\t\t<input type=\"hidden\" name=\"referer_title\" value=\"Rivestimenti per Camini in Pietra e Marmo Marsicamin\" \/>\n\n\t\t\t\t\t\t\t<input type=\"hidden\" name=\"queried_id\" value=\"9454\"\/>\n\t\t\t\n\t\t\t<div class=\"elementor-form-fields-wrapper elementor-labels-above\">\n\t\t\t\t\t\t\t\t<div class=\"elementor-field-type-text elementor-field-group elementor-column elementor-field-group-name elementor-col-100 elementor-field-required\">\n\t\t\t\t\t\t\t\t\t\t\t\t<label for=\"form-field-name\" class=\"elementor-field-label\">\n\t\t\t\t\t\t\t\tNome e cognome\t\t\t\t\t\t\t<\/label>\n\t\t\t\t\t\t\t\t\t\t\t\t\t\t<input size=\"1\" type=\"text\" name=\"form_fields[name]\" id=\"form-field-name\" class=\"elementor-field elementor-size-sm  elementor-field-textual\" placeholder=\"Nome e cognome\" required=\"required\">\n\t\t\t\t\t\t\t\t\t\t\t<\/div>\n\t\t\t\t\t\t\t\t<div class=\"elementor-field-type-tel elementor-field-group elementor-column elementor-field-group-field_375ed66 elementor-col-100 elementor-field-required\">\n\t\t\t\t\t\t\t\t\t\t\t\t<label for=\"form-field-field_375ed66\" class=\"elementor-field-label\">\n\t\t\t\t\t\t\t\tTelefono\t\t\t\t\t\t\t<\/label>\n\t\t\t\t\t\t\t\t<input size=\"1\" type=\"tel\" name=\"form_fields[field_375ed66]\" id=\"form-field-field_375ed66\" class=\"elementor-field elementor-size-sm  elementor-field-textual\" placeholder=\"Telefono\" required=\"required\" pattern=\"[0-9()#&amp;+*-=.]+\" title=\"Sono accettati solo numeri e caratteri telefonici (#, -, *, ecc.).\">\n\n\t\t\t\t\t\t<\/div>\n\t\t\t\t\t\t\t\t<div class=\"elementor-field-type-email elementor-field-group elementor-column elementor-field-group-email elementor-col-100 elementor-field-required\">\n\t\t\t\t\t\t\t\t\t\t\t\t<label for=\"form-field-email\" class=\"elementor-field-label\">\n\t\t\t\t\t\t\t\tEmail\t\t\t\t\t\t\t<\/label>\n\t\t\t\t\t\t\t\t\t\t\t\t\t\t<input size=\"1\" type=\"email\" name=\"form_fields[email]\" id=\"form-field-email\" class=\"elementor-field elementor-size-sm  elementor-field-textual\" placeholder=\"Email\" required=\"required\">\n\t\t\t\t\t\t\t\t\t\t\t<\/div>\n\t\t\t\t\t\t\t\t<div class=\"elementor-field-type-textarea elementor-field-group elementor-column elementor-field-group-message elementor-col-100\">\n\t\t\t\t\t\t\t\t\t\t\t\t<label for=\"form-field-message\" class=\"elementor-field-label\">\n\t\t\t\t\t\t\t\tMessaggio\t\t\t\t\t\t\t<\/label>\n\t\t\t\t\t\t<textarea class=\"elementor-field-textual elementor-field  elementor-size-sm\" name=\"form_fields[message]\" id=\"form-field-message\" rows=\"4\" placeholder=\"Messaggio\"><\/textarea>\t\t\t\t<\/div>\n\t\t\t\t\t\t\t\t<div class=\"elementor-field-type-acceptance elementor-field-group elementor-column elementor-field-group-field_ab7599c elementor-col-100 elementor-field-required\">\n\t\t\t\t\t\t\t<div class=\"elementor-field-subgroup\">\n\t\t\t<span class=\"elementor-field-option\">\n\t\t\t\t<input type=\"checkbox\" name=\"form_fields[field_ab7599c]\" id=\"form-field-field_ab7599c\" class=\"elementor-field elementor-size-sm  elementor-acceptance-field\" required=\"required\">\n\t\t\t\t<label for=\"form-field-field_ab7599c\">Ho letto l'informativa privacy e acconsento alla memorizzazione dei miei dati secondo quanto stabilito dal Regolamento Europeo per la protezione dei dati personali n. 679\/2016 GDPR<\/label>\t\t\t<\/span>\n\t\t<\/div>\n\t\t\t\t\t\t<\/div>\n\t\t\t\t\t\t\t\t<div class=\"elementor-field-group elementor-column elementor-field-type-submit elementor-col-100 e-form__buttons\">\n\t\t\t\t\t<button class=\"elementor-button elementor-size-sm\" type=\"submit\">\n\t\t\t\t\t\t<span class=\"elementor-button-content-wrapper\">\n\t\t\t\t\t\t\t\t\t\t\t\t\t\t\t\t\t\t\t\t\t\t<span class=\"elementor-button-text\">Invia<\/span>\n\t\t\t\t\t\t\t\t\t\t\t\t\t<\/span>\n\t\t\t\t\t<\/button>\n\t\t\t\t<\/div>\n\t\t\t<\/div>\n\t\t<\/form>\n\t\t\t\t\t\t<\/div>\n\t\t\t\t\t<\/div>\n\t\t<\/div>\n\t\t\t\t\t<\/div>\n\t\t<\/section>\n\t\t\t\t<\/div>\n\t\t","protected":false},"excerpt":{"rendered":"<p>Rivestimenti su misura in pietra e marmo per camini Marsicamin Eleganza, matericit\u00e0 e personalit\u00e0 per il tuo camino Da sempre il rivestimento \u00e8 ci\u00f2 che rende un camino non solo funzionale, ma anche protagonista dello spazio in cui si inserisce. Con i rivestimenti in pietra naturale e marmo proposti da Marsicamin, ogni camino diventa un [&hellip;]<\/p>\n","protected":false},"author":3,"featured_media":0,"parent":0,"menu_order":0,"comment_status":"closed","ping_status":"closed","template":"","meta":{"site-sidebar-layout":"no-sidebar","site-content-layout":"page-builder","ast-site-content-layout":"full-width-container","site-content-style":"unboxed","site-sidebar-style":"unboxed","ast-global-header-display":"","ast-banner-title-visibility":"","ast-main-header-display":"","ast-hfb-above-header-display":"","ast-hfb-below-header-display":"","ast-hfb-mobile-header-display":"","site-post-title":"disabled","ast-breadcrumbs-content":"","ast-featured-img":"disabled","footer-sml-layout":"","ast-disable-related-posts":"","theme-transparent-header-meta":"default","adv-header-id-meta":"","stick-header-meta":"","header-above-stick-meta":"","header-main-stick-meta":"","header-below-stick-meta":"","astra-migrate-meta-layouts":"set","ast-page-background-enabled":"default","ast-page-background-meta":{"desktop":{"background-color":"","background-image":"","background-repeat":"repeat","background-position":"center center","background-size":"auto","background-attachment":"scroll","background-type":"","background-media":"","overlay-type":"","overlay-color":"","overlay-opacity":"","overlay-gradient":""},"tablet":{"background-color":"","background-image":"","background-repeat":"repeat","background-position":"center center","background-size":"auto","background-attachment":"scroll","background-type":"","background-media":"","overlay-type":"","overlay-color":"","overlay-opacity":"","overlay-gradient":""},"mobile":{"background-color":"","background-image":"","background-repeat":"repeat","background-position":"center center","background-size":"auto","background-attachment":"scroll","background-type":"","background-media":"","overlay-type":"","overlay-color":"","overlay-opacity":"","overlay-gradient":""}},"ast-content-background-meta":{"desktop":{"background-color":"var(--ast-global-color-5)","background-image":"","background-repeat":"repeat","background-position":"center center","background-size":"auto","background-attachment":"scroll","background-type":"","background-media":"","overlay-type":"","overlay-color":"","overlay-opacity":"","overlay-gradient":""},"tablet":{"background-color":"var(--ast-global-color-5)","background-image":"","background-repeat":"repeat","background-position":"center center","background-size":"auto","background-attachment":"scroll","background-type":"","background-media":"","overlay-type":"","overlay-color":"","overlay-opacity":"","overlay-gradient":""},"mobile":{"background-color":"var(--ast-global-color-5)","background-image":"","background-repeat":"repeat","background-position":"center center","background-size":"auto","background-attachment":"scroll","background-type":"","background-media":"","overlay-type":"","overlay-color":"","overlay-opacity":"","overlay-gradient":""}},"footnotes":""},"class_list":["post-9454","page","type-page","status-publish","hentry"],"_links":{"self":[{"href":"https:\/\/www.centrocamini.it\/shop\/wp-json\/wp\/v2\/pages\/9454","targetHints":{"allow":["GET"]}}],"collection":[{"href":"https:\/\/www.centrocamini.it\/shop\/wp-json\/wp\/v2\/pages"}],"about":[{"href":"https:\/\/www.centrocamini.it\/shop\/wp-json\/wp\/v2\/types\/page"}],"author":[{"embeddable":true,"href":"https:\/\/www.centrocamini.it\/shop\/wp-json\/wp\/v2\/users\/3"}],"replies":[{"embeddable":true,"href":"https:\/\/www.centrocamini.it\/shop\/wp-json\/wp\/v2\/comments?post=9454"}],"version-history":[{"count":7,"href":"https:\/\/www.centrocamini.it\/shop\/wp-json\/wp\/v2\/pages\/9454\/revisions"}],"predecessor-version":[{"id":9466,"href":"https:\/\/www.centrocamini.it\/shop\/wp-json\/wp\/v2\/pages\/9454\/revisions\/9466"}],"wp:attachment":[{"href":"https:\/\/www.centrocamini.it\/shop\/wp-json\/wp\/v2\/media?parent=9454"}],"curies":[{"name":"wp","href":"https:\/\/api.w.org\/{rel}","templated":true}]}}