{"id":3536,"date":"2021-04-07T23:29:03","date_gmt":"2021-04-07T21:29:03","guid":{"rendered":"https:\/\/www.centrocamini.it\/shop\/?post_type=product&#038;p=3536"},"modified":"2024-03-23T19:29:55","modified_gmt":"2024-03-23T18:29:55","slug":"bruciatore-4120-british-fires","status":"publish","type":"product","link":"https:\/\/www.centrocamini.it\/shop\/prodotto\/bruciatore-4120-british-fires\/","title":{"rendered":"Bruciatore 4120 British Fires"},"content":{"rendered":"<h3>Caratteristiche del Bruciatore 4120 British Fires<\/h3>\n<hr \/>\n<p><img fetchpriority=\"high\" decoding=\"async\" class=\"aligncenter wp-image-3542 size-full\" src=\"https:\/\/www.centrocamini.it\/shop\/wp-content\/uploads\/2021\/04\/Caratteristiche-bruciatore-4120-British-fires.jpg\" alt=\"Caratteristiche bruciatore 4120 British fires\" width=\"1200\" height=\"518\" srcset=\"https:\/\/www.centrocamini.it\/shop\/wp-content\/uploads\/2021\/04\/Caratteristiche-bruciatore-4120-British-fires.jpg 1200w, https:\/\/www.centrocamini.it\/shop\/wp-content\/uploads\/2021\/04\/Caratteristiche-bruciatore-4120-British-fires-300x130.jpg 300w, https:\/\/www.centrocamini.it\/shop\/wp-content\/uploads\/2021\/04\/Caratteristiche-bruciatore-4120-British-fires-1024x442.jpg 1024w, https:\/\/www.centrocamini.it\/shop\/wp-content\/uploads\/2021\/04\/Caratteristiche-bruciatore-4120-British-fires-768x332.jpg 768w, https:\/\/www.centrocamini.it\/shop\/wp-content\/uploads\/2021\/04\/Caratteristiche-bruciatore-4120-British-fires-600x259.jpg 600w\" sizes=\"(max-width: 1200px) 100vw, 1200px\" \/><\/p>\n<hr \/>\n<p><img decoding=\"async\" class=\"aligncenter wp-image-3544 size-full\" src=\"https:\/\/www.centrocamini.it\/shop\/wp-content\/uploads\/2021\/04\/Scheda-tecnica-Biobruciatore-4120.jpg\" alt=\"Scheda tecnica Biobruciatore 4120\" width=\"800\" height=\"800\" srcset=\"https:\/\/www.centrocamini.it\/shop\/wp-content\/uploads\/2021\/04\/Scheda-tecnica-Biobruciatore-4120.jpg 800w, https:\/\/www.centrocamini.it\/shop\/wp-content\/uploads\/2021\/04\/Scheda-tecnica-Biobruciatore-4120-300x300.jpg 300w, https:\/\/www.centrocamini.it\/shop\/wp-content\/uploads\/2021\/04\/Scheda-tecnica-Biobruciatore-4120-150x150.jpg 150w, https:\/\/www.centrocamini.it\/shop\/wp-content\/uploads\/2021\/04\/Scheda-tecnica-Biobruciatore-4120-768x768.jpg 768w, https:\/\/www.centrocamini.it\/shop\/wp-content\/uploads\/2021\/04\/Scheda-tecnica-Biobruciatore-4120-600x600.jpg 600w, https:\/\/www.centrocamini.it\/shop\/wp-content\/uploads\/2021\/04\/Scheda-tecnica-Biobruciatore-4120-100x100.jpg 100w\" sizes=\"(max-width: 800px) 100vw, 800px\" \/><\/p>\n<hr \/>\n<h3>Scarica la scheda tecnica del <a href=\"https:\/\/www.centrocamini.it\/shop\/wp-content\/uploads\/2021\/04\/Bruciatore-4120.pdf\">Bruciatore 4120<\/a><\/h3>\n<hr \/>\n<h4>Biobruciatori British Fires<\/h4>\n<p class=\"p1\"><span class=\"s1\">I <strong>bruciatori Xaralyn<\/strong> sono testati rispetto alla normativa DIN 4734-1 che ne attesta gli aspetti di sicurezza del prodotto. Al contrario dei bruciatori con serbatoio a fessura aperta, in questo bruciatore la garanzia di sicurezza \u00e8 data dalla pietra porosa posta al suo interno grazie alla quale il <strong>bioetanolo<\/strong> viene assorbito e rilasciato gradualmente in fase gassosa. Il bioetanolo rimane imprigionato nella pietra evitando cos\u00ec fuoriuscite di liquido. Il risultato \u00e8 un fuoco controllabile, pratico e sicuro. Una corretta combustione \u00e8 garantita solo in combinazione con il combustibile fornito da noi.<\/span><\/p>\n<p><img decoding=\"async\" class=\"size-medium wp-image-3543 aligncenter\" src=\"https:\/\/www.centrocamini.it\/shop\/wp-content\/uploads\/2021\/04\/Bruciatore-4120-British-Fires-300x300.jpg\" alt=\"Bruciatore 4120 British Fires\" width=\"300\" height=\"300\" srcset=\"https:\/\/www.centrocamini.it\/shop\/wp-content\/uploads\/2021\/04\/Bruciatore-4120-British-Fires-300x300.jpg 300w, https:\/\/www.centrocamini.it\/shop\/wp-content\/uploads\/2021\/04\/Bruciatore-4120-British-Fires-150x150.jpg 150w, https:\/\/www.centrocamini.it\/shop\/wp-content\/uploads\/2021\/04\/Bruciatore-4120-British-Fires-768x768.jpg 768w, https:\/\/www.centrocamini.it\/shop\/wp-content\/uploads\/2021\/04\/Bruciatore-4120-British-Fires-600x600.jpg 600w, https:\/\/www.centrocamini.it\/shop\/wp-content\/uploads\/2021\/04\/Bruciatore-4120-British-Fires-100x100.jpg 100w, https:\/\/www.centrocamini.it\/shop\/wp-content\/uploads\/2021\/04\/Bruciatore-4120-British-Fires.jpg 800w\" sizes=\"(max-width: 300px) 100vw, 300px\" \/><\/p>\n<p>Oltre a questi la collezione prevedere dei <strong>bruciatori elettronici XFLAME<\/strong> con controllo tramite telecomando prodotti da Art Fireplaces, azienda di Hong Kong all\u2019avanguardia nella produzione di prodotti a bioetanolo.<\/p>\n<h4 class=\"p1\"><b>Perch\u00e8 scegliere i Camini a bioetanolo<\/b><\/h4>\n<p class=\"p2\">Non hai la canna fumaria, n\u00e9 i permessi per costruirne una nuova: non rinunciare al sogno del <strong>camino<\/strong>! Tra le soluzioni che ti possiamo offrire, il <strong>biocamino<\/strong> \u00e8 la pi\u00f9 pratica: grazie a un\u2019installazione semplice e veloce, <strong>senza fare lavori in muratura<\/strong> potrai anche tu accogliere un focolare nella tua casa.<\/p>\n<p class=\"p2\">Nella nostra collezione di camini a bioetanolo troverai modelli da incassare a parete e altri da appendere, proprio come fossero opere d\u2019arte: <strong>anche se hai una casa piccola<\/strong>, ogni spazio pu\u00f2 essere quello giusto per il tuo biocamino. La componente fondamentale di questi focolari \u00e8 il <strong>bruciatore<\/strong>: tra le nostre proposte troverai solo modelli conformi alla direttiva DIN 4734-1, sinonimo di <strong>sicurezza e qualit\u00e0<\/strong>.<\/p>\n<p class=\"p2\">Il <strong>combustibile dei biocamini \u00e8 il bioetanolo<\/strong>, un alcol di origine biologica, frutto della lavorazione di biomasse e di altri elementi ricchi di glucosio. Nel serbatoio del camino \u00e8 inserita una particolare pietra ceramica che assorbe il bioetanolo liquido: con questo sistema, l\u2019alcol rimane all\u2019interno della pietra ceramica, senza rischio che si diffonda nell\u2019ambiente circostante. La fiamma generata dai vapori dell\u2019alcol \u00e8 molto simile a quella del tradizionale camino a legna, con il vantaggio di non produrre cenere, fumo o scintille. E se sceglierai di decorare il tuo biocamino con la legna in fibroceramica, sar\u00e0 davvero difficile trovare le differenze con i camini di una volta.<\/p>\n","protected":false},"excerpt":{"rendered":"<p><strong>Bruciatore 4120 British Fires<\/strong> a bioetanolo senza bordo da libera progettazione. Si pu\u00f2 inserire in un box metallico oppure in un camino pre esistente.<\/p>\n<p>Nel <strong>serbatoio del bruciatore<\/strong> \u00e8 inserita una particolare pietra ceramica che assorbe il bioetanolo liquido: con questo sistema, l\u2019alcol rimane all\u2019interno della pietra ceramica, senza rischio che si diffonda nell\u2019ambiente circostante.<\/p>\n<p>La fiamma generata dai vapori dell\u2019alcol \u00e8 molto simile a quella del tradizionale <strong>camino a legna<\/strong>, con il vantaggio di non produrre cenere, fumo o scintille.<\/p>\n","protected":false},"featured_media":3541,"template":"","meta":{"site-sidebar-layout":"default","site-content-layout":"default","ast-site-content-layout":"default","site-content-style":"default","site-sidebar-style":"default","ast-global-header-display":"","ast-banner-title-visibility":"","ast-main-header-display":"","ast-hfb-above-header-display":"","ast-hfb-below-header-display":"","ast-hfb-mobile-header-display":"","site-post-title":"","ast-breadcrumbs-content":"","ast-featured-img":"","footer-sml-layout":"","ast-disable-related-posts":"","theme-transparent-header-meta":"default","adv-header-id-meta":"","stick-header-meta":"","header-above-stick-meta":"","header-main-stick-meta":"","header-below-stick-meta":"","astra-migrate-meta-layouts":"set","ast-page-background-enabled":"default","ast-page-background-meta":{"desktop":{"background-color":"","background-image":"","background-repeat":"repeat","background-position":"center center","background-size":"auto","background-attachment":"scroll","background-type":"","background-media":"","overlay-type":"","overlay-color":"","overlay-opacity":"","overlay-gradient":""},"tablet":{"background-color":"","background-image":"","background-repeat":"repeat","background-position":"center center","background-size":"auto","background-attachment":"scroll","background-type":"","background-media":"","overlay-type":"","overlay-color":"","overlay-opacity":"","overlay-gradient":""},"mobile":{"background-color":"","background-image":"","background-repeat":"repeat","background-position":"center center","background-size":"auto","background-attachment":"scroll","background-type":"","background-media":"","overlay-type":"","overlay-color":"","overlay-opacity":"","overlay-gradient":""}},"ast-content-background-meta":{"desktop":{"background-color":"var(--ast-global-color-5)","background-image":"","background-repeat":"repeat","background-position":"center center","background-size":"auto","background-attachment":"scroll","background-type":"","background-media":"","overlay-type":"","overlay-color":"","overlay-opacity":"","overlay-gradient":""},"tablet":{"background-color":"var(--ast-global-color-5)","background-image":"","background-repeat":"repeat","background-position":"center center","background-size":"auto","background-attachment":"scroll","background-type":"","background-media":"","overlay-type":"","overlay-color":"","overlay-opacity":"","overlay-gradient":""},"mobile":{"background-color":"var(--ast-global-color-5)","background-image":"","background-repeat":"repeat","background-position":"center center","background-size":"auto","background-attachment":"scroll","background-type":"","background-media":"","overlay-type":"","overlay-color":"","overlay-opacity":"","overlay-gradient":""}}},"product_brand":[],"product_cat":[31],"product_tag":[34,33,35],"class_list":{"0":"post-3536","1":"product","2":"type-product","3":"status-publish","4":"has-post-thumbnail","6":"product_cat-biocamini","7":"product_tag-biocamini","8":"product_tag-british-fires","9":"product_tag-camini-completi","10":"desktop-align-center","11":"tablet-align-left","12":"mobile-align-left","14":"first","15":"instock","16":"taxable","17":"shipping-taxable","18":"purchasable","19":"product-type-simple"},"_links":{"self":[{"href":"https:\/\/www.centrocamini.it\/shop\/wp-json\/wp\/v2\/product\/3536","targetHints":{"allow":["GET"]}}],"collection":[{"href":"https:\/\/www.centrocamini.it\/shop\/wp-json\/wp\/v2\/product"}],"about":[{"href":"https:\/\/www.centrocamini.it\/shop\/wp-json\/wp\/v2\/types\/product"}],"version-history":[{"count":1,"href":"https:\/\/www.centrocamini.it\/shop\/wp-json\/wp\/v2\/product\/3536\/revisions"}],"predecessor-version":[{"id":8448,"href":"https:\/\/www.centrocamini.it\/shop\/wp-json\/wp\/v2\/product\/3536\/revisions\/8448"}],"wp:featuredmedia":[{"embeddable":true,"href":"https:\/\/www.centrocamini.it\/shop\/wp-json\/wp\/v2\/media\/3541"}],"wp:attachment":[{"href":"https:\/\/www.centrocamini.it\/shop\/wp-json\/wp\/v2\/media?parent=3536"}],"wp:term":[{"taxonomy":"product_brand","embeddable":true,"href":"https:\/\/www.centrocamini.it\/shop\/wp-json\/wp\/v2\/product_brand?post=3536"},{"taxonomy":"product_cat","embeddable":true,"href":"https:\/\/www.centrocamini.it\/shop\/wp-json\/wp\/v2\/product_cat?post=3536"},{"taxonomy":"product_tag","embeddable":true,"href":"https:\/\/www.centrocamini.it\/shop\/wp-json\/wp\/v2\/product_tag?post=3536"}],"curies":[{"name":"wp","href":"https:\/\/api.w.org\/{rel}","templated":true}]}}