{"id":3690,"date":"2021-04-12T22:22:06","date_gmt":"2021-04-12T20:22:06","guid":{"rendered":"https:\/\/www.centrocamini.it\/shop\/?post_type=product&#038;p=3690"},"modified":"2021-04-12T22:36:03","modified_gmt":"2021-04-12T20:36:03","slug":"camino-a-gas-con-tecnologia-catalitica-x-fire-linea-british-fires","status":"publish","type":"product","link":"https:\/\/www.centrocamini.it\/shop\/prodotto\/camino-a-gas-con-tecnologia-catalitica-x-fire-linea-british-fires\/","title":{"rendered":"Camino a gas con tecnologia catalitica X-fire Linea British Fires"},"content":{"rendered":"<h3>Caratteristiche del Camino a gas con tecnologia catalitica X-fire Linea British Fires<\/h3>\n<hr \/>\n<p><img fetchpriority=\"high\" decoding=\"async\" class=\"aligncenter wp-image-3693 size-full\" src=\"https:\/\/www.centrocamini.it\/shop\/wp-content\/uploads\/2021\/04\/Caratteristiche-camino-X-fire-Linea.jpg\" alt=\"Caratteristiche camino X-fire Linea\" width=\"1200\" height=\"685\" srcset=\"https:\/\/www.centrocamini.it\/shop\/wp-content\/uploads\/2021\/04\/Caratteristiche-camino-X-fire-Linea.jpg 1200w, https:\/\/www.centrocamini.it\/shop\/wp-content\/uploads\/2021\/04\/Caratteristiche-camino-X-fire-Linea-300x171.jpg 300w, https:\/\/www.centrocamini.it\/shop\/wp-content\/uploads\/2021\/04\/Caratteristiche-camino-X-fire-Linea-1024x585.jpg 1024w, https:\/\/www.centrocamini.it\/shop\/wp-content\/uploads\/2021\/04\/Caratteristiche-camino-X-fire-Linea-768x438.jpg 768w, https:\/\/www.centrocamini.it\/shop\/wp-content\/uploads\/2021\/04\/Caratteristiche-camino-X-fire-Linea-600x343.jpg 600w\" sizes=\"(max-width: 1200px) 100vw, 1200px\" \/><\/p>\n<hr \/>\n<p><img decoding=\"async\" class=\"aligncenter wp-image-3694 size-full\" src=\"https:\/\/www.centrocamini.it\/shop\/wp-content\/uploads\/2021\/04\/Scheda-tecnica-camino-X-fire-Linea.jpg\" alt=\"Scheda tecnica camino X-fire Linea\" width=\"800\" height=\"800\" srcset=\"https:\/\/www.centrocamini.it\/shop\/wp-content\/uploads\/2021\/04\/Scheda-tecnica-camino-X-fire-Linea.jpg 800w, https:\/\/www.centrocamini.it\/shop\/wp-content\/uploads\/2021\/04\/Scheda-tecnica-camino-X-fire-Linea-300x300.jpg 300w, https:\/\/www.centrocamini.it\/shop\/wp-content\/uploads\/2021\/04\/Scheda-tecnica-camino-X-fire-Linea-150x150.jpg 150w, https:\/\/www.centrocamini.it\/shop\/wp-content\/uploads\/2021\/04\/Scheda-tecnica-camino-X-fire-Linea-768x768.jpg 768w, https:\/\/www.centrocamini.it\/shop\/wp-content\/uploads\/2021\/04\/Scheda-tecnica-camino-X-fire-Linea-600x600.jpg 600w, https:\/\/www.centrocamini.it\/shop\/wp-content\/uploads\/2021\/04\/Scheda-tecnica-camino-X-fire-Linea-100x100.jpg 100w\" sizes=\"(max-width: 800px) 100vw, 800px\" \/><\/p>\n<hr \/>\n<h3><em><strong>Scarica la scheda tecnica del <\/strong><\/em><a href=\"https:\/\/www.centrocamini.it\/shop\/wp-content\/uploads\/2021\/04\/Scheda-tecnica-XFIRE_linea.pdf\"><em><strong>Camino X-FIRE Linea<\/strong><\/em><\/a><\/h3>\n<hr \/>\n<div class=\"sk-entry sk-single-tech__details-col\">\n<div class=\"sk-single-tech__details-item\">\n<div><strong>Note tecniche<\/strong><\/div>\n<div class=\"sk-single-tech__details-item-wrap\"><span class=\"sk-single-tech__details-item-value\">Per portata termica lorda di 4 kw \u00e8 richiesto un ambiente di 40 m\u00b3 ed una ventilazione da 100 cm\u00b2. Per portata termica lorda di 5 kw \u00e8 richiesto un ambiente di 50 m\u00b3 ed una ventilazione da 200 cm\u00b2. Per portata termica lorda di 6 kw \u00e8 richiesto un ambiente di 60 m\u00b3 ed una ventilazione da 250 cm\u00b2.<\/span><\/div>\n<div>Prima della messa in servizio e di eseguire le procedure di prova, assicurarsi che la volumetria del locale e la presa d\u2019aria siano idonee alla portata termica del camino.<\/div>\n<\/div>\n<\/div>\n<div class=\"sk-entry sk-single-tech__details-col\">\n<div class=\"sk-single-tech__details-item\">\n<div class=\"sk-single-tech__details-item-wrap\"><\/div>\n<\/div>\n<\/div>\n<h3 class=\"p1\"><span class=\"s1\"><b>Camini con <\/b><\/span>Tecnologia Catalitica British Fires<\/h3>\n<h4><strong>Combustione pulita<\/strong><\/h4>\n<p>I <strong>Camini a gas con tecnologia catalitica<\/strong> hanno una combustione estremamente pulita grazie alla loro avanzata tecnologia. Tutti i gas residui della combustione vengono filtrati attraverso un catalizzatore e trasformati in innocua anidride carbonica e vapore acqueo.<\/p>\n<h4><strong>100% efficiente<\/strong><\/h4>\n<p>I <strong>Camini a gas<\/strong> che usano una canna fumaria tradizionale disperdono fino al 92% di calore. Tutto il calore prodotto dalle stufe catalitiche viene usato per scaldare l\u2019ambiente.<\/p>\n<h3><strong>Sicurezza<\/strong><\/h3>\n<p>Ogni prodotto prima di lasciare la fabbrica viene testato per circa 30 minuti. Il <strong>catalizzatore<\/strong> non va sostituito, test specifici ne stimano l\u2019efficienza oltre i trenta anni.<\/p>\n<h4><strong>Requisiti per l\u2019installazione<\/strong><\/h4>\n<p>Questi focolari devono sempre essere installati secondo le norme vigenti. Non possono essere installati in camere da letto, bagni o seminterrati. Necessitano di due prese d\u2019aria per l\u2019areazione dell\u2019ambiente in base ai Kw di potenza del camino.<\/p>\n<h4><strong>Camini esistenti<\/strong><\/h4>\n<p>Se avete a disposizione un <strong>vecchio caminetto a legna<\/strong> che non accendete pi\u00f9 oppure desiderate semplicemente ammodernarlo, questi inserti a gas sono la soluzione ottimale.<\/p>\n<p>Si possono infatti inserire dei <strong>bracieri in ghisa<\/strong> all\u2019interno del camino oppure incassare dei bruciatori sul piano fuoco; questo vi permetter\u00e0 di tornare ad utilizzare il vostro vecchio camino ma con un fuoco pulito, senza pi\u00f9 produrre fumo e cenere.<\/p>\n<h4><strong>Accessori e dotazioni<\/strong><\/h4>\n<p>La maggior parte dei focolari si controllano tramite telecomando, solo alcuni braciere hanno l\u2019opportunit\u00e0 di scegliere il controllo manuale. Tramite il <strong>telecomando<\/strong> si pu\u00f2 accendere, spegnere e regolare la fiamma.<\/p>\n<h3><b style=\"font-size: 1.3em;font-style: inherit\">Perch\u00e8 scegliere i Camini a gas<\/b><\/h3>\n<p class=\"p2\">Sai che la tua casa pu\u00f2 accogliere un\u00a0<strong>meraviglioso camino, anche in assenza di canna fumaria?<\/strong>\u00a0Il camino a gas porter\u00e0 con s\u00e9 tutto il calore e l\u2019atmosfera di quelle serate d\u2019inverno, in cui trascorrere delle ore davanti al fuoco, da soli o in compagnia, ti regaler\u00e0 emozioni senza tempo.<\/p>\n<p class=\"p2\">Nella nostra collezione di camini, caminetti e bruciatori potrai scegliere tra circa cento modelli diversi suddivisi in cinque linee principali, pensate per incontrare ogni gusto estetico ed esigenza.<\/p>\n<p>In assenza di canna fumaria, o di un camino preesistente da sfruttare, potrai scegliere invece tra i\u00a0<strong>camini a gas con tecnologia catalitica<\/strong>: il loro design raffinato li rende veri e propri capolavori nel settore, anche da appendere alla parete. Grazie a un catalizzatore, questi camini trasformano i gas combusti in vapore acqueo e anidride carbonica.<\/p>\n","protected":false},"excerpt":{"rendered":"<p>L\u2019<strong>X-Fire<\/strong> \u00e8 un <strong>camino a gas con tecnologia catalitica<\/strong> e non necessita n\u00e9 di canna fumaria, n\u00e9 di tubatura di scarico dei gas combusti.<\/p>\n<p>Il <strong>catalizzatore<\/strong> posto nella parte superiore infatti filtra i gas combusti e li trasforma in vapore acque ed anidride carbonica.<\/p>\n<p>L\u2019effetto fiamma \u00e8 composto da legna in fibra di ceramica, scaglie di carbone ed effetto brace generato grazie alle <strong>luci LED<\/strong> nascoste sotto il piano fuoco.<\/p>\n<p>Niente pi\u00f9 tubature che attraversano la stanza, niente pi\u00f9 travature da oltrepassare, ma un <strong>camino che pu\u00f2 essere posizionato in qualsiasi ambiente della casa<\/strong>.<\/p>\n<p><strong>Telecomando<\/strong> di ultima generazione a dieci tasti in dotazione. Lasciati emozionare da un bel caminetto acceso, riempi di calore e passione la tua casa, accendi un <strong>caminetto catalitico X-Fire<\/strong>.<\/p>\n","protected":false},"featured_media":3691,"template":"","meta":{"site-sidebar-layout":"default","site-content-layout":"default","ast-site-content-layout":"default","site-content-style":"default","site-sidebar-style":"default","ast-global-header-display":"","ast-banner-title-visibility":"","ast-main-header-display":"","ast-hfb-above-header-display":"","ast-hfb-below-header-display":"","ast-hfb-mobile-header-display":"","site-post-title":"","ast-breadcrumbs-content":"","ast-featured-img":"","footer-sml-layout":"","ast-disable-related-posts":"","theme-transparent-header-meta":"default","adv-header-id-meta":"","stick-header-meta":"","header-above-stick-meta":"","header-main-stick-meta":"","header-below-stick-meta":"","astra-migrate-meta-layouts":"default","ast-page-background-enabled":"default","ast-page-background-meta":{"desktop":{"background-color":"","background-image":"","background-repeat":"repeat","background-position":"center center","background-size":"auto","background-attachment":"scroll","background-type":"","background-media":"","overlay-type":"","overlay-color":"","overlay-opacity":"","overlay-gradient":""},"tablet":{"background-color":"","background-image":"","background-repeat":"repeat","background-position":"center center","background-size":"auto","background-attachment":"scroll","background-type":"","background-media":"","overlay-type":"","overlay-color":"","overlay-opacity":"","overlay-gradient":""},"mobile":{"background-color":"","background-image":"","background-repeat":"repeat","background-position":"center center","background-size":"auto","background-attachment":"scroll","background-type":"","background-media":"","overlay-type":"","overlay-color":"","overlay-opacity":"","overlay-gradient":""}},"ast-content-background-meta":{"desktop":{"background-color":"var(--ast-global-color-5)","background-image":"","background-repeat":"repeat","background-position":"center center","background-size":"auto","background-attachment":"scroll","background-type":"","background-media":"","overlay-type":"","overlay-color":"","overlay-opacity":"","overlay-gradient":""},"tablet":{"background-color":"var(--ast-global-color-5)","background-image":"","background-repeat":"repeat","background-position":"center center","background-size":"auto","background-attachment":"scroll","background-type":"","background-media":"","overlay-type":"","overlay-color":"","overlay-opacity":"","overlay-gradient":""},"mobile":{"background-color":"var(--ast-global-color-5)","background-image":"","background-repeat":"repeat","background-position":"center center","background-size":"auto","background-attachment":"scroll","background-type":"","background-media":"","overlay-type":"","overlay-color":"","overlay-opacity":"","overlay-gradient":""}}},"product_brand":[],"product_cat":[43],"product_tag":[33,39,41],"class_list":{"0":"post-3690","1":"product","2":"type-product","3":"status-publish","4":"has-post-thumbnail","6":"product_cat-camini-con-tecnologia-catalitica","7":"product_tag-british-fires","8":"product_tag-camino-a-gas","9":"product_tag-tecnologia-catalitica","10":"desktop-align-center","11":"tablet-align-left","12":"mobile-align-left","14":"first","15":"instock","16":"taxable","17":"shipping-taxable","18":"product-type-simple"},"_links":{"self":[{"href":"https:\/\/www.centrocamini.it\/shop\/wp-json\/wp\/v2\/product\/3690","targetHints":{"allow":["GET"]}}],"collection":[{"href":"https:\/\/www.centrocamini.it\/shop\/wp-json\/wp\/v2\/product"}],"about":[{"href":"https:\/\/www.centrocamini.it\/shop\/wp-json\/wp\/v2\/types\/product"}],"version-history":[{"count":1,"href":"https:\/\/www.centrocamini.it\/shop\/wp-json\/wp\/v2\/product\/3690\/revisions"}],"predecessor-version":[{"id":3695,"href":"https:\/\/www.centrocamini.it\/shop\/wp-json\/wp\/v2\/product\/3690\/revisions\/3695"}],"wp:featuredmedia":[{"embeddable":true,"href":"https:\/\/www.centrocamini.it\/shop\/wp-json\/wp\/v2\/media\/3691"}],"wp:attachment":[{"href":"https:\/\/www.centrocamini.it\/shop\/wp-json\/wp\/v2\/media?parent=3690"}],"wp:term":[{"taxonomy":"product_brand","embeddable":true,"href":"https:\/\/www.centrocamini.it\/shop\/wp-json\/wp\/v2\/product_brand?post=3690"},{"taxonomy":"product_cat","embeddable":true,"href":"https:\/\/www.centrocamini.it\/shop\/wp-json\/wp\/v2\/product_cat?post=3690"},{"taxonomy":"product_tag","embeddable":true,"href":"https:\/\/www.centrocamini.it\/shop\/wp-json\/wp\/v2\/product_tag?post=3690"}],"curies":[{"name":"wp","href":"https:\/\/api.w.org\/{rel}","templated":true}]}}