{"id":3832,"date":"2021-04-26T00:26:33","date_gmt":"2021-04-25T22:26:33","guid":{"rendered":"https:\/\/www.centrocamini.it\/shop\/?post_type=product&#038;p=3832"},"modified":"2024-03-23T18:40:32","modified_gmt":"2024-03-23T17:40:32","slug":"stufa-ventilata-a-pellet-king-14-0-air-termovana","status":"publish","type":"product","link":"https:\/\/www.centrocamini.it\/shop\/prodotto\/stufa-ventilata-a-pellet-king-14-0-air-termovana\/","title":{"rendered":"Stufa ventilata a pellet King 14.0 Air Termovana"},"content":{"rendered":"<h3>Caratteristiche della Stufa a pellet Air king 14.0 kW Termovana classe A+ conto termico 4 stelle, ermetica canalizzabile.<\/h3>\n<p class=\"fusion-responsive-typography-calculated\" data-fontsize=\"18\" data-lineheight=\"27px\"><strong>La stufa <\/strong>KING 14.0 \u00e8 la top di gamma. Tre regolazioni indipendenti, elettronica evoluta, enorme capacit\u00e0 di riscaldamento rendono questa stufa la regina della categoria. E&#8217; inoltre dotata di una funzione &#8220;Silent&#8221; che disattiva automaticamente i ventilatori della stufa a potenza 1 per garantire la massima silenziosit\u00e0. Prodotto in camera stagna.<\/p>\n<p><strong>PRINCIPALI CARATTERISTICHE:<\/strong><\/p>\n<ul>\n<li><strong>Stufa a pellet 13,3 kW.<\/strong><\/li>\n<li><strong>Misure 55 x 57 x 104 cm.<\/strong><\/li>\n<li><strong>Serbatoio da 16 kg.<\/strong><\/li>\n<li><strong>Consumo 1 kg\/ora<\/strong><\/li>\n<li><strong>Peso 121 kg<\/strong><\/li>\n<li><strong>Volume riscaldabile 264 mc.<\/strong><\/li>\n<li>Braciere in ghisa.<\/li>\n<li>Stufa ermetica.<\/li>\n<li>Classe A+.<\/li>\n<li>Colori disponibili: Rosso, bianco e antracite.<\/li>\n<li>Uscita fumi posteriori.<\/li>\n<li>Sistema di modulazione.<\/li>\n<li>Silenziosa.<\/li>\n<li>Programmazione giornaliera\/settimanale.<\/li>\n<li>5 Regolazioni di potenza.<\/li>\n<li>Display 5 lingue integrate.<\/li>\n<li>Vetro ceramico.<\/li>\n<li>Wifi (Optional)<\/li>\n<li>Telecomando (Optional)<\/li>\n<li>Cassetto cenere (Optional)<\/li>\n<\/ul>\n<h4 data-fontsize=\"18\" data-lineheight=\"27px\">Perch\u00e8 scegliere una stufa a pellet Termovana<\/h4>\n<p class=\"fusion-responsive-typography-calculated\" data-fontsize=\"18\" data-lineheight=\"27px\">Le <strong>stufe\u00a0TERMOVANA PELLET AIR<\/strong>\u00a0si distinguono per qualit\u00e0 e robustezza dei materiali utilizzati, originalit\u00e0 del design, sicurezza e alte prestazioni e la possibilit\u00e0 di canalizzazione per il riscaldamento delle stanze adiacenti.<\/p>\n<p class=\"fusion-responsive-typography-calculated\" data-fontsize=\"18\" data-lineheight=\"27px\">La\u00a0<strong>scheda elettronica\u00a0risulta tra le pi\u00f9 complete del settore<\/strong> e comprende:\u00a0accensioni giornaliere,\u00a0programma settimanale, schermo\u00a0LCD,\u00a05 velocit\u00e0 di ventilazione e di riscaldamento.\u00a0Progettate con la <strong>tecnologia innovativa<\/strong> della camera stagna vantano risultati da primato in ecologia, affidabilit\u00e0, sicurezza e possono essere installate in stanze dove ad altre stufe non verrebbe consentito.<\/p>\n<hr \/>\n<p><em><strong><a href=\"https:\/\/www.centrocamini.it\/shop\/wp-content\/uploads\/2021\/04\/SCARICA-LA-SCHEDA-TECNICA-DELLA-STUFA-A-PELLET-KING-14.0-TERMOVANA.pdf\">SCARICA LA SCHEDA TECNICA DELLA STUFA A PELLET KING 14.0 TERMOVANA<\/a><\/strong><\/em><\/p>\n<hr \/>\n<p class=\"fusion-responsive-typography-calculated\" data-fontsize=\"18\" data-lineheight=\"27px\"><img decoding=\"async\" src=\"https:\/\/www.worldglobaltrade.com\/image\/catalog\/DETTAGLI%20TERMOVANA\/I.jpg\" \/><\/p>\n","protected":false},"excerpt":{"rendered":"<p data-fontsize=\"18\" data-lineheight=\"27px\"><strong>La stufa a pellet King di Termovana<\/strong> \u00e8 una potente stufa canalizzabile a 2 vie indipendenti (regolabili singolarmente).<\/p>\n<p data-fontsize=\"18\" data-lineheight=\"27px\">Grazie alla <strong>camera stagna e al braciere in ghisa<\/strong>, il modello King garantisce prestazioni termiche ottimali, rispettando i migliori standard di rendimento e di emissioni.<\/p>\n<p data-fontsize=\"18\" data-lineheight=\"27px\">La\u00a0 possibilit\u00e0 di installazione dei tubi di scarico in verticale, consentono di installare la stufa ad una distanza minima di 5 cm.<\/p>\n<p>Optional 1: un kit di canalizzazione.<br \/>\nOptional 2: doppio kit di canalizzazione.<\/p>\n<p><strong>Colori disponibili: Bianco &#8211; Rosso &#8211; Antracite disponibili in pronta consegna<\/strong><\/p>\n","protected":false},"featured_media":3843,"template":"","meta":{"site-sidebar-layout":"default","site-content-layout":"default","ast-site-content-layout":"default","site-content-style":"default","site-sidebar-style":"default","ast-global-header-display":"","ast-banner-title-visibility":"","ast-main-header-display":"","ast-hfb-above-header-display":"","ast-hfb-below-header-display":"","ast-hfb-mobile-header-display":"","site-post-title":"","ast-breadcrumbs-content":"","ast-featured-img":"","footer-sml-layout":"","ast-disable-related-posts":"","theme-transparent-header-meta":"default","adv-header-id-meta":"","stick-header-meta":"","header-above-stick-meta":"","header-main-stick-meta":"","header-below-stick-meta":"","astra-migrate-meta-layouts":"set","ast-page-background-enabled":"default","ast-page-background-meta":{"desktop":{"background-color":"","background-image":"","background-repeat":"repeat","background-position":"center center","background-size":"auto","background-attachment":"scroll","background-type":"","background-media":"","overlay-type":"","overlay-color":"","overlay-opacity":"","overlay-gradient":""},"tablet":{"background-color":"","background-image":"","background-repeat":"repeat","background-position":"center center","background-size":"auto","background-attachment":"scroll","background-type":"","background-media":"","overlay-type":"","overlay-color":"","overlay-opacity":"","overlay-gradient":""},"mobile":{"background-color":"","background-image":"","background-repeat":"repeat","background-position":"center center","background-size":"auto","background-attachment":"scroll","background-type":"","background-media":"","overlay-type":"","overlay-color":"","overlay-opacity":"","overlay-gradient":""}},"ast-content-background-meta":{"desktop":{"background-color":"var(--ast-global-color-5)","background-image":"","background-repeat":"repeat","background-position":"center center","background-size":"auto","background-attachment":"scroll","background-type":"","background-media":"","overlay-type":"","overlay-color":"","overlay-opacity":"","overlay-gradient":""},"tablet":{"background-color":"var(--ast-global-color-5)","background-image":"","background-repeat":"repeat","background-position":"center center","background-size":"auto","background-attachment":"scroll","background-type":"","background-media":"","overlay-type":"","overlay-color":"","overlay-opacity":"","overlay-gradient":""},"mobile":{"background-color":"var(--ast-global-color-5)","background-image":"","background-repeat":"repeat","background-position":"center center","background-size":"auto","background-attachment":"scroll","background-type":"","background-media":"","overlay-type":"","overlay-color":"","overlay-opacity":"","overlay-gradient":""}}},"product_brand":[],"product_cat":[60],"product_tag":[62,61],"class_list":{"0":"post-3832","1":"product","2":"type-product","3":"status-publish","4":"has-post-thumbnail","6":"product_cat-stufe-a-pellet","7":"product_tag-stufa-a-pellet","8":"product_tag-termovana","9":"desktop-align-center","10":"tablet-align-left","11":"mobile-align-left","13":"first","14":"instock","15":"taxable","16":"shipping-taxable","17":"purchasable","18":"product-type-variable"},"_links":{"self":[{"href":"https:\/\/www.centrocamini.it\/shop\/wp-json\/wp\/v2\/product\/3832","targetHints":{"allow":["GET"]}}],"collection":[{"href":"https:\/\/www.centrocamini.it\/shop\/wp-json\/wp\/v2\/product"}],"about":[{"href":"https:\/\/www.centrocamini.it\/shop\/wp-json\/wp\/v2\/types\/product"}],"version-history":[{"count":5,"href":"https:\/\/www.centrocamini.it\/shop\/wp-json\/wp\/v2\/product\/3832\/revisions"}],"predecessor-version":[{"id":8288,"href":"https:\/\/www.centrocamini.it\/shop\/wp-json\/wp\/v2\/product\/3832\/revisions\/8288"}],"wp:featuredmedia":[{"embeddable":true,"href":"https:\/\/www.centrocamini.it\/shop\/wp-json\/wp\/v2\/media\/3843"}],"wp:attachment":[{"href":"https:\/\/www.centrocamini.it\/shop\/wp-json\/wp\/v2\/media?parent=3832"}],"wp:term":[{"taxonomy":"product_brand","embeddable":true,"href":"https:\/\/www.centrocamini.it\/shop\/wp-json\/wp\/v2\/product_brand?post=3832"},{"taxonomy":"product_cat","embeddable":true,"href":"https:\/\/www.centrocamini.it\/shop\/wp-json\/wp\/v2\/product_cat?post=3832"},{"taxonomy":"product_tag","embeddable":true,"href":"https:\/\/www.centrocamini.it\/shop\/wp-json\/wp\/v2\/product_tag?post=3832"}],"curies":[{"name":"wp","href":"https:\/\/api.w.org\/{rel}","templated":true}]}}