{"id":3859,"date":"2021-04-26T01:45:08","date_gmt":"2021-04-25T23:45:08","guid":{"rendered":"https:\/\/www.centrocamini.it\/shop\/?post_type=product&#038;p=3859"},"modified":"2024-03-23T18:41:43","modified_gmt":"2024-03-23T17:41:43","slug":"stufa-ventilata-a-pellet-sofia-9-0-air-termovana","status":"publish","type":"product","link":"https:\/\/www.centrocamini.it\/shop\/prodotto\/stufa-ventilata-a-pellet-sofia-9-0-air-termovana\/","title":{"rendered":"Stufa ventilata a pellet Sofia 9.0 Air Termovana"},"content":{"rendered":"<h3>Caratteristiche della Stufa a pellet Sofia 9.0 Air kW Termovana classe A+ conto termico 4 stelle.<\/h3>\n<p class=\"fusion-responsive-typography-calculated\" data-fontsize=\"18\" data-lineheight=\"27px\"><strong>SOFIA 9.0<\/strong> \u00e8 la nuova stufa a pellet che racchiude tutte le caratteristiche per un riscaldamento ottimale. Ermetica, Eco Design 2022, conforme alla classe 4 stelle e con il massimo incentivo riconosciuto dal conto termico. Perfetta per riscaldare ampi ambienti ed economizzare al massimo i costi. Il design minimal mette in evidenza il dettaglio dei profili cromati ed il frontale colorato e si inserisce perfettamente in ogni stile di ambiente.<\/p>\n<h4>PRINCIPALI CARATTERISTICHE:<\/h4>\n<ul>\n<li><strong>Stufa a pellet da 8.90 kW.<\/strong><\/li>\n<li><strong>Misure 44 x 49 x 93 cm.<\/strong><\/li>\n<li><strong>Serbatoio da 22 kg.<\/strong><\/li>\n<li><strong>Consumo 0,54 kg\/ora<\/strong><\/li>\n<li><strong>Peso 80 kg<\/strong><\/li>\n<li><strong>Volume riscaldabile 195 mc.<\/strong><\/li>\n<li>Braciere in ghisa.<\/li>\n<li>Stufa ermetica.<\/li>\n<li>Classe A+.<\/li>\n<li>Colori disponibili: Rosso, bianco e antracite.<\/li>\n<li>Uscita fumi posteriori.<\/li>\n<li>Sistema di modulazione.<\/li>\n<li>Silenziosa.<\/li>\n<li>Programmazione giornaliera\/settimanale.<\/li>\n<li>5 Regolazioni di potenza.<\/li>\n<li>Display 5 lingue integrate.<\/li>\n<li>Vetro ceramico.<\/li>\n<li>Wifi (Optional)<\/li>\n<li>Telecomando (Optional)<\/li>\n<li>Cassetto cenere (Optional)<\/li>\n<\/ul>\n<h4 data-fontsize=\"18\" data-lineheight=\"27px\">Perch\u00e8 scegliere una stufa a pellet Termovana<\/h4>\n<p class=\"fusion-responsive-typography-calculated\" data-fontsize=\"18\" data-lineheight=\"27px\">Le <strong>stufe\u00a0TERMOVANA PELLET AIR<\/strong>\u00a0si distinguono per qualit\u00e0 e robustezza dei materiali utilizzati, originalit\u00e0 del design, sicurezza e alte prestazioni e la possibilit\u00e0 di canalizzazione per il riscaldamento delle stanze adiacenti.<\/p>\n<p class=\"fusion-responsive-typography-calculated\" data-fontsize=\"18\" data-lineheight=\"27px\">La\u00a0<strong>scheda elettronica\u00a0risulta tra le pi\u00f9 complete del settore<\/strong> e comprende:\u00a0accensioni giornaliere,\u00a0programma settimanale, schermo\u00a0LCD,\u00a05 velocit\u00e0 di ventilazione e di riscaldamento.\u00a0Progettate con la <strong>tecnologia innovativa<\/strong> della camera stagna vantano risultati da primato in ecologia, affidabilit\u00e0, sicurezza e possono essere installate in stanze dove ad altre stufe non verrebbe consentito.<\/p>\n<hr \/>\n<p><em><strong><a href=\"https:\/\/www.centrocamini.it\/shop\/wp-content\/uploads\/2021\/04\/SCARICA-LA-SCHEDA-TECNICA-DELLA-STUFA-A-PELLET-SOFIA-9.0.pdf\">SCARICA LA SCHEDA TECNICA DELLA STUFA A PELLET SOFIA 9.0<\/a><\/strong><\/em><\/p>\n<hr \/>\n<p class=\"fusion-responsive-typography-calculated\" data-fontsize=\"18\" data-lineheight=\"27px\"><img decoding=\"async\" src=\"https:\/\/www.worldglobaltrade.com\/image\/catalog\/DETTAGLI%20TERMOVANA\/I.jpg\" \/><\/p>\n","protected":false},"excerpt":{"rendered":"<p><strong>Stufa a pellet Sofia 9.0 Air Termovana<\/strong> classe A+,<span style=\"font-size: 16px;\"> ermetica dotata di: braciere inox, sistema di modulazione, 5 regolazioni della potenza e programmazione settimanale. Colore Antracite<\/span><\/p>\n<p><strong>PRODOTTO NON DISPONIBILE IN PRONTA CONSEGNA. DA ORDINARE<\/strong><\/p>\n","protected":false},"featured_media":3865,"template":"","meta":{"site-sidebar-layout":"default","site-content-layout":"default","ast-site-content-layout":"default","site-content-style":"default","site-sidebar-style":"default","ast-global-header-display":"","ast-banner-title-visibility":"","ast-main-header-display":"","ast-hfb-above-header-display":"","ast-hfb-below-header-display":"","ast-hfb-mobile-header-display":"","site-post-title":"","ast-breadcrumbs-content":"","ast-featured-img":"","footer-sml-layout":"","ast-disable-related-posts":"","theme-transparent-header-meta":"default","adv-header-id-meta":"","stick-header-meta":"","header-above-stick-meta":"","header-main-stick-meta":"","header-below-stick-meta":"","astra-migrate-meta-layouts":"set","ast-page-background-enabled":"default","ast-page-background-meta":{"desktop":{"background-color":"","background-image":"","background-repeat":"repeat","background-position":"center center","background-size":"auto","background-attachment":"scroll","background-type":"","background-media":"","overlay-type":"","overlay-color":"","overlay-opacity":"","overlay-gradient":""},"tablet":{"background-color":"","background-image":"","background-repeat":"repeat","background-position":"center center","background-size":"auto","background-attachment":"scroll","background-type":"","background-media":"","overlay-type":"","overlay-color":"","overlay-opacity":"","overlay-gradient":""},"mobile":{"background-color":"","background-image":"","background-repeat":"repeat","background-position":"center center","background-size":"auto","background-attachment":"scroll","background-type":"","background-media":"","overlay-type":"","overlay-color":"","overlay-opacity":"","overlay-gradient":""}},"ast-content-background-meta":{"desktop":{"background-color":"var(--ast-global-color-5)","background-image":"","background-repeat":"repeat","background-position":"center center","background-size":"auto","background-attachment":"scroll","background-type":"","background-media":"","overlay-type":"","overlay-color":"","overlay-opacity":"","overlay-gradient":""},"tablet":{"background-color":"var(--ast-global-color-5)","background-image":"","background-repeat":"repeat","background-position":"center center","background-size":"auto","background-attachment":"scroll","background-type":"","background-media":"","overlay-type":"","overlay-color":"","overlay-opacity":"","overlay-gradient":""},"mobile":{"background-color":"var(--ast-global-color-5)","background-image":"","background-repeat":"repeat","background-position":"center center","background-size":"auto","background-attachment":"scroll","background-type":"","background-media":"","overlay-type":"","overlay-color":"","overlay-opacity":"","overlay-gradient":""}}},"product_brand":[],"product_cat":[60],"product_tag":[62,61],"class_list":{"0":"post-3859","1":"product","2":"type-product","3":"status-publish","4":"has-post-thumbnail","6":"product_cat-stufe-a-pellet","7":"product_tag-stufa-a-pellet","8":"product_tag-termovana","9":"desktop-align-center","10":"tablet-align-left","11":"mobile-align-left","13":"first","14":"instock","15":"taxable","16":"shipping-taxable","17":"purchasable","18":"product-type-simple"},"_links":{"self":[{"href":"https:\/\/www.centrocamini.it\/shop\/wp-json\/wp\/v2\/product\/3859","targetHints":{"allow":["GET"]}}],"collection":[{"href":"https:\/\/www.centrocamini.it\/shop\/wp-json\/wp\/v2\/product"}],"about":[{"href":"https:\/\/www.centrocamini.it\/shop\/wp-json\/wp\/v2\/types\/product"}],"version-history":[{"count":6,"href":"https:\/\/www.centrocamini.it\/shop\/wp-json\/wp\/v2\/product\/3859\/revisions"}],"predecessor-version":[{"id":8436,"href":"https:\/\/www.centrocamini.it\/shop\/wp-json\/wp\/v2\/product\/3859\/revisions\/8436"}],"wp:featuredmedia":[{"embeddable":true,"href":"https:\/\/www.centrocamini.it\/shop\/wp-json\/wp\/v2\/media\/3865"}],"wp:attachment":[{"href":"https:\/\/www.centrocamini.it\/shop\/wp-json\/wp\/v2\/media?parent=3859"}],"wp:term":[{"taxonomy":"product_brand","embeddable":true,"href":"https:\/\/www.centrocamini.it\/shop\/wp-json\/wp\/v2\/product_brand?post=3859"},{"taxonomy":"product_cat","embeddable":true,"href":"https:\/\/www.centrocamini.it\/shop\/wp-json\/wp\/v2\/product_cat?post=3859"},{"taxonomy":"product_tag","embeddable":true,"href":"https:\/\/www.centrocamini.it\/shop\/wp-json\/wp\/v2\/product_tag?post=3859"}],"curies":[{"name":"wp","href":"https:\/\/api.w.org\/{rel}","templated":true}]}}