{"id":3959,"date":"2021-04-29T18:43:44","date_gmt":"2021-04-29T16:43:44","guid":{"rendered":"https:\/\/www.centrocamini.it\/shop\/?post_type=product&#038;p=3959"},"modified":"2024-03-24T21:41:13","modified_gmt":"2024-03-24T20:41:13","slug":"barbecue-a-gas-baron490-4-fuochi-con-fornello-laterale-broil-king","status":"publish","type":"product","link":"https:\/\/www.centrocamini.it\/shop\/prodotto\/barbecue-a-gas-baron490-4-fuochi-con-fornello-laterale-broil-king\/","title":{"rendered":"Barbecue a gas Baron490 4 fuochi con fornello laterale Broil King"},"content":{"rendered":"<h3>Caratteristiche del Barbecue a gas Baron490 4 fuochi con fornello laterale Broil King.<\/h3>\n<p>Il barbecue Broil King\u00a0<strong>BARON 490<\/strong>\u00a0\u00e8\u00a0dotato di\u00a0<strong>4 bruciatori\u00a0Dual Tube<\/strong>\u00a0da 11.40 kw, un\u00a0<strong>fornello laterale<\/strong>\u00a0da 2.70 kw e un\u00a0<strong>bruciatore posteriore\u00a0<\/strong>da 4.40 kw.<br \/>\nIl\u00a0<strong>bruciatore Dual Tube<\/strong><strong>\u00a0<\/strong>\u00e8 stato brevettato e studiato per permettere una distribuzione omogenea del calore. Le due fiamme infatti scaldano in maniera uniforme il bruciatore.<br \/>\nIl\u00a0<strong>fornello laterale<\/strong><strong>\u00a0<\/strong>aggiunge 2.70 kw per garantirti grande funzionalit\u00e0 e tanto spazio per preparare i tuoi piatti.<br \/>\nLe\u00a0quattro\u00a0griglie\u00a0in ghisa pesante trattata, da cm 15&#215;43, assicurano una diffusione omogenea del calore e garantiscono robustezza con un elevato spessore. Il nuovo\u00a0trattamento di protezione\u00a0assicura durevolezza nel tempo.<br \/>\nIl barbecue \u00e8 dotato anche di\u00a0<strong>bruciatore posteriore<\/strong>\u00a0per\u00a0girarrosto\u00a0da 4.40 kw, per\u00a0una cottura ottimale.<br \/>\n<strong>Manopole Illuminate a LED.<\/strong><br \/>\nL&#8217;accensione \u00e8 elettronica.<br \/>\nIl barbecue\u00a0Broil King\u00a0<strong>BARON 490<\/strong>\u00a0\u00e8 provvisto di\u00a0diffusori di calore Flav-R-Wave\u00a0in acciaio inox, che permettono di vaporizzare i sughi di cottura ed evitare inutili fiammate.<br \/>\nLa\u00a0<strong>camera di cottura<\/strong><strong>\u00a0<\/strong>\u00e8 in\u00a0<strong>fusione di alluminio Thermacas<\/strong><strong>t<\/strong>\u00a0e regala una cottura perfetta e omogenea.<br \/>\nCappa in acciaio smaltato con\u00a0termometro\u00a0per il controllo della temperatura.<br \/>\nRegolatore di pressione 28\/30 mmbar incluso.<br \/>\nLa\u00a0griglia scaldavivande\u00a0ti aiuter\u00e0 a mantenere caldi i cibi cucinati.<br \/>\nMobile di sostegno\u00a0con antine frontali e\u00a0<strong>2 ripiani entrambi pieghevoli<\/strong>. Dotato di ruote regolabili con\u00a0piedini per assicurare la stabilit\u00e0.<br \/>\nPossibilit\u00e0 di averlo con\u00a0<strong>kit per gas metano<\/strong>,\u00a0reso disponibile dalla casa madre ed acquistabile separatamente, che permette cos\u00ec di mantenere la garanzia.<br \/>\nBroil King offre una\u00a0<strong>garanzia<\/strong> a vita\u00a0sulla fusione,\u00a010 anni\u00a0sui bruciatori,\u00a02 anni\u00a0su parti e verniciatura.<\/p>\n<p><strong>Specifiche tecniche.<\/strong><\/p>\n<ul>\n<li>Quattro bruciatori Dual Tube\u2122 da 11.40 kw<\/li>\n<li>Fornello laterale da 2.70 kw<\/li>\n<li>Bruciatore posteriore per girarrosto da 4.40 kw<\/li>\n<li>Camera di cottura in fusione di alluminio Thermacast\u2122<\/li>\n<li>Quattro griglie in ghisa pesante trattata<\/li>\n<li>Ingombro totale coperchio chiuso: L 146 cm &#8211; P 58 cm &#8211; H 117 cm<\/li>\n<li>Ingombro totale coperchio aperto: L 146 cm &#8211; P 66 cm &#8211; H 146 cm<\/li>\n<li>Dimensioni della griglia di cottura principale: 66 x 43 cm<\/li>\n<li>Larghezza barbecue con piani abbassati: 92 cm<\/li>\n<li>Peso del barbecue: 74 kg<\/li>\n<\/ul>\n<hr \/>\n<p><a href=\"https:\/\/www.centrocamini.it\/shop\/wp-content\/uploads\/2021\/04\/SCARICA-IL-MANUALE-DI-MONTAGGIO-DEL-BARON490-BROIL-KING.pdf\"><strong><em>SCARICA IL MANUALE DI MONTAGGIO DEL BARON490 BROIL KING<\/em><\/strong><\/a><\/p>\n<hr \/>\n<p><em><strong><a href=\"https:\/\/www.centrocamini.it\/shop\/wp-content\/uploads\/2021\/04\/SCARICA-IL-MANUALE-DUSO-DEL-BARON-490.pdf\">SCARICA IL MANUALE D&#8217;USO DEL BARON 490<\/a><\/strong><\/em><\/p>\n<hr \/>\n<h4 class=\"uppercase\"><strong>I Barbecue BARON LED serie 400.<\/strong><\/h4>\n<div>I modelli con quattro con\u00a0<strong>quattro bruciatori<\/strong>\u00a0in acciaio inox Dual-Tube\u2122 sono i pi\u00f9 selezionati dai consumatori di tutto il mondo, possono cucinare vari tipi di cibi contemporaneamente mantenendo un ingombro contenuto.<br \/>\nCon oltre 4.000cmq di superficie di cottura, il grande e profondo braciere in alluminio \u00e8 perfetto per cotture indirette di arrosti, pollame o pesci interi.<br \/>\nQuesti barbecue hanno entusiasmato gli utilizzatori in tutto il mondo per la facilit\u00e0 con cui si ottengono sempre grandi risultati.<br \/>\nTutte le versioni sono dotate di manopole illuminate a LED.<\/div>\n<h4>Perch\u00e8 scegliere Broil King.<\/h4>\n<p><strong>Broil King<\/strong>\u00a0\u00e8 il marchio del\u00a0<strong>Nord America<\/strong>\u00a0che costruisce barbecue dalle alte prestazioni e dalla grande affidabilit\u00e0, prestando particolare attenzione alla qualit\u00e0 dei materiali e alla capacit\u00e0 di cottura. Produce barbecue ispirati alle cucine professionali, dai dettagli curati e dalla grande versatilit\u00e0.<\/p>\n","protected":false},"excerpt":{"rendered":"<p>La linea professionale e di alto design contraddistinguono il nuovissimo <strong>Barbecue Baron 490<\/strong>, con camera di cottura in fusione di alluminio Thermacast.<\/p>\n<p>Un barbecue con\u00a0<strong>4 bruciatori<\/strong> Dual Tube, fornello laterale, completo di bruciatore posteriore e girarrosto.<\/p>\n<ul>\n<li>10 anni di garanzia sulla camera di cottura.<\/li>\n<li>2 anni di garanzia su parti e verniciatura.<\/li>\n<\/ul>\n","protected":false},"featured_media":3960,"template":"","meta":{"site-sidebar-layout":"default","site-content-layout":"default","ast-site-content-layout":"default","site-content-style":"default","site-sidebar-style":"default","ast-global-header-display":"","ast-banner-title-visibility":"","ast-main-header-display":"","ast-hfb-above-header-display":"","ast-hfb-below-header-display":"","ast-hfb-mobile-header-display":"","site-post-title":"","ast-breadcrumbs-content":"","ast-featured-img":"","footer-sml-layout":"","ast-disable-related-posts":"","theme-transparent-header-meta":"default","adv-header-id-meta":"","stick-header-meta":"","header-above-stick-meta":"","header-main-stick-meta":"","header-below-stick-meta":"","astra-migrate-meta-layouts":"set","ast-page-background-enabled":"default","ast-page-background-meta":{"desktop":{"background-color":"","background-image":"","background-repeat":"repeat","background-position":"center center","background-size":"auto","background-attachment":"scroll","background-type":"","background-media":"","overlay-type":"","overlay-color":"","overlay-opacity":"","overlay-gradient":""},"tablet":{"background-color":"","background-image":"","background-repeat":"repeat","background-position":"center center","background-size":"auto","background-attachment":"scroll","background-type":"","background-media":"","overlay-type":"","overlay-color":"","overlay-opacity":"","overlay-gradient":""},"mobile":{"background-color":"","background-image":"","background-repeat":"repeat","background-position":"center center","background-size":"auto","background-attachment":"scroll","background-type":"","background-media":"","overlay-type":"","overlay-color":"","overlay-opacity":"","overlay-gradient":""}},"ast-content-background-meta":{"desktop":{"background-color":"var(--ast-global-color-5)","background-image":"","background-repeat":"repeat","background-position":"center center","background-size":"auto","background-attachment":"scroll","background-type":"","background-media":"","overlay-type":"","overlay-color":"","overlay-opacity":"","overlay-gradient":""},"tablet":{"background-color":"var(--ast-global-color-5)","background-image":"","background-repeat":"repeat","background-position":"center center","background-size":"auto","background-attachment":"scroll","background-type":"","background-media":"","overlay-type":"","overlay-color":"","overlay-opacity":"","overlay-gradient":""},"mobile":{"background-color":"var(--ast-global-color-5)","background-image":"","background-repeat":"repeat","background-position":"center center","background-size":"auto","background-attachment":"scroll","background-type":"","background-media":"","overlay-type":"","overlay-color":"","overlay-opacity":"","overlay-gradient":""}}},"product_brand":[],"product_cat":[24],"product_tag":[49,48],"class_list":{"0":"post-3959","1":"product","2":"type-product","3":"status-publish","4":"has-post-thumbnail","6":"product_cat-barbecue","7":"product_tag-barbecue-a-gas","8":"product_tag-broil-king","9":"desktop-align-center","10":"tablet-align-left","11":"mobile-align-left","13":"first","14":"instock","15":"taxable","16":"shipping-taxable","17":"purchasable","18":"product-type-simple"},"_links":{"self":[{"href":"https:\/\/www.centrocamini.it\/shop\/wp-json\/wp\/v2\/product\/3959","targetHints":{"allow":["GET"]}}],"collection":[{"href":"https:\/\/www.centrocamini.it\/shop\/wp-json\/wp\/v2\/product"}],"about":[{"href":"https:\/\/www.centrocamini.it\/shop\/wp-json\/wp\/v2\/types\/product"}],"version-history":[{"count":2,"href":"https:\/\/www.centrocamini.it\/shop\/wp-json\/wp\/v2\/product\/3959\/revisions"}],"predecessor-version":[{"id":6170,"href":"https:\/\/www.centrocamini.it\/shop\/wp-json\/wp\/v2\/product\/3959\/revisions\/6170"}],"wp:featuredmedia":[{"embeddable":true,"href":"https:\/\/www.centrocamini.it\/shop\/wp-json\/wp\/v2\/media\/3960"}],"wp:attachment":[{"href":"https:\/\/www.centrocamini.it\/shop\/wp-json\/wp\/v2\/media?parent=3959"}],"wp:term":[{"taxonomy":"product_brand","embeddable":true,"href":"https:\/\/www.centrocamini.it\/shop\/wp-json\/wp\/v2\/product_brand?post=3959"},{"taxonomy":"product_cat","embeddable":true,"href":"https:\/\/www.centrocamini.it\/shop\/wp-json\/wp\/v2\/product_cat?post=3959"},{"taxonomy":"product_tag","embeddable":true,"href":"https:\/\/www.centrocamini.it\/shop\/wp-json\/wp\/v2\/product_tag?post=3959"}],"curies":[{"name":"wp","href":"https:\/\/api.w.org\/{rel}","templated":true}]}}