{"id":3970,"date":"2021-04-29T22:10:48","date_gmt":"2021-04-29T20:10:48","guid":{"rendered":"https:\/\/www.centrocamini.it\/shop\/?post_type=product&#038;p=3970"},"modified":"2024-03-24T20:07:08","modified_gmt":"2024-03-24T19:07:08","slug":"barbecue-a-gas-baron590-5-fuochi-con-fornello-laterale-broil-king","status":"publish","type":"product","link":"https:\/\/www.centrocamini.it\/shop\/prodotto\/barbecue-a-gas-baron590-5-fuochi-con-fornello-laterale-broil-king\/","title":{"rendered":"Barbecue a gas Baron590 5 fuochi con fornello laterale Broil King"},"content":{"rendered":"<h3>Caratteristiche del Barbecue a gas Baron590 5 fuochi con fornello laterale, girarrosto e bruciatore posteriore Broil King.<\/h3>\n<p>Il\u00a0<strong>Barbecue Baron 590 Broil King<\/strong>\u00a0\u00e8 adatto per cucinare in ambiente esterno, in terrazzo, veranda, porticato e giardino, ovunque sia presente una zona pranzo all&#8217;aria aperta. Questo barbecue pu\u00f2 essere utilizzato per\u00a0<strong>cotture dirette o indirette<\/strong>, secondo la tipologia di pietanza da preparare. La\u00a0<strong>cottura diretta<\/strong>\u00a0prevede l&#8217;accensione dei bruciatori e il posizionamento delle pietanze su tutta l&#8217;area di cottura, mentre la\u00a0<strong>cottura indiretta<\/strong> prevede l&#8217;accensione dei soli bruciatori esterni e il posizionamento dei cibi in corrispondenza di quelli centrali spenti.<\/p>\n<p>Baron 590 \u00e8 realizzato in acciaio verniciato a triplo strato di colore Nero, con\u00a0<strong>ripiani laterali abbassabili e asportabili<\/strong>\u00a0in alluminio e acciaio. La camera di cottura di Baron \u00e8 completamente realizzata in acciaio INOX con pareti laterali in fusione di alluminio e\u00a0<strong>cappa coibentata.\u00a0<\/strong><\/p>\n<p><strong>Caratteristiche principali del Barbecue Baron 590:<\/strong><\/p>\n<ul>\n<li>Dimensioni da chiuso: 163 x 58 x 117 cm.<\/li>\n<li>Dimensioni da aperto: 163 x 66 x 146 cm.<\/li>\n<li>Lunghezza BBQ con piani abbassati 110 cm.<\/li>\n<li>Dimensioni area di cottura: 83 x 43 cm.<\/li>\n<li>Accensione elettronica<\/li>\n<li>Griglia scaldavivande in acciaio porcellanato 83 x 21 cm.<\/li>\n<li>Bruciatore posteriore per girarrosto da 4,4 Kw.<\/li>\n<li>Regolatore di pressione 28\/30 mmbar incluso<\/li>\n<li>Termometro con sonda Accu-Temp<\/li>\n<li>Sistema di montaggio facilitato Reddi-Bilt<\/li>\n<\/ul>\n<p>Baron 590 \u00e8 realizzato con\u00a0<strong>5 bruciatori Dual Tube<\/strong>\u00a0da 15,5 Kw intermante in acciaio INOX, con doppio tubo e doppia erogazione del gas, che produce due linee di fuoco uniformi.In aggiunta \u00e8 presente un\u00a0<strong>girarrosto<\/strong>, con bruciatore dedicato e un\u00a0<strong>fornello laterale<\/strong>\u00a0sinistro da 2,7 Kw per le cotture che richiedono la pentola, come salse o contorni.<\/p>\n<p>Il diffusore di calore di Baron \u00e8\u00a0<strong>Flav-R-Wave in acciao INOX<\/strong>, un sistema che permette di insaporire le pietanze con i sughi di cottura, evitando le fiammate. Le griglie sono in<strong>\u00a0ghisa pesante trattata<\/strong>, per avere ottimi risultati di cottura e sono presenti due leccarde inferiori completamente estraibili. Baron \u00e8 dotato di\u00a0<strong>ruote regolabili con stabilizzatori.<\/strong><\/p>\n<hr \/>\n<p><em><strong><a href=\"https:\/\/www.centrocamini.it\/shop\/wp-content\/uploads\/2021\/04\/SCARICA-IL-MANUALE-DUSO-DEL-BARON590.pdf\">SCARICA IL MANUALE D&#8217;USO DEL BARON590<\/a><\/strong><\/em><\/p>\n<hr \/>\n<p><em><strong><a href=\"https:\/\/www.centrocamini.it\/shop\/wp-content\/uploads\/2021\/04\/SCARICA-IL-MANUALE-DI-MONTAGGIO-DEL-BARON590.pdf\">SCARICA IL MANUALE DI MONTAGGIO DEL BARON590<\/a><\/strong><\/em><\/p>\n<hr \/>\n<h4 class=\"uppercase\"><strong>BARON LED serie 500.<\/strong><\/h4>\n<p class=\"uppercase\">Questo linea \u00e8 la pi\u00f9 diffusa sul mercato mondiale. La versione con\u00a0<strong>cinque bruciatori<\/strong>\u00a0in acciaio inox Dual-Tube\u2122, con oltre 5.320 cmq di superficie di cottura, permette di cucinare vari tipi di cibi contemporaneamente.<br \/>\nE&#8217; dotato di\u00a0<strong>girarrosto<\/strong>\u00a0e\u00a0<strong>fornello laterale<\/strong>\u00a0e\u00a0<strong>manopole illuminate<\/strong>\u00a0a LED di serie. Il grande e profondo\u00a0<strong>braciere in alluminio<\/strong>\u00a0\u00e8 perfetto per cotture indirette di arrosti, pollame o pesci interi.<br \/>\nQuesti barbecue hanno entusiasmato gli utilizzatori in tutto il mondo per la facilit\u00e0 con cui si ottengono sempre grandi risultati.<\/p>\n<h4>Perch\u00e8 scegliere Broil King.<\/h4>\n<p><strong>Broil King<\/strong>\u00a0\u00e8 il marchio del\u00a0<strong>Nord America<\/strong>\u00a0che costruisce barbecue dalle alte prestazioni e dalla grande affidabilit\u00e0, prestando particolare attenzione alla qualit\u00e0 dei materiali e alla capacit\u00e0 di cottura. Produce barbecue ispirati alle cucine professionali, dai dettagli curati e dalla grande versatilit\u00e0.<\/p>\n","protected":false},"excerpt":{"rendered":"<p><strong>Baron 590<\/strong> \u00e8 un barbecue a gas con girarrosto, bruciatore posteriore, fornello laterale. Le griglie di cottura in ghisa pesante per ottenere eccellenti risultati di cottura.<\/p>\n<p>Realizzato interamente in <strong>acciaio inox inossidabile<\/strong> per una ritenzione del calore ottimale e durevole nel tempo. Piani laterali pieghevoli e asportabili. Progettati per ottimizzare ingombri.<\/p>\n<ul>\n<li>10 anni di garanzia sulla camera di cottura.<\/li>\n<li>2 anni di garanzia su parti e verniciatura.<\/li>\n<\/ul>\n","protected":false},"featured_media":3973,"template":"","meta":{"site-sidebar-layout":"default","site-content-layout":"default","ast-site-content-layout":"default","site-content-style":"default","site-sidebar-style":"default","ast-global-header-display":"","ast-banner-title-visibility":"","ast-main-header-display":"","ast-hfb-above-header-display":"","ast-hfb-below-header-display":"","ast-hfb-mobile-header-display":"","site-post-title":"","ast-breadcrumbs-content":"","ast-featured-img":"","footer-sml-layout":"","ast-disable-related-posts":"","theme-transparent-header-meta":"default","adv-header-id-meta":"","stick-header-meta":"","header-above-stick-meta":"","header-main-stick-meta":"","header-below-stick-meta":"","astra-migrate-meta-layouts":"set","ast-page-background-enabled":"default","ast-page-background-meta":{"desktop":{"background-color":"","background-image":"","background-repeat":"repeat","background-position":"center center","background-size":"auto","background-attachment":"scroll","background-type":"","background-media":"","overlay-type":"","overlay-color":"","overlay-opacity":"","overlay-gradient":""},"tablet":{"background-color":"","background-image":"","background-repeat":"repeat","background-position":"center center","background-size":"auto","background-attachment":"scroll","background-type":"","background-media":"","overlay-type":"","overlay-color":"","overlay-opacity":"","overlay-gradient":""},"mobile":{"background-color":"","background-image":"","background-repeat":"repeat","background-position":"center center","background-size":"auto","background-attachment":"scroll","background-type":"","background-media":"","overlay-type":"","overlay-color":"","overlay-opacity":"","overlay-gradient":""}},"ast-content-background-meta":{"desktop":{"background-color":"var(--ast-global-color-5)","background-image":"","background-repeat":"repeat","background-position":"center center","background-size":"auto","background-attachment":"scroll","background-type":"","background-media":"","overlay-type":"","overlay-color":"","overlay-opacity":"","overlay-gradient":""},"tablet":{"background-color":"var(--ast-global-color-5)","background-image":"","background-repeat":"repeat","background-position":"center center","background-size":"auto","background-attachment":"scroll","background-type":"","background-media":"","overlay-type":"","overlay-color":"","overlay-opacity":"","overlay-gradient":""},"mobile":{"background-color":"var(--ast-global-color-5)","background-image":"","background-repeat":"repeat","background-position":"center center","background-size":"auto","background-attachment":"scroll","background-type":"","background-media":"","overlay-type":"","overlay-color":"","overlay-opacity":"","overlay-gradient":""}}},"product_brand":[],"product_cat":[24],"product_tag":[49,48],"class_list":{"0":"post-3970","1":"product","2":"type-product","3":"status-publish","4":"has-post-thumbnail","6":"product_cat-barbecue","7":"product_tag-barbecue-a-gas","8":"product_tag-broil-king","9":"desktop-align-center","10":"tablet-align-left","11":"mobile-align-left","13":"first","14":"instock","15":"taxable","16":"shipping-taxable","17":"purchasable","18":"product-type-simple"},"_links":{"self":[{"href":"https:\/\/www.centrocamini.it\/shop\/wp-json\/wp\/v2\/product\/3970","targetHints":{"allow":["GET"]}}],"collection":[{"href":"https:\/\/www.centrocamini.it\/shop\/wp-json\/wp\/v2\/product"}],"about":[{"href":"https:\/\/www.centrocamini.it\/shop\/wp-json\/wp\/v2\/types\/product"}],"version-history":[{"count":2,"href":"https:\/\/www.centrocamini.it\/shop\/wp-json\/wp\/v2\/product\/3970\/revisions"}],"predecessor-version":[{"id":6266,"href":"https:\/\/www.centrocamini.it\/shop\/wp-json\/wp\/v2\/product\/3970\/revisions\/6266"}],"wp:featuredmedia":[{"embeddable":true,"href":"https:\/\/www.centrocamini.it\/shop\/wp-json\/wp\/v2\/media\/3973"}],"wp:attachment":[{"href":"https:\/\/www.centrocamini.it\/shop\/wp-json\/wp\/v2\/media?parent=3970"}],"wp:term":[{"taxonomy":"product_brand","embeddable":true,"href":"https:\/\/www.centrocamini.it\/shop\/wp-json\/wp\/v2\/product_brand?post=3970"},{"taxonomy":"product_cat","embeddable":true,"href":"https:\/\/www.centrocamini.it\/shop\/wp-json\/wp\/v2\/product_cat?post=3970"},{"taxonomy":"product_tag","embeddable":true,"href":"https:\/\/www.centrocamini.it\/shop\/wp-json\/wp\/v2\/product_tag?post=3970"}],"curies":[{"name":"wp","href":"https:\/\/api.w.org\/{rel}","templated":true}]}}