{"id":5135,"date":"2021-10-23T20:17:13","date_gmt":"2021-10-23T18:17:13","guid":{"rendered":"https:\/\/www.centrocamini.it\/shop\/?post_type=product&#038;p=5135"},"modified":"2022-10-17T19:37:06","modified_gmt":"2022-10-17T17:37:06","slug":"camino-elettrico-british-fires-26","status":"publish","type":"product","link":"https:\/\/www.centrocamini.it\/shop\/prodotto\/camino-elettrico-british-fires-26\/","title":{"rendered":"Camino elettrico ad acqua MFW British Fires"},"content":{"rendered":"<h3>Caratteristiche del Camino elettrico ad acqua MFW 100-150-200 British Fires<\/h3>\n<p>Il bruciatore a vapore della serie MFW \u00e8 semplice da installare dato che non ha bisogno di canna fumaria ne di altre predisposizioni. Si controlla comodamente tramite telecomando ed il colore pu\u00f2 essere cambiato tramite APP per smartphone. Non genera calore e utilizza acqua di rubinetto come combustibile.<\/p>\n<p><img fetchpriority=\"high\" decoding=\"async\" class=\"alignnone wp-image-5137 size-full\" src=\"https:\/\/www.centrocamini.it\/shop\/wp-content\/uploads\/2021\/10\/scheda-camino-ad-acqua-MFW-100-150-200-british-fires.png\" alt=\"scheda camino elettrico ad acqua MFW 100-150-200 british fires\" width=\"1200\" height=\"607\" srcset=\"https:\/\/www.centrocamini.it\/shop\/wp-content\/uploads\/2021\/10\/scheda-camino-ad-acqua-MFW-100-150-200-british-fires.png 1200w, https:\/\/www.centrocamini.it\/shop\/wp-content\/uploads\/2021\/10\/scheda-camino-ad-acqua-MFW-100-150-200-british-fires-300x152.png 300w, https:\/\/www.centrocamini.it\/shop\/wp-content\/uploads\/2021\/10\/scheda-camino-ad-acqua-MFW-100-150-200-british-fires-1024x518.png 1024w, https:\/\/www.centrocamini.it\/shop\/wp-content\/uploads\/2021\/10\/scheda-camino-ad-acqua-MFW-100-150-200-british-fires-768x388.png 768w, https:\/\/www.centrocamini.it\/shop\/wp-content\/uploads\/2021\/10\/scheda-camino-ad-acqua-MFW-100-150-200-british-fires-600x304.png 600w\" sizes=\"(max-width: 1200px) 100vw, 1200px\" \/><\/p>\n<p>&nbsp;<\/p>\n<p><img decoding=\"async\" class=\"alignnone wp-image-5136 size-full\" src=\"https:\/\/www.centrocamini.it\/shop\/wp-content\/uploads\/2021\/10\/dimensione-camino-ad-acqua-MFW-100-150-200-british-fires.png\" alt=\"dimensione camino elettrico ad acqua MFW 100-150-200 british fires\" width=\"568\" height=\"568\" srcset=\"https:\/\/www.centrocamini.it\/shop\/wp-content\/uploads\/2021\/10\/dimensione-camino-ad-acqua-MFW-100-150-200-british-fires.png 568w, https:\/\/www.centrocamini.it\/shop\/wp-content\/uploads\/2021\/10\/dimensione-camino-ad-acqua-MFW-100-150-200-british-fires-300x300.png 300w, https:\/\/www.centrocamini.it\/shop\/wp-content\/uploads\/2021\/10\/dimensione-camino-ad-acqua-MFW-100-150-200-british-fires-150x150.png 150w, https:\/\/www.centrocamini.it\/shop\/wp-content\/uploads\/2021\/10\/dimensione-camino-ad-acqua-MFW-100-150-200-british-fires-100x100.png 100w\" sizes=\"(max-width: 568px) 100vw, 568px\" \/><\/p>\n<p>&nbsp;<\/p>\n<h4><strong>Perch\u00e9 scegliere un camino elettrico a vapore serie MFW?<\/strong><\/h4>\n<p>Un camino ad acqua pu\u00f2 essere inserito in qualsiasi realizzazione senza porre limiti all\u2019immaginazione del progettista. E\u2019 un prodotto molto facile da installare dato che non ha bisogno ne di canna fumaria ne di altre predisposizioni. Si controlla comodamente tramite telecomando ed il colore pu\u00f2 essere cambiato tramite APP per smartphone. Non genera calore, motivo per cui pu\u00f2 essere utilizzato in qualsiasi periodo dell\u2019anno.<br \/>\nDal punto di vista del combustibile, utilizza normalissima acqua di rubinetto e non altri combustibili costosi.<\/p>\n<h4><strong>Nessun pericolo<\/strong><\/h4>\n<p>Questi bruciatori non hanno una vera fiamma ma un effetto fiamma che si genera dalla vaporizzazione dell\u2019acqua contenuta all\u2019interno del serbatoio. Sono quindi sicuri per tutti la famiglia e possono essere installati ovunque, in citt\u00e0 come in campagna. L\u2019effetto scenico conquister\u00e0 tutti i tuoi ospiti.<\/p>\n<h4><strong>Hotel e luoghi pubblici<\/strong><\/h4>\n<p>Ideale in luoghi pubblici o location dove transitano molte persone come alberghi, SPA o sale congressi dove le tradizionali fiamme potrebbero causare scottature o incidenti. Con i bruciatori a vapore gli arredatori e gli architetti hanno infinite possibilit\u00e0 di installazione, anche nelle camere di albergo, dove non \u00e8 possibile avere una fiamma vera si pu\u00f2 installare un bruciatore MFW in completa sicurezza.<\/p>\n<h4><strong>Bruciatori a vapore senza vetro<\/strong><\/h4>\n<p>Pratici, sicuri e senza vetro frontale, sono la soluzione ideale per chi \u00e8 alla ricerca di un camino essenziale e moderno. Fornendo il solo bruciatore, il progettista pu\u00f2 dare sfogo alla sua creativit\u00e0 per le realizzazioni pi\u00f9 ambizione.<\/p>\n<h4><strong>Cambio di colore<\/strong><\/h4>\n<p>Utilizzando l\u2019APP gratuita si pu\u00f2 cambiare il colore della fiamma, regolare l\u2019intensit\u00e0 luminosa, programmare le colorazioni e far variare il colore della fiamma in funzione di una musica.<\/p>\n<div style=\"width: 1280px;\" class=\"wp-video\"><video class=\"wp-video-shortcode\" id=\"video-5135-1\" width=\"1280\" height=\"720\" preload=\"metadata\" controls=\"controls\"><source type=\"video\/mp4\" src=\"https:\/\/www.centrocamini.it\/shop\/wp-content\/uploads\/2021\/10\/Camino-ad-acqua-serie-MFW-bruciatore-a-vapore.mp4?_=1\" \/><a href=\"https:\/\/www.centrocamini.it\/shop\/wp-content\/uploads\/2021\/10\/Camino-ad-acqua-serie-MFW-bruciatore-a-vapore.mp4\">https:\/\/www.centrocamini.it\/shop\/wp-content\/uploads\/2021\/10\/Camino-ad-acqua-serie-MFW-bruciatore-a-vapore.mp4<\/a><\/video><\/div>\n","protected":false},"excerpt":{"rendered":"<p>Il bruciatore a vapore della serie MFW \u00e8 semplice, non ha bisogno di canna fumaria ne di altre predisposizioni. Funziona con acqua di rubinetto, non serve acquistare carburante. Crea l&#8217;effetto fiamma con LED e vapore acqueo freddo.<br \/>\nDisponibile in 3 misure: 100, 150, 200 cm<\/p>\n","protected":false},"featured_media":5138,"template":"","meta":{"site-sidebar-layout":"default","site-content-layout":"default","ast-site-content-layout":"default","site-content-style":"default","site-sidebar-style":"default","ast-global-header-display":"","ast-banner-title-visibility":"","ast-main-header-display":"","ast-hfb-above-header-display":"","ast-hfb-below-header-display":"","ast-hfb-mobile-header-display":"","site-post-title":"","ast-breadcrumbs-content":"","ast-featured-img":"","footer-sml-layout":"","ast-disable-related-posts":"","theme-transparent-header-meta":"default","adv-header-id-meta":"","stick-header-meta":"","header-above-stick-meta":"","header-main-stick-meta":"","header-below-stick-meta":"","astra-migrate-meta-layouts":"default","ast-page-background-enabled":"default","ast-page-background-meta":{"desktop":{"background-color":"","background-image":"","background-repeat":"repeat","background-position":"center center","background-size":"auto","background-attachment":"scroll","background-type":"","background-media":"","overlay-type":"","overlay-color":"","overlay-opacity":"","overlay-gradient":""},"tablet":{"background-color":"","background-image":"","background-repeat":"repeat","background-position":"center center","background-size":"auto","background-attachment":"scroll","background-type":"","background-media":"","overlay-type":"","overlay-color":"","overlay-opacity":"","overlay-gradient":""},"mobile":{"background-color":"","background-image":"","background-repeat":"repeat","background-position":"center center","background-size":"auto","background-attachment":"scroll","background-type":"","background-media":"","overlay-type":"","overlay-color":"","overlay-opacity":"","overlay-gradient":""}},"ast-content-background-meta":{"desktop":{"background-color":"var(--ast-global-color-5)","background-image":"","background-repeat":"repeat","background-position":"center center","background-size":"auto","background-attachment":"scroll","background-type":"","background-media":"","overlay-type":"","overlay-color":"","overlay-opacity":"","overlay-gradient":""},"tablet":{"background-color":"var(--ast-global-color-5)","background-image":"","background-repeat":"repeat","background-position":"center center","background-size":"auto","background-attachment":"scroll","background-type":"","background-media":"","overlay-type":"","overlay-color":"","overlay-opacity":"","overlay-gradient":""},"mobile":{"background-color":"var(--ast-global-color-5)","background-image":"","background-repeat":"repeat","background-position":"center center","background-size":"auto","background-attachment":"scroll","background-type":"","background-media":"","overlay-type":"","overlay-color":"","overlay-opacity":"","overlay-gradient":""}}},"product_brand":[],"product_cat":[94],"product_tag":[33],"class_list":{"0":"post-5135","1":"product","2":"type-product","3":"status-publish","4":"has-post-thumbnail","6":"product_cat-camini-elettrici","7":"product_tag-british-fires","8":"desktop-align-center","9":"tablet-align-left","10":"mobile-align-left","12":"first","13":"instock","14":"taxable","15":"shipping-taxable","16":"purchasable","17":"product-type-simple"},"_links":{"self":[{"href":"https:\/\/www.centrocamini.it\/shop\/wp-json\/wp\/v2\/product\/5135","targetHints":{"allow":["GET"]}}],"collection":[{"href":"https:\/\/www.centrocamini.it\/shop\/wp-json\/wp\/v2\/product"}],"about":[{"href":"https:\/\/www.centrocamini.it\/shop\/wp-json\/wp\/v2\/types\/product"}],"version-history":[{"count":2,"href":"https:\/\/www.centrocamini.it\/shop\/wp-json\/wp\/v2\/product\/5135\/revisions"}],"predecessor-version":[{"id":5143,"href":"https:\/\/www.centrocamini.it\/shop\/wp-json\/wp\/v2\/product\/5135\/revisions\/5143"}],"wp:featuredmedia":[{"embeddable":true,"href":"https:\/\/www.centrocamini.it\/shop\/wp-json\/wp\/v2\/media\/5138"}],"wp:attachment":[{"href":"https:\/\/www.centrocamini.it\/shop\/wp-json\/wp\/v2\/media?parent=5135"}],"wp:term":[{"taxonomy":"product_brand","embeddable":true,"href":"https:\/\/www.centrocamini.it\/shop\/wp-json\/wp\/v2\/product_brand?post=5135"},{"taxonomy":"product_cat","embeddable":true,"href":"https:\/\/www.centrocamini.it\/shop\/wp-json\/wp\/v2\/product_cat?post=5135"},{"taxonomy":"product_tag","embeddable":true,"href":"https:\/\/www.centrocamini.it\/shop\/wp-json\/wp\/v2\/product_tag?post=5135"}],"curies":[{"name":"wp","href":"https:\/\/api.w.org\/{rel}","templated":true}]}}