{"id":6139,"date":"2022-02-16T21:54:02","date_gmt":"2022-02-16T20:54:02","guid":{"rendered":"https:\/\/www.centrocamini.it\/shop\/?post_type=product&#038;p=6139"},"modified":"2024-06-28T14:09:54","modified_gmt":"2024-06-28T12:09:54","slug":"camino-elettrico-impero-gmr","status":"publish","type":"product","link":"https:\/\/www.centrocamini.it\/shop\/prodotto\/camino-elettrico-impero-gmr\/","title":{"rendered":"Camino elettrico Impero GMR"},"content":{"rendered":"<h3>Caratteristiche tecniche del Camino elettrico Impero GMR<\/h3>\n<table class=\"woocommerce-product-attributes shop_attributes\">\n<tbody>\n<tr class=\"woocommerce-product-attributes-item woocommerce-product-attributes-item--weight\">\n<th class=\"woocommerce-product-attributes-item__label\">PESO<\/th>\n<td class=\"woocommerce-product-attributes-item__value\">42 kg<\/td>\n<\/tr>\n<tr class=\"woocommerce-product-attributes-item woocommerce-product-attributes-item--attribute_pa_b-c-ean-13\">\n<th class=\"woocommerce-product-attributes-item__label\">B.C. EAN 13<\/th>\n<td class=\"woocommerce-product-attributes-item__value\">8025950001923<\/td>\n<\/tr>\n<tr class=\"woocommerce-product-attributes-item woocommerce-product-attributes-item--attribute_pa_dimensione\">\n<th class=\"woocommerce-product-attributes-item__label\">DIMENSIONE<\/th>\n<td class=\"woocommerce-product-attributes-item__value\">89 x 34 x 93 cm<\/td>\n<\/tr>\n<tr class=\"woocommerce-product-attributes-item woocommerce-product-attributes-item--attribute_pa_dimensione-confezione\">\n<th class=\"woocommerce-product-attributes-item__label\">DIMENSIONE CONFEZIONE<\/th>\n<td class=\"woocommerce-product-attributes-item__value\">99 x 45 x 103 cm<\/td>\n<\/tr>\n<tr class=\"woocommerce-product-attributes-item woocommerce-product-attributes-item--attribute_pa_potenza\">\n<th class=\"woocommerce-product-attributes-item__label\">POTENZA<\/th>\n<td class=\"woocommerce-product-attributes-item__value\">900W \u2013 1800 W<\/td>\n<\/tr>\n<tr class=\"woocommerce-product-attributes-item woocommerce-product-attributes-item--attribute_pa_peso\">\n<th class=\"woocommerce-product-attributes-item__label\">PESO<\/th>\n<td class=\"woocommerce-product-attributes-item__value\">42 KG<\/td>\n<\/tr>\n<\/tbody>\n<\/table>\n","protected":false},"excerpt":{"rendered":"<p><strong>Camino elettrico Impero GMR<\/strong> composto da un inserto elettrico in acciaio e una struttura in polyform. La struttura si presenta <strong>gi\u00e0 assemblata<\/strong>.<\/p>\n<p>L\u2019inserto elettrico ha due impostazioni di potenza (900W \u2013 1800W); l\u2019effetto fiamma \u00e8 molto realistico e pu\u00f2 essere utilizzato indipendentemente dal calore. L\u2019altezza della fiamma \u00e8 regolabile.<\/p>\n<p>Il camino \u00e8 dotato di\u00a0<strong>telecomando<\/strong>. Il funzionamento pu\u00f2 essere regolato manualmente oppure programmato.<\/p>\n<p>Il timer prevede 3 programmi settimanali gi\u00e0 preimpostati con la possibilit\u00e0 di modificare la programmazione in base alle proprie necessit\u00e0.<\/p>\n","protected":false},"featured_media":6141,"template":"","meta":{"site-sidebar-layout":"default","site-content-layout":"default","ast-site-content-layout":"default","site-content-style":"default","site-sidebar-style":"default","ast-global-header-display":"","ast-banner-title-visibility":"","ast-main-header-display":"","ast-hfb-above-header-display":"","ast-hfb-below-header-display":"","ast-hfb-mobile-header-display":"","site-post-title":"","ast-breadcrumbs-content":"","ast-featured-img":"","footer-sml-layout":"","ast-disable-related-posts":"","theme-transparent-header-meta":"default","adv-header-id-meta":"","stick-header-meta":"","header-above-stick-meta":"","header-main-stick-meta":"","header-below-stick-meta":"","astra-migrate-meta-layouts":"set","ast-page-background-enabled":"default","ast-page-background-meta":{"desktop":{"background-color":"","background-image":"","background-repeat":"repeat","background-position":"center center","background-size":"auto","background-attachment":"scroll","background-type":"","background-media":"","overlay-type":"","overlay-color":"","overlay-opacity":"","overlay-gradient":""},"tablet":{"background-color":"","background-image":"","background-repeat":"repeat","background-position":"center center","background-size":"auto","background-attachment":"scroll","background-type":"","background-media":"","overlay-type":"","overlay-color":"","overlay-opacity":"","overlay-gradient":""},"mobile":{"background-color":"","background-image":"","background-repeat":"repeat","background-position":"center center","background-size":"auto","background-attachment":"scroll","background-type":"","background-media":"","overlay-type":"","overlay-color":"","overlay-opacity":"","overlay-gradient":""}},"ast-content-background-meta":{"desktop":{"background-color":"var(--ast-global-color-5)","background-image":"","background-repeat":"repeat","background-position":"center center","background-size":"auto","background-attachment":"scroll","background-type":"","background-media":"","overlay-type":"","overlay-color":"","overlay-opacity":"","overlay-gradient":""},"tablet":{"background-color":"var(--ast-global-color-5)","background-image":"","background-repeat":"repeat","background-position":"center center","background-size":"auto","background-attachment":"scroll","background-type":"","background-media":"","overlay-type":"","overlay-color":"","overlay-opacity":"","overlay-gradient":""},"mobile":{"background-color":"var(--ast-global-color-5)","background-image":"","background-repeat":"repeat","background-position":"center center","background-size":"auto","background-attachment":"scroll","background-type":"","background-media":"","overlay-type":"","overlay-color":"","overlay-opacity":"","overlay-gradient":""}}},"product_brand":[],"product_cat":[94],"product_tag":[113],"class_list":{"0":"post-6139","1":"product","2":"type-product","3":"status-publish","4":"has-post-thumbnail","6":"product_cat-camini-elettrici","7":"product_tag-gmr","8":"desktop-align-center","9":"tablet-align-left","10":"mobile-align-left","12":"first","13":"instock","14":"taxable","15":"shipping-taxable","16":"purchasable","17":"product-type-simple"},"_links":{"self":[{"href":"https:\/\/www.centrocamini.it\/shop\/wp-json\/wp\/v2\/product\/6139","targetHints":{"allow":["GET"]}}],"collection":[{"href":"https:\/\/www.centrocamini.it\/shop\/wp-json\/wp\/v2\/product"}],"about":[{"href":"https:\/\/www.centrocamini.it\/shop\/wp-json\/wp\/v2\/types\/product"}],"version-history":[{"count":1,"href":"https:\/\/www.centrocamini.it\/shop\/wp-json\/wp\/v2\/product\/6139\/revisions"}],"predecessor-version":[{"id":6142,"href":"https:\/\/www.centrocamini.it\/shop\/wp-json\/wp\/v2\/product\/6139\/revisions\/6142"}],"wp:featuredmedia":[{"embeddable":true,"href":"https:\/\/www.centrocamini.it\/shop\/wp-json\/wp\/v2\/media\/6141"}],"wp:attachment":[{"href":"https:\/\/www.centrocamini.it\/shop\/wp-json\/wp\/v2\/media?parent=6139"}],"wp:term":[{"taxonomy":"product_brand","embeddable":true,"href":"https:\/\/www.centrocamini.it\/shop\/wp-json\/wp\/v2\/product_brand?post=6139"},{"taxonomy":"product_cat","embeddable":true,"href":"https:\/\/www.centrocamini.it\/shop\/wp-json\/wp\/v2\/product_cat?post=6139"},{"taxonomy":"product_tag","embeddable":true,"href":"https:\/\/www.centrocamini.it\/shop\/wp-json\/wp\/v2\/product_tag?post=6139"}],"curies":[{"name":"wp","href":"https:\/\/api.w.org\/{rel}","templated":true}]}}