{"id":6193,"date":"2022-03-22T00:15:47","date_gmt":"2022-03-21T23:15:47","guid":{"rendered":"https:\/\/www.centrocamini.it\/shop\/?post_type=product&#038;p=6193"},"modified":"2026-02-15T23:37:24","modified_gmt":"2026-02-15T22:37:24","slug":"camino-canalizzabile-fratac-lartistico","status":"publish","type":"product","link":"https:\/\/www.centrocamini.it\/shop\/prodotto\/camino-canalizzabile-fratac-lartistico\/","title":{"rendered":"Camino canalizzabile Ory AP800 3F L&#8217;Artistico\/Ungaro"},"content":{"rendered":"<h3>Caratteristiche del Termocamino a Pellet Ory AP800 3F L&#8217;Artistico\/Ungaro<\/h3>\n<p>Ory AP800 3F L&#8217;Artistico\/Ungaro \u00e8 un camino a pellet composto da un\u2019ampia vetrata trifacciale dalla quale \u00e8 possibile ammirare la fiamma da tre diverse angolazioni. Le dimensioni e la potenza termica lo rendono adatto a riscaldare ambienti ampi, con la possibilit\u00e0 di diffondere il calore anche in altre stanze. Ory AP800 3F L&#8217;Artistico\/Ungaro \u00e8 un sistema di riscaldamento innovativo che, grazie alla possibilit\u00e0 di programmazione di accensioni e spegnimenti, ti permetter\u00e0 di avere il massimo comfort senza sprechi. \u00c8 un termocamino dal design unico che diventer\u00e0 il cuore pulsante della tua casa, centro della vita domestica e perfetto tocco di stile nelle occasioni speciali e di convivialit\u00e0.<\/p>\n<p><strong>INFORMAZIONI TECNICHE<\/strong><br \/>\nDimensioni: L 81 x P 63 x H 137 cm<br \/>\nClasse energetica: A+<br \/>\nEfficienza energetica 117<br \/>\nCodice colore 51304<br \/>\nCertificazione ambientale DM186: 4 Stelle<\/p>\n<p><a href=\"https:\/\/www.centrocamini.it\/shop\/wp-content\/uploads\/2022\/03\/FRATAC_V_M14_SCHEDA_TECNICA.pdf\"><span style=\"text-decoration: underline;\"><strong>Scarica la Scheda Tecnica<\/strong><\/span><\/a><\/p>\n","protected":false},"excerpt":{"rendered":"<p>La fiamma si fa protagonista della stanza e conferisce a questo camino un\u2019importante presenza scenica. Grazie al vetro trifacciale, Ory AP800 3F L&#8217;Artistico\/Ungaro \u00e8 un compagno caloroso e signorile.<br \/>\nPOTENZA TERMICA: 15,3kW<br \/>\nRENDIMENTO: 90,8%<\/p>\n","protected":false},"featured_media":6195,"template":"","meta":{"site-sidebar-layout":"default","site-content-layout":"default","ast-site-content-layout":"default","site-content-style":"default","site-sidebar-style":"default","ast-global-header-display":"","ast-banner-title-visibility":"","ast-main-header-display":"","ast-hfb-above-header-display":"","ast-hfb-below-header-display":"","ast-hfb-mobile-header-display":"","site-post-title":"","ast-breadcrumbs-content":"","ast-featured-img":"","footer-sml-layout":"","ast-disable-related-posts":"","theme-transparent-header-meta":"default","adv-header-id-meta":"","stick-header-meta":"","header-above-stick-meta":"","header-main-stick-meta":"","header-below-stick-meta":"","astra-migrate-meta-layouts":"set","ast-page-background-enabled":"default","ast-page-background-meta":{"desktop":{"background-color":"","background-image":"","background-repeat":"repeat","background-position":"center center","background-size":"auto","background-attachment":"scroll","background-type":"","background-media":"","overlay-type":"","overlay-color":"","overlay-opacity":"","overlay-gradient":""},"tablet":{"background-color":"","background-image":"","background-repeat":"repeat","background-position":"center center","background-size":"auto","background-attachment":"scroll","background-type":"","background-media":"","overlay-type":"","overlay-color":"","overlay-opacity":"","overlay-gradient":""},"mobile":{"background-color":"","background-image":"","background-repeat":"repeat","background-position":"center center","background-size":"auto","background-attachment":"scroll","background-type":"","background-media":"","overlay-type":"","overlay-color":"","overlay-opacity":"","overlay-gradient":""}},"ast-content-background-meta":{"desktop":{"background-color":"var(--ast-global-color-5)","background-image":"","background-repeat":"repeat","background-position":"center center","background-size":"auto","background-attachment":"scroll","background-type":"","background-media":"","overlay-type":"","overlay-color":"","overlay-opacity":"","overlay-gradient":""},"tablet":{"background-color":"var(--ast-global-color-5)","background-image":"","background-repeat":"repeat","background-position":"center center","background-size":"auto","background-attachment":"scroll","background-type":"","background-media":"","overlay-type":"","overlay-color":"","overlay-opacity":"","overlay-gradient":""},"mobile":{"background-color":"var(--ast-global-color-5)","background-image":"","background-repeat":"repeat","background-position":"center center","background-size":"auto","background-attachment":"scroll","background-type":"","background-media":"","overlay-type":"","overlay-color":"","overlay-opacity":"","overlay-gradient":""}}},"product_brand":[],"product_cat":[30],"product_tag":[98],"class_list":{"0":"post-6193","1":"product","2":"type-product","3":"status-publish","4":"has-post-thumbnail","6":"product_cat-inserti-a-pellet","7":"product_tag-lartistico","8":"desktop-align-center","9":"tablet-align-left","10":"mobile-align-left","12":"first","13":"instock","14":"taxable","15":"shipping-taxable","16":"product-type-simple"},"_links":{"self":[{"href":"https:\/\/www.centrocamini.it\/shop\/wp-json\/wp\/v2\/product\/6193","targetHints":{"allow":["GET"]}}],"collection":[{"href":"https:\/\/www.centrocamini.it\/shop\/wp-json\/wp\/v2\/product"}],"about":[{"href":"https:\/\/www.centrocamini.it\/shop\/wp-json\/wp\/v2\/types\/product"}],"version-history":[{"count":4,"href":"https:\/\/www.centrocamini.it\/shop\/wp-json\/wp\/v2\/product\/6193\/revisions"}],"predecessor-version":[{"id":9224,"href":"https:\/\/www.centrocamini.it\/shop\/wp-json\/wp\/v2\/product\/6193\/revisions\/9224"}],"wp:featuredmedia":[{"embeddable":true,"href":"https:\/\/www.centrocamini.it\/shop\/wp-json\/wp\/v2\/media\/6195"}],"wp:attachment":[{"href":"https:\/\/www.centrocamini.it\/shop\/wp-json\/wp\/v2\/media?parent=6193"}],"wp:term":[{"taxonomy":"product_brand","embeddable":true,"href":"https:\/\/www.centrocamini.it\/shop\/wp-json\/wp\/v2\/product_brand?post=6193"},{"taxonomy":"product_cat","embeddable":true,"href":"https:\/\/www.centrocamini.it\/shop\/wp-json\/wp\/v2\/product_cat?post=6193"},{"taxonomy":"product_tag","embeddable":true,"href":"https:\/\/www.centrocamini.it\/shop\/wp-json\/wp\/v2\/product_tag?post=6193"}],"curies":[{"name":"wp","href":"https:\/\/api.w.org\/{rel}","templated":true}]}}