{"id":6287,"date":"2022-04-27T23:23:23","date_gmt":"2022-04-27T21:23:23","guid":{"rendered":"https:\/\/www.centrocamini.it\/shop\/?post_type=product&#038;p=6287"},"modified":"2024-03-24T11:54:05","modified_gmt":"2024-03-24T10:54:05","slug":"stufa-cucina-a-pellet-desy-9-termovana","status":"publish","type":"product","link":"https:\/\/www.centrocamini.it\/shop\/prodotto\/stufa-cucina-a-pellet-desy-9-termovana\/","title":{"rendered":"Stufa-Cucina a pellet Desy 9 Termovana"},"content":{"rendered":"<h3>Caratteristiche della Stufa-Cucina a pellet Desy 9 Termovana<\/h3>\n<p class=\"fusion-responsive-typography-calculated\" data-fontsize=\"18\" data-lineheight=\"27px\">Le stufe\u00a0TERMOVANA PELLET AIR\u00a0si distinguono per qualit\u00e0 e robustezza dei materiali utilizzati, originalit\u00e0 del design, sicurezza e alte prestazioni e la possibilit\u00e0 di canalizzazione per il riscaldamento delle stanze adiacenti. La\u00a0scheda elettronica\u00a0risulta tra le pi\u00f9 complete del settore e comprende:\u00a0accensioni giornaliere,\u00a0programma settimanale, schermo\u00a0LCD,\u00a05 velocit\u00e0 di ventilazione e di riscaldamento.\u00a0Progettate con la tecnologia innovativa della camera stagna vantano risultati da primato in\u00a0ecologia,\u00a0affidabilit\u00e0,\u00a0sicurezza\u00a0e possono essere\u00a0installate\u00a0in stanze\u00a0dove ad altre stufe non verrebbe consentito.<\/p>\n<table class=\"table table-bordered\">\n<thead>\n<tr>\n<td colspan=\"2\"><strong>Specifiche tecniche TERMOVANA<\/strong><\/td>\n<\/tr>\n<\/thead>\n<tbody>\n<tr>\n<td>Classe energetica<\/td>\n<td>A+<\/td>\n<\/tr>\n<tr>\n<td>Conformit\u00e0<\/td>\n<td>EN 14785: 10-2006<\/td>\n<\/tr>\n<tr>\n<td>Dimensioni (LxPxH)<\/td>\n<td>L 72x P 54x H 86 cm<\/td>\n<\/tr>\n<tr>\n<td>Dimensioni collo (m\u00b3)<\/td>\n<td>0,40 m\u00b3<\/td>\n<\/tr>\n<tr>\n<td>Peso stufa (Kg)<\/td>\n<td>105 Kg<\/td>\n<\/tr>\n<tr>\n<td>Potenza termica introdotta (KW)<\/td>\n<td>9 KW<\/td>\n<\/tr>\n<tr>\n<td>Potenza termica nominale (KW)<\/td>\n<td>8 KW<\/td>\n<\/tr>\n<tr>\n<td>Potenza termica ridotta (KW)<\/td>\n<td>3,1 KW<\/td>\n<\/tr>\n<tr>\n<td>Rendimento potenza (%)<\/td>\n<td>min 92,4 % max 90,9 %<\/td>\n<\/tr>\n<tr>\n<td>Emissioni di CO (al 13% di O2)<\/td>\n<td>min 102 mg\/Nm\u00b3 max 83 mg\/Nm\u00b3<\/td>\n<\/tr>\n<tr>\n<td>Emissioni CO (13% O2)<\/td>\n<td>min 0,008 Vol.-% max 0,007 Vol.-%<\/td>\n<\/tr>\n<tr>\n<td>Emissioni OGC (13% O2)<\/td>\n<td>min 4 mg\/Nm\u00b3 max 1 mg\/Nm\u00b3<\/td>\n<\/tr>\n<tr>\n<td>Emissioni NOx (13% O2)<\/td>\n<td>min 156 mg\/Nm\u00b3 max 159 mg\/Nm\u00b3<\/td>\n<\/tr>\n<tr>\n<td>Contenuto medio polveri (13% O2)<\/td>\n<td>19,8 mg\/Nm\u00b3<\/td>\n<\/tr>\n<tr>\n<td>Tiraggio minimo camino<\/td>\n<td>min 10 Pa &#8211; max 12 Pa<\/td>\n<\/tr>\n<tr>\n<td>Diametro scarico fumi (\u00d8)<\/td>\n<td>80 mm \u00d8<\/td>\n<\/tr>\n<tr>\n<td>Diametro condotto aspirazione (\u00d8)<\/td>\n<td>&#8211;<\/td>\n<\/tr>\n<tr>\n<td>Capacit\u00e0 serbatoio (Kg)<\/td>\n<td>12 Kg<\/td>\n<\/tr>\n<tr>\n<td>Consumo pellet (Kg\/h)<\/td>\n<td>min 0,68 Kg\/h max 1,8 Kg\/h<\/td>\n<\/tr>\n<tr>\n<td>Tensione alimentazione (V\/HZ)<\/td>\n<td>V\/HZ 230\/50<\/td>\n<\/tr>\n<tr>\n<td>Assorbimento elettrico nominale (W)<\/td>\n<td>min 20 W max 80 W<\/td>\n<\/tr>\n<tr>\n<td>Assorbimento elettrico in accensione (W)<\/td>\n<td>330 W<\/td>\n<\/tr>\n<tr>\n<td>m\u00b3 riscaldabili<\/td>\n<td>50\/180 m\u00b3<\/td>\n<\/tr>\n<tr>\n<td>Rumorosit\u00e0 dB<\/td>\n<td>dB 34\/44<\/td>\n<\/tr>\n<tr>\n<td>Combustibile<\/td>\n<td>PELLET EN PLUS A1<\/td>\n<\/tr>\n<tr>\n<td>PLUS<\/td>\n<td>Cucina con forno- Canalizzabile 1 motore- Braciere INOX 316- Uscita fumi posteriore- Sistema di modulazione- Funzione &#8220;Silent&#8221;- Programmazione giornaliera\/settimanale- 5 regolazioni di potenza- Display 5 lingue integrate- Piastra in ghisa- Vetro ceramico<\/td>\n<\/tr>\n<tr>\n<td>Dimensioni forno<\/td>\n<td>L 40x P 36x H 21 cm<\/td>\n<\/tr>\n<tr>\n<td>OPTIONAL<\/td>\n<td>Wi-Fi- Telecomando- Cassetto cenere-<\/td>\n<\/tr>\n<\/tbody>\n<\/table>\n","protected":false},"excerpt":{"rendered":"<p class=\"fusion-responsive-typography-calculated\" data-fontsize=\"18\" data-lineheight=\"27px\">DESY 9.0 \u00e8 una cucina a pellet di nuova generazione altamente performante. Grazie alle dimensioni ridotte si adatta ad ogni ambiente, garantendo la massima affidabilit\u00e0 nel riscaldamento e nella cottura dei cibi con il maxi forno che raggiunge i 230\u00b0C. La distribuzione del calore avviene sia frontalmente o grazie alla canalizzazione anche nelle stanze adiacenti. L&#8217;apertura della piastra superiore in ghisa e del forno estraibile, facilitano le operazioni di pulizia. Il display con la programmazione automatica (disponibile anche in versione optional wi-fi) ed il capiente serbatoio del pellet, garantiscono un&#8217;elevata autonomia di funzionamento.<\/p>\n<p data-fontsize=\"18\" data-lineheight=\"27px\"><strong>Colore disponibile in pronta consegna: antracite<\/strong><\/p>\n","protected":false},"featured_media":6288,"template":"","meta":{"site-sidebar-layout":"default","site-content-layout":"default","ast-site-content-layout":"default","site-content-style":"default","site-sidebar-style":"default","ast-global-header-display":"","ast-banner-title-visibility":"","ast-main-header-display":"","ast-hfb-above-header-display":"","ast-hfb-below-header-display":"","ast-hfb-mobile-header-display":"","site-post-title":"","ast-breadcrumbs-content":"","ast-featured-img":"","footer-sml-layout":"","ast-disable-related-posts":"","theme-transparent-header-meta":"default","adv-header-id-meta":"","stick-header-meta":"","header-above-stick-meta":"","header-main-stick-meta":"","header-below-stick-meta":"","astra-migrate-meta-layouts":"set","ast-page-background-enabled":"default","ast-page-background-meta":{"desktop":{"background-color":"","background-image":"","background-repeat":"repeat","background-position":"center center","background-size":"auto","background-attachment":"scroll","background-type":"","background-media":"","overlay-type":"","overlay-color":"","overlay-opacity":"","overlay-gradient":""},"tablet":{"background-color":"","background-image":"","background-repeat":"repeat","background-position":"center center","background-size":"auto","background-attachment":"scroll","background-type":"","background-media":"","overlay-type":"","overlay-color":"","overlay-opacity":"","overlay-gradient":""},"mobile":{"background-color":"","background-image":"","background-repeat":"repeat","background-position":"center center","background-size":"auto","background-attachment":"scroll","background-type":"","background-media":"","overlay-type":"","overlay-color":"","overlay-opacity":"","overlay-gradient":""}},"ast-content-background-meta":{"desktop":{"background-color":"var(--ast-global-color-5)","background-image":"","background-repeat":"repeat","background-position":"center center","background-size":"auto","background-attachment":"scroll","background-type":"","background-media":"","overlay-type":"","overlay-color":"","overlay-opacity":"","overlay-gradient":""},"tablet":{"background-color":"var(--ast-global-color-5)","background-image":"","background-repeat":"repeat","background-position":"center center","background-size":"auto","background-attachment":"scroll","background-type":"","background-media":"","overlay-type":"","overlay-color":"","overlay-opacity":"","overlay-gradient":""},"mobile":{"background-color":"var(--ast-global-color-5)","background-image":"","background-repeat":"repeat","background-position":"center center","background-size":"auto","background-attachment":"scroll","background-type":"","background-media":"","overlay-type":"","overlay-color":"","overlay-opacity":"","overlay-gradient":""}}},"product_brand":[],"product_cat":[60,28],"product_tag":[61],"class_list":{"0":"post-6287","1":"product","2":"type-product","3":"status-publish","4":"has-post-thumbnail","6":"product_cat-stufe-a-pellet","7":"product_cat-cucine","8":"product_tag-termovana","9":"desktop-align-center","10":"tablet-align-left","11":"mobile-align-left","13":"first","14":"instock","15":"taxable","16":"shipping-taxable","17":"purchasable","18":"product-type-simple"},"_links":{"self":[{"href":"https:\/\/www.centrocamini.it\/shop\/wp-json\/wp\/v2\/product\/6287","targetHints":{"allow":["GET"]}}],"collection":[{"href":"https:\/\/www.centrocamini.it\/shop\/wp-json\/wp\/v2\/product"}],"about":[{"href":"https:\/\/www.centrocamini.it\/shop\/wp-json\/wp\/v2\/types\/product"}],"version-history":[{"count":3,"href":"https:\/\/www.centrocamini.it\/shop\/wp-json\/wp\/v2\/product\/6287\/revisions"}],"predecessor-version":[{"id":8292,"href":"https:\/\/www.centrocamini.it\/shop\/wp-json\/wp\/v2\/product\/6287\/revisions\/8292"}],"wp:featuredmedia":[{"embeddable":true,"href":"https:\/\/www.centrocamini.it\/shop\/wp-json\/wp\/v2\/media\/6288"}],"wp:attachment":[{"href":"https:\/\/www.centrocamini.it\/shop\/wp-json\/wp\/v2\/media?parent=6287"}],"wp:term":[{"taxonomy":"product_brand","embeddable":true,"href":"https:\/\/www.centrocamini.it\/shop\/wp-json\/wp\/v2\/product_brand?post=6287"},{"taxonomy":"product_cat","embeddable":true,"href":"https:\/\/www.centrocamini.it\/shop\/wp-json\/wp\/v2\/product_cat?post=6287"},{"taxonomy":"product_tag","embeddable":true,"href":"https:\/\/www.centrocamini.it\/shop\/wp-json\/wp\/v2\/product_tag?post=6287"}],"curies":[{"name":"wp","href":"https:\/\/api.w.org\/{rel}","templated":true}]}}