{"id":6345,"date":"2022-04-28T23:32:53","date_gmt":"2022-04-28T21:32:53","guid":{"rendered":"https:\/\/www.centrocamini.it\/shop\/?post_type=product&#038;p=6345"},"modified":"2024-03-21T00:05:16","modified_gmt":"2024-03-20T23:05:16","slug":"stufa-a-pellet-ventilata-ketty-evo-2-0-la-nordica","status":"publish","type":"product","link":"https:\/\/www.centrocamini.it\/shop\/prodotto\/stufa-a-pellet-ventilata-ketty-evo-2-0-la-nordica\/","title":{"rendered":"Stufa a pellet ventilata Ketty Evo 2.0 La Nordica"},"content":{"rendered":"<h3>Caratteristiche della Stufa a pellet ventilata Ketty Evo 2.0 La Nordica<\/h3>\n<p><b><\/b>\u2022 <b>Caratteristiche principali<br \/>\n<\/b>\u2022 Porta fuoco, focolare e braciere in ghisa<br \/>\n\u2022 Scambiatore di calore a superficie radiante<br \/>\n\u2022 Vano cenere estraibile<br \/>\n\u2022 Ventilazione ambiente frontale con motore dedicato e funzione comfort<br \/>\n\u2022 Possibilit\u00e0 di uscita per lo scarico fumi: posteriore<br \/>\n\u2022 Focolare estraibile da assistenza autorizzata<br \/>\n\u2022 Black LCD<\/p>\n<p><b>Caratteristiche tecniche<br \/>\n<\/b>Potenza termica nominale: 2,5 &#8211; 6,5 kW<br \/>\nm\u00b3 riscaldabili: 187 m\u00b3<br \/>\nDimensioni (L-H-P): 456 x 884 x 479 mm<br \/>\nPeso Netto: 77 kg<br \/>\nRendimento: 89,9 &#8211; 90,7 %<br \/>\nConsumo orario: 06 &#8211; 1,5 Kg\/h<br \/>\nDiametro scarico fumi: 80 mm post\/sup<br \/>\nCapacita totale serbatoio: circa 15 kg<br \/>\nClasse Energetica: A+<br \/>\nCertificazione Ambientale DM186: 4 STELLE<\/p>\n<p><b>Termostato ambiente<br \/>\n<\/b>La presenza della sonda ambiente ottimizza il comfort e porta ad una sensibile diminuzione dei consumi.<\/p>\n<p><b>Combustione pulita<br \/>\n<\/b>Aumenta l\u2019efficienza della combustione e la durata delle parti soggette ad usura e, nel contempo, diminuisce la pulizia ordinaria del braciere.<\/p>\n<p><b>Sistema pulizia vetro<br \/>\n<\/b>\u00c8 un sistema che tramite uno specifico percorso d\u2019aria preriscaldata evita efficacemente la formazione di depositi sul vetro della porta fuoco.<\/p>\n<p><b>Braciere estraibile per facile pulizia<br \/>\n<\/b>Il sistema di costruzione del braciere permette una facile estrazione per una pulizia veloce e completa.<\/p>\n<p><b>Autoregolazione dell\u2019aspiratore fumi (encoder)<br \/>\n<\/b>Mantiene costante i giri del motore fumi per garantire una corretta combustione del prodotto.<\/p>\n<p><b>Pressostato di sicurezza canna fumaria<br \/>\n<\/b>Verifica la corretta evacuazione fumi ed in caso di necessit\u00e0 blocca il caricamento del pellet evitando problematiche sul generatore.<\/p>\n<p><b>Termostato di sicurezza serbatoio<br \/>\n<\/b>Garantisce sempre un elevato standard di sicurezza evitando il surriscaldamento del prodotto in caso di anomalia.<\/p>\n<p><b>Auto-bilanciamento aria 1\u00b0 e 2\u00b0<br \/>\n<\/b>Aria primaria e secondaria bilanciate elettronicamente per una ottimale combustione ed efficienza termica.<\/p>\n<p><b>Auto-riaccensione post black-out<br \/>\n<\/b>L\u2019apparecchio si riaccende automaticamente a seguito di un black-out elettrico, dopo aver effettuato il ciclo di controlli previsto.<\/p>\n","protected":false},"excerpt":{"rendered":"<p>La <strong>stufa a pellet Ketty Evo 2.0 di Extraflame Nordica<\/strong> ha la porta, il focolare e il braciere in ghisa. Il vano cenere \u00e8 estraibile. La ventilazione ambiente \u00e8 frontale con motore dedicato e funzione comfort e possibilit\u00e0 di uscita fumi posteriore o superiore.<\/p>\n<ul>\n<li>Caratteristiche tecniche<\/li>\n<li>Potenza termica nominale: 2,5 &#8211; 6,5 kW<\/li>\n<li>m\u00b3 riscaldabili: 187 m\u00b3<\/li>\n<li>Dimensioni (L-H-P): 456 x 884 x 479 mm<\/li>\n<li>Peso Netto: 77 kg<\/li>\n<li>Rendimento: 89,9 &#8211; 90,7 %<\/li>\n<li>Consumo orario: 06 &#8211; 1,5 Kg\/h<\/li>\n<li>Diametro scarico fumi: 80 mm post\/sup<\/li>\n<li>Capacita totale serbatoio: circa 15 kg<\/li>\n<li>Classe Energetica: A+<\/li>\n<li>Certificazione Ambientale DM186: 4 STELLE<\/li>\n<\/ul>\n<p><strong>COLORE PERGAMENA DISPONIBILE IN PRONTA CONSEGNA<\/strong><\/p>\n","protected":false},"featured_media":6347,"template":"","meta":{"site-sidebar-layout":"default","site-content-layout":"default","ast-site-content-layout":"default","site-content-style":"default","site-sidebar-style":"default","ast-global-header-display":"","ast-banner-title-visibility":"","ast-main-header-display":"","ast-hfb-above-header-display":"","ast-hfb-below-header-display":"","ast-hfb-mobile-header-display":"","site-post-title":"","ast-breadcrumbs-content":"","ast-featured-img":"","footer-sml-layout":"","ast-disable-related-posts":"","theme-transparent-header-meta":"default","adv-header-id-meta":"","stick-header-meta":"","header-above-stick-meta":"","header-main-stick-meta":"","header-below-stick-meta":"","astra-migrate-meta-layouts":"set","ast-page-background-enabled":"default","ast-page-background-meta":{"desktop":{"background-color":"","background-image":"","background-repeat":"repeat","background-position":"center center","background-size":"auto","background-attachment":"scroll","background-type":"","background-media":"","overlay-type":"","overlay-color":"","overlay-opacity":"","overlay-gradient":""},"tablet":{"background-color":"","background-image":"","background-repeat":"repeat","background-position":"center center","background-size":"auto","background-attachment":"scroll","background-type":"","background-media":"","overlay-type":"","overlay-color":"","overlay-opacity":"","overlay-gradient":""},"mobile":{"background-color":"","background-image":"","background-repeat":"repeat","background-position":"center center","background-size":"auto","background-attachment":"scroll","background-type":"","background-media":"","overlay-type":"","overlay-color":"","overlay-opacity":"","overlay-gradient":""}},"ast-content-background-meta":{"desktop":{"background-color":"var(--ast-global-color-5)","background-image":"","background-repeat":"repeat","background-position":"center center","background-size":"auto","background-attachment":"scroll","background-type":"","background-media":"","overlay-type":"","overlay-color":"","overlay-opacity":"","overlay-gradient":""},"tablet":{"background-color":"var(--ast-global-color-5)","background-image":"","background-repeat":"repeat","background-position":"center center","background-size":"auto","background-attachment":"scroll","background-type":"","background-media":"","overlay-type":"","overlay-color":"","overlay-opacity":"","overlay-gradient":""},"mobile":{"background-color":"var(--ast-global-color-5)","background-image":"","background-repeat":"repeat","background-position":"center center","background-size":"auto","background-attachment":"scroll","background-type":"","background-media":"","overlay-type":"","overlay-color":"","overlay-opacity":"","overlay-gradient":""}}},"product_brand":[],"product_cat":[60],"product_tag":[102],"class_list":{"0":"post-6345","1":"product","2":"type-product","3":"status-publish","4":"has-post-thumbnail","6":"product_cat-stufe-a-pellet","7":"product_tag-la-nordica","8":"desktop-align-center","9":"tablet-align-left","10":"mobile-align-left","12":"first","13":"instock","14":"taxable","15":"shipping-taxable","16":"purchasable","17":"product-type-simple"},"_links":{"self":[{"href":"https:\/\/www.centrocamini.it\/shop\/wp-json\/wp\/v2\/product\/6345","targetHints":{"allow":["GET"]}}],"collection":[{"href":"https:\/\/www.centrocamini.it\/shop\/wp-json\/wp\/v2\/product"}],"about":[{"href":"https:\/\/www.centrocamini.it\/shop\/wp-json\/wp\/v2\/types\/product"}],"version-history":[{"count":3,"href":"https:\/\/www.centrocamini.it\/shop\/wp-json\/wp\/v2\/product\/6345\/revisions"}],"predecessor-version":[{"id":8261,"href":"https:\/\/www.centrocamini.it\/shop\/wp-json\/wp\/v2\/product\/6345\/revisions\/8261"}],"wp:featuredmedia":[{"embeddable":true,"href":"https:\/\/www.centrocamini.it\/shop\/wp-json\/wp\/v2\/media\/6347"}],"wp:attachment":[{"href":"https:\/\/www.centrocamini.it\/shop\/wp-json\/wp\/v2\/media?parent=6345"}],"wp:term":[{"taxonomy":"product_brand","embeddable":true,"href":"https:\/\/www.centrocamini.it\/shop\/wp-json\/wp\/v2\/product_brand?post=6345"},{"taxonomy":"product_cat","embeddable":true,"href":"https:\/\/www.centrocamini.it\/shop\/wp-json\/wp\/v2\/product_cat?post=6345"},{"taxonomy":"product_tag","embeddable":true,"href":"https:\/\/www.centrocamini.it\/shop\/wp-json\/wp\/v2\/product_tag?post=6345"}],"curies":[{"name":"wp","href":"https:\/\/api.w.org\/{rel}","templated":true}]}}