{"id":6349,"date":"2022-04-28T23:41:21","date_gmt":"2022-04-28T21:41:21","guid":{"rendered":"https:\/\/www.centrocamini.it\/shop\/?post_type=product&#038;p=6349"},"modified":"2024-03-20T23:51:37","modified_gmt":"2024-03-20T22:51:37","slug":"stufa-a-pellet-canalizzata-klaudia-plus-la-nordica","status":"publish","type":"product","link":"https:\/\/www.centrocamini.it\/shop\/prodotto\/stufa-a-pellet-canalizzata-klaudia-plus-la-nordica\/","title":{"rendered":"Stufa a pellet canalizzata Klaudia Plus 5.0 La Nordica"},"content":{"rendered":"<h3>Caratteristiche della Stufa a pellet canalizzata Klaudia Plus 5.0 La Nordica<b><\/b><\/h3>\n<ul>\n<li>Porta fuoco, focolare e braciere in ghisa<\/li>\n<li>Scambiatore di calore a superficie radiante<\/li>\n<li>Candeletta ceramica<\/li>\n<li>Serbatoio stagno<\/li>\n<li>Vano cenere estraibile<\/li>\n<li>Ventilazione ambiente frontale con motore dedicato e funzione Pro Air Setup<\/li>\n<li>Canalizzazione con motore dedicato fino a 6 metri, termostatabile<\/li>\n<li>Canalizzazione con funzione Air Zone Control<\/li>\n<li>Funzione FPC Plus<\/li>\n<li>Possibilit\u00e0 di uscita per la canalizzazione (\u00d880 mm): posteriore<\/li>\n<li>Ampia visione della fiamma<\/li>\n<li>Maniglia con impugnatura ergonomica<\/li>\n<li>Possibilit\u00e0 di uscita per lo scarico fumi: posteriore, superiore<\/li>\n<li>Focolare estraibile da assistenza autorizzata<\/li>\n<\/ul>\n","protected":false},"excerpt":{"rendered":"<p>La stufa a pellet Klaudia Plus 5.0 di Extraflame Nordica \u00e8 rivestita in acciaio con top in maiolica. \u00c8 dotata di funzione comfort con ventilazione forzata frontale. Il vano raccolta cenere \u00e8 estraibile. Il focolare, la porta e il braciere sono in ghisa.<\/p>\n<p><strong>3,2-8,0 kW: <\/strong>Potenza termica nominale<br \/>\n<strong>230 m3: <\/strong>m\u00b3 riscaldabili<\/p>\n<p><strong>Caratteristiche tecniche<\/strong><\/p>\n<ul>\n<li>Rendimento: 92,5 &#8211; 91,0 %<\/li>\n<li>Consumo orario: 0,7 &#8211; 1,8 Kg\/h<\/li>\n<li>Dimensioni (LxHxP): 498x1017x575 mm<\/li>\n<li>Peso Netto: 105 kg<\/li>\n<li>Diametro scarico fumi (\u00d8): 80 mm P\/S<\/li>\n<li>Capacit\u00e0 totale serbatoio:~15 kg<\/li>\n<li>Classe Energetica: A+<\/li>\n<li>Certificazione Ambientale DM186: 5 STELLE<\/li>\n<\/ul>\n","protected":false},"featured_media":8430,"template":"","meta":{"site-sidebar-layout":"default","site-content-layout":"default","ast-site-content-layout":"default","site-content-style":"default","site-sidebar-style":"default","ast-global-header-display":"","ast-banner-title-visibility":"","ast-main-header-display":"","ast-hfb-above-header-display":"","ast-hfb-below-header-display":"","ast-hfb-mobile-header-display":"","site-post-title":"","ast-breadcrumbs-content":"","ast-featured-img":"","footer-sml-layout":"","ast-disable-related-posts":"","theme-transparent-header-meta":"default","adv-header-id-meta":"","stick-header-meta":"","header-above-stick-meta":"","header-main-stick-meta":"","header-below-stick-meta":"","astra-migrate-meta-layouts":"set","ast-page-background-enabled":"default","ast-page-background-meta":{"desktop":{"background-color":"","background-image":"","background-repeat":"repeat","background-position":"center center","background-size":"auto","background-attachment":"scroll","background-type":"","background-media":"","overlay-type":"","overlay-color":"","overlay-opacity":"","overlay-gradient":""},"tablet":{"background-color":"","background-image":"","background-repeat":"repeat","background-position":"center center","background-size":"auto","background-attachment":"scroll","background-type":"","background-media":"","overlay-type":"","overlay-color":"","overlay-opacity":"","overlay-gradient":""},"mobile":{"background-color":"","background-image":"","background-repeat":"repeat","background-position":"center center","background-size":"auto","background-attachment":"scroll","background-type":"","background-media":"","overlay-type":"","overlay-color":"","overlay-opacity":"","overlay-gradient":""}},"ast-content-background-meta":{"desktop":{"background-color":"var(--ast-global-color-5)","background-image":"","background-repeat":"repeat","background-position":"center center","background-size":"auto","background-attachment":"scroll","background-type":"","background-media":"","overlay-type":"","overlay-color":"","overlay-opacity":"","overlay-gradient":""},"tablet":{"background-color":"var(--ast-global-color-5)","background-image":"","background-repeat":"repeat","background-position":"center center","background-size":"auto","background-attachment":"scroll","background-type":"","background-media":"","overlay-type":"","overlay-color":"","overlay-opacity":"","overlay-gradient":""},"mobile":{"background-color":"var(--ast-global-color-5)","background-image":"","background-repeat":"repeat","background-position":"center center","background-size":"auto","background-attachment":"scroll","background-type":"","background-media":"","overlay-type":"","overlay-color":"","overlay-opacity":"","overlay-gradient":""}}},"product_brand":[],"product_cat":[60],"product_tag":[102],"class_list":{"0":"post-6349","1":"product","2":"type-product","3":"status-publish","4":"has-post-thumbnail","6":"product_cat-stufe-a-pellet","7":"product_tag-la-nordica","8":"desktop-align-center","9":"tablet-align-left","10":"mobile-align-left","12":"first","13":"instock","14":"taxable","15":"shipping-taxable","16":"purchasable","17":"product-type-simple"},"_links":{"self":[{"href":"https:\/\/www.centrocamini.it\/shop\/wp-json\/wp\/v2\/product\/6349","targetHints":{"allow":["GET"]}}],"collection":[{"href":"https:\/\/www.centrocamini.it\/shop\/wp-json\/wp\/v2\/product"}],"about":[{"href":"https:\/\/www.centrocamini.it\/shop\/wp-json\/wp\/v2\/types\/product"}],"version-history":[{"count":4,"href":"https:\/\/www.centrocamini.it\/shop\/wp-json\/wp\/v2\/product\/6349\/revisions"}],"predecessor-version":[{"id":8432,"href":"https:\/\/www.centrocamini.it\/shop\/wp-json\/wp\/v2\/product\/6349\/revisions\/8432"}],"wp:featuredmedia":[{"embeddable":true,"href":"https:\/\/www.centrocamini.it\/shop\/wp-json\/wp\/v2\/media\/8430"}],"wp:attachment":[{"href":"https:\/\/www.centrocamini.it\/shop\/wp-json\/wp\/v2\/media?parent=6349"}],"wp:term":[{"taxonomy":"product_brand","embeddable":true,"href":"https:\/\/www.centrocamini.it\/shop\/wp-json\/wp\/v2\/product_brand?post=6349"},{"taxonomy":"product_cat","embeddable":true,"href":"https:\/\/www.centrocamini.it\/shop\/wp-json\/wp\/v2\/product_cat?post=6349"},{"taxonomy":"product_tag","embeddable":true,"href":"https:\/\/www.centrocamini.it\/shop\/wp-json\/wp\/v2\/product_tag?post=6349"}],"curies":[{"name":"wp","href":"https:\/\/api.w.org\/{rel}","templated":true}]}}