{"id":6431,"date":"2022-05-18T23:50:54","date_gmt":"2022-05-18T21:50:54","guid":{"rendered":"https:\/\/www.centrocamini.it\/shop\/?post_type=product&#038;p=6431"},"modified":"2023-12-01T23:37:34","modified_gmt":"2023-12-01T22:37:34","slug":"stufa-a-pellet-ventilata-teorema-la-nordica","status":"publish","type":"product","link":"https:\/\/www.centrocamini.it\/shop\/prodotto\/stufa-a-pellet-ventilata-teorema-la-nordica\/","title":{"rendered":"Stufa a pellet ventilata Teorema Plus La Nordica"},"content":{"rendered":"<h3>Caratteristiche tecniche della Stufa a pellet ventilata Teorema Plus extraflame La Nordica<\/h3>\n<div id=\"prd_div_scheda\">\n<p><b>Stufa a pellet ventilata Extraflame Nordica TEOREMA<\/b><\/p>\n<p>La Nordica &#8211; Extraflame: protagonisti del calore.<br \/>\nNata nel 1968, La Nordica-Extraflame, azienda Leader nel settore del riscaldamento a legna. In questi anni \u00e8 passata dalle semplici stufe a prodotti evoluti e diversificati ad alto contenuto tecnologico.\u00a0 Grazie a innovazione e ricerca costante sui prodotti, ora \u00e8 distribuita in 50 paesi del mondo.<br \/>\nIl gruppo La Nordica-Extraflame lavora costantemente per offrire ai propri clienti una gamma sempre pi\u00f9 completa e all\u2019avanguardia di soluzioni per riscaldare la casa con legna e pellet, in totale sicurezza e nel pieno rispetto dell\u2019ambiente. Questo percorso ha portato oggi ad avere un catalogo con pi\u00f9 di 200 prodotti certificati che di anno in anno si arricchisce di nuove proposte.<\/p>\n<p><b>Auto Clean Checkup.<\/b><br \/>\nAumenta l\u2019efficienza della combustione e la durata delle parti soggette ad usura e, nel contempo, diminuisce la pulizia ordinaria del braciere.<\/p>\n<p><b>Room Temperature Control.<\/b><br \/>\nLa presenza della sonda ambiente ottimizza il comfort e porta ad una sensibile diminuzione dei consumi.<\/p>\n<p><b>ChronoThermostat Program.<\/b><br \/>\nCronotermostato con controllo di temperatura suddiviso in quattro fasce giornaliere, per una ottimale gestione degli ambienti.<\/p>\n<p><b>Hard Reset Program.<\/b><br \/>\nRipristino dei dati iniziali di fabbrica preimpostati, in caso di errore di programmazione.<\/p>\n<p><b>Resistant Door at the Time.<\/b><br \/>\nLe porte dei prodotti realizzate in ghisa di qualit\u00e0 elevata sono inalterabili nel tempo e garantiscono una costante tenuta.<\/p>\n<p><b>Delay Stop System.<\/b><br \/>\nSpegnimento ritardato della stufa.<\/p>\n<p><b>Keylock System.<\/b><br \/>\nPermette di bloccare il tastierino del display per evitare l\u2019uso improprio od accidentale dell\u2019apparecchio (blocco tasti).<\/p>\n<p><b>Rate Adjustment Program.<\/b><br \/>\nIn due semplici passaggi possiamo regolare la forza della ventilazione e, dove presente, della canalizzazione.<\/p>\n<p><b>Auto Re-Start.<\/b><br \/>\nL\u2019apparecchio si riaccende automaticamente a seguito di un black out elettrico, dopo aver effettuato il ciclo di controlli previsto.<\/p>\n<p><b>Electronic Air Control.<\/b><br \/>\nAria primaria e secondaria bilanciate elettronicamente per una ottimale combustione ed efficienza termica.<\/p>\n<p><b>Clean Glass Control.<\/b><br \/>\nE\u2019 un sistema che tramite uno specifico percorso d\u2019aria preriscaldata evita efficacemente la formazione di depositi sul vetro della porta fuoco.<\/p>\n<p><b>Interface Control Temperature.<\/b><br \/>\nIl prodotto si interfaccia con i dispositivi di controllo di temperatura dell\u2019abitazione (termostati o contatti) per ottenere la temperatura desiderata negli ambienti.<\/p>\n<p><b>Pellet Level Control.<\/b><br \/>\nRegola la quantit\u00e0 di pellet da immettere nella camera di combustione.<\/p>\n<p><b>Acoustic Comfort Fan.<\/b><br \/>\nRegola la velocit\u00e0 della ventilazione frontale privilegiando la silenziosit\u00e0 della stufa. La funzione \u00e8 abilitata dall\u2019utente ed \u00e8 attiva a qualsiasi potenza.<\/p>\n<p><b>SCHEDA TECNICA<\/b><\/p>\n<p>MODELLO: TEOREMA &#8211;<\/p>\n<p>Serie numerica : 1284102<\/p>\n<p>Serie: Teorema<\/p>\n<p><b>Caratteristiche<\/b><\/p>\n<ul>\n<li>Porta fuoco, focolare e braciere in ghisa<\/li>\n<li>Scambiatore di calore a fascio tubiero<\/li>\n<li>Vano cenere estraibile<\/li>\n<li>Elevata capienza serbatoio di stoccaggio pellet (~ Kg 30)<\/li>\n<li>Ventilazione ambiente frontale con 2 motori dedicati e funzione comfort<\/li>\n<li>Doppia canalizzazione con due motori dedicati fino a 8 metri, termostatabile ed escludibile<\/li>\n<li>Possibilit\u00e0 di uscita per la canalizzazione (\u00d880 mm): posteriore<\/li>\n<li>Ampia visione della fiamma<\/li>\n<li>Maniglia con impugnatura ergonomica<\/li>\n<li>Possibilit\u00e0 di uscita per lo scarico fumi: posteriore in asse, superiore in asse<\/li>\n<li>Focolare estraibile da assistenza autorizzata<\/li>\n<li>Telecomando IR Touch<\/li>\n<li>Black LCD<\/li>\n<\/ul>\n<\/div>\n","protected":false},"excerpt":{"rendered":"<p>La stufa a pellet ventilata Extraflame Nordica TEOREMA \u00e8 una stufa di ultima generazione.Grazie ai bassi consumi e con elevata capienza serbatoio pellet si pu\u00f2 riscaldare la casa tutto l\u2019inverno. Con una potenza di 10 kW pu\u00f2 riscaldare fino a 287 m\u00b3<\/p>\n<p><strong>Caratteristiche tecniche<\/strong><\/p>\n<ul>\n<li>Dimensioni: 525x1080x652 mm<\/li>\n<li>Peso Netto: 177 kg<\/li>\n<li>Rendimento: 90,5 % &#8211; 92,1 %<\/li>\n<li>Consumo orario: 0,8 &#8211; 2,7 kg\/h<\/li>\n<li>Diametro scarico fumi (\u00d8): 80 mm P\/S<\/li>\n<li>Capacit\u00e0 totale serbatoio~ 27 kg<\/li>\n<li>Classe Energetica: A+<\/li>\n<li>Certificazione Ambientale DM186: 4 STELLE<\/li>\n<\/ul>\n<p><strong>PRODOTTO COLOR AVORIO DISPONIBILE IN PRONTA CONSEGNA.<\/strong><\/p>\n","protected":false},"featured_media":6433,"template":"","meta":{"site-sidebar-layout":"default","site-content-layout":"default","ast-site-content-layout":"default","site-content-style":"default","site-sidebar-style":"default","ast-global-header-display":"","ast-banner-title-visibility":"","ast-main-header-display":"","ast-hfb-above-header-display":"","ast-hfb-below-header-display":"","ast-hfb-mobile-header-display":"","site-post-title":"","ast-breadcrumbs-content":"","ast-featured-img":"","footer-sml-layout":"","ast-disable-related-posts":"","theme-transparent-header-meta":"default","adv-header-id-meta":"","stick-header-meta":"","header-above-stick-meta":"","header-main-stick-meta":"","header-below-stick-meta":"","astra-migrate-meta-layouts":"set","ast-page-background-enabled":"default","ast-page-background-meta":{"desktop":{"background-color":"","background-image":"","background-repeat":"repeat","background-position":"center center","background-size":"auto","background-attachment":"scroll","background-type":"","background-media":"","overlay-type":"","overlay-color":"","overlay-opacity":"","overlay-gradient":""},"tablet":{"background-color":"","background-image":"","background-repeat":"repeat","background-position":"center center","background-size":"auto","background-attachment":"scroll","background-type":"","background-media":"","overlay-type":"","overlay-color":"","overlay-opacity":"","overlay-gradient":""},"mobile":{"background-color":"","background-image":"","background-repeat":"repeat","background-position":"center center","background-size":"auto","background-attachment":"scroll","background-type":"","background-media":"","overlay-type":"","overlay-color":"","overlay-opacity":"","overlay-gradient":""}},"ast-content-background-meta":{"desktop":{"background-color":"var(--ast-global-color-5)","background-image":"","background-repeat":"repeat","background-position":"center center","background-size":"auto","background-attachment":"scroll","background-type":"","background-media":"","overlay-type":"","overlay-color":"","overlay-opacity":"","overlay-gradient":""},"tablet":{"background-color":"var(--ast-global-color-5)","background-image":"","background-repeat":"repeat","background-position":"center center","background-size":"auto","background-attachment":"scroll","background-type":"","background-media":"","overlay-type":"","overlay-color":"","overlay-opacity":"","overlay-gradient":""},"mobile":{"background-color":"var(--ast-global-color-5)","background-image":"","background-repeat":"repeat","background-position":"center center","background-size":"auto","background-attachment":"scroll","background-type":"","background-media":"","overlay-type":"","overlay-color":"","overlay-opacity":"","overlay-gradient":""}}},"product_brand":[],"product_cat":[60],"product_tag":[102],"class_list":{"0":"post-6431","1":"product","2":"type-product","3":"status-publish","4":"has-post-thumbnail","6":"product_cat-stufe-a-pellet","7":"product_tag-la-nordica","8":"desktop-align-center","9":"tablet-align-left","10":"mobile-align-left","12":"first","13":"instock","14":"taxable","15":"shipping-taxable","16":"purchasable","17":"product-type-variable"},"_links":{"self":[{"href":"https:\/\/www.centrocamini.it\/shop\/wp-json\/wp\/v2\/product\/6431","targetHints":{"allow":["GET"]}}],"collection":[{"href":"https:\/\/www.centrocamini.it\/shop\/wp-json\/wp\/v2\/product"}],"about":[{"href":"https:\/\/www.centrocamini.it\/shop\/wp-json\/wp\/v2\/types\/product"}],"version-history":[{"count":5,"href":"https:\/\/www.centrocamini.it\/shop\/wp-json\/wp\/v2\/product\/6431\/revisions"}],"predecessor-version":[{"id":8277,"href":"https:\/\/www.centrocamini.it\/shop\/wp-json\/wp\/v2\/product\/6431\/revisions\/8277"}],"wp:featuredmedia":[{"embeddable":true,"href":"https:\/\/www.centrocamini.it\/shop\/wp-json\/wp\/v2\/media\/6433"}],"wp:attachment":[{"href":"https:\/\/www.centrocamini.it\/shop\/wp-json\/wp\/v2\/media?parent=6431"}],"wp:term":[{"taxonomy":"product_brand","embeddable":true,"href":"https:\/\/www.centrocamini.it\/shop\/wp-json\/wp\/v2\/product_brand?post=6431"},{"taxonomy":"product_cat","embeddable":true,"href":"https:\/\/www.centrocamini.it\/shop\/wp-json\/wp\/v2\/product_cat?post=6431"},{"taxonomy":"product_tag","embeddable":true,"href":"https:\/\/www.centrocamini.it\/shop\/wp-json\/wp\/v2\/product_tag?post=6431"}],"curies":[{"name":"wp","href":"https:\/\/api.w.org\/{rel}","templated":true}]}}