{"id":6441,"date":"2022-05-13T01:56:08","date_gmt":"2022-05-12T23:56:08","guid":{"rendered":"https:\/\/www.centrocamini.it\/shop\/?post_type=product&#038;p=6441"},"modified":"2023-12-01T23:17:27","modified_gmt":"2023-12-01T22:17:27","slug":"stufa-a-pellet-ventilata-lucia-la-nordica","status":"publish","type":"product","link":"https:\/\/www.centrocamini.it\/shop\/prodotto\/stufa-a-pellet-ventilata-lucia-la-nordica\/","title":{"rendered":"Stufa a pellet ventilata Lucia La Nordica"},"content":{"rendered":"<h3>Caratteristiche tecniche della Stufa a pellet ventilata Lucia La Nordica<\/h3>\n<h3>Extraflame<\/h3>\n<div id=\"prd_div_scheda\">\n<p><strong>Stufa a pellet ventilata con rivestimento in\u00a0maiolica<\/strong><i><\/i><br \/>\nRivestimento in maiolica<br \/>\nSerbatoio ermetico<br \/>\nVentilazione ambiente (Motore centrifugo con portata 400 m3\/h, Termostatabile, Funzione Comfort)<br \/>\n\u201cSistema Differenziale\u201d di sicurezza in camera di combustione<br \/>\nNuovo Telecomando IR Touch con Display retroilluminato<br \/>\nNuovo Display Black Mask con Wi-Fi integrato<br \/>\nScambiatori di calore a fascio tubiero<br \/>\nPorta, braciere e focolare estraibile in ghisa<br \/>\nVano raccolta ceneri estraibile<br \/>\nQuesto prodotto \u00e8\u00a0<b>certificato 4 stelle<\/b>\u00a0secondo i requisiti di emissioni e rendimento della certificazione Aria Pulita.<\/p>\n<p><i>Pellet Level Control<\/i><br \/>\nRegola la quantit\u00e0 di pellet da immettere nella camera di combustione.<\/p>\n<p><i>Acoustic Comfort Fan<\/i><br \/>\nRegola la velocit\u00e0 della ventilazione frontale privilegiando la silenziosit\u00e0 della stufa. La funzione \u00e8 abilitata dall\u2019utente ed \u00e8 attiva a qualsiasi potenza.<\/p>\n<p><i>Auto Clean Checkup<\/i><br \/>\nAumenta l\u2019efficienza della combustione e la durata delle parti soggette ad usura e, nel contempo, diminuisce la pulizia ordinaria del braciere.<\/p>\n<p><i>Room Temperature Control<\/i><br \/>\nLa presenza della sonda ambiente ottimizza il comfort e porta ad una sensibile diminuzione dei consumi<\/p>\n<p><i>ChronoThermostat Program<\/i><br \/>\nCronotermostato con controllo di temperatura suddiviso in quattro fasce giornaliere, per una ottimale gestione degli ambienti.<\/p>\n<p><i>Resistant Door at the Time<\/i><br \/>\nLe porte dei prodotti realizzate in ghisa di qualit\u00e0 elevata sono inalterabili nel tempo e garantiscono una costante tenuta.<\/p>\n<p><i>Delay Stop System<\/i><br \/>\nSpegnimento ritardato della stufa.<\/p>\n<p><i>Keylock System<\/i><br \/>\nPermette di bloccare il tastierino del display per evitare l\u2019uso improprio od accidentale dell\u2019apparecchio (blocco tasti).<\/p>\n<p><i>Hard Reset Program<\/i><br \/>\nRipristino dei dati iniziali di fabbrica preimpostati, in caso di errore di programmazione.<\/p>\n<p><i>Auto Re-Start<\/i><br \/>\nL\u2019apparecchio si riaccende automaticamente a seguito di un black out elettrico, dopo aver effettuato il ciclo di controlli previsto.<\/p>\n<p><i>Electronic Air Control<\/i><br \/>\nAria primaria e secondaria bilanciate elettronicamente per una ottimale combustione ed efficienza termica.<\/p>\n<p><i>Clean Glass Control<\/i><br \/>\nE\u2019 un sistema che tramite uno specifico percorso d\u2019aria preriscaldata evita efficacemente la formazione di depositi sul vetro della porta fuoco<\/p>\n<p><i>Rate Adjustment Program<\/i><br \/>\nIn due semplici passaggi possiamo regolare la forza della ventilazione e, dove presente, della canalizzazione.<\/p>\n<p><i>Interface Control Temperature<\/i><br \/>\nIl prodotto si interfaccia con i dispositivi di controllo di temperatura dell\u2019abitazione (termostati o contatti) per ottenere la temperatura desiderata negli ambienti<\/p>\n<\/div>\n<div id=\"read_less_more\"><\/div>\n","protected":false},"excerpt":{"rendered":"<p>La stufa a pellet Lucia di Extraflame Nordica ha un design dalle linee pulite impreziosite dall&#8217; utilizzo della maiolica. E&#8217; dotata di un serbatoio ermetico e di un motore di ultima generazione. Grazie ad una potenza di 3,6-12,1 kw riscalda fino a 347 m3.<\/p>\n<p><strong>Caratteristiche tecniche<\/strong><\/p>\n<p>Potenza termica nominale: 3,6-12,1 kW<br \/>\nm3 riscaldabili: 347<br \/>\nRendimento 92,5%<br \/>\nDimensioni (L-H-P) 556x1097x597 mm<br \/>\nConsumo orario 2,7 kg\/h<br \/>\nDiametro scarico fumi 80 mm<br \/>\nPeso Netto 181 kg<br \/>\nCapacit\u00e0 totale serbatoio ~ 27 kg<br \/>\nClasse Energetica A++<br \/>\nCertificazione Ambientale DM186: 4 STELLE<\/p>\n<p><strong>PRODOTTO NON DISPONIBILE IN PRONTA CONSEGNA. DA ORDINARE<\/strong><\/p>\n","protected":false},"featured_media":6447,"template":"","meta":{"site-sidebar-layout":"default","site-content-layout":"default","ast-site-content-layout":"default","site-content-style":"default","site-sidebar-style":"default","ast-global-header-display":"","ast-banner-title-visibility":"","ast-main-header-display":"","ast-hfb-above-header-display":"","ast-hfb-below-header-display":"","ast-hfb-mobile-header-display":"","site-post-title":"","ast-breadcrumbs-content":"","ast-featured-img":"","footer-sml-layout":"","ast-disable-related-posts":"","theme-transparent-header-meta":"default","adv-header-id-meta":"","stick-header-meta":"","header-above-stick-meta":"","header-main-stick-meta":"","header-below-stick-meta":"","astra-migrate-meta-layouts":"set","ast-page-background-enabled":"default","ast-page-background-meta":{"desktop":{"background-color":"","background-image":"","background-repeat":"repeat","background-position":"center center","background-size":"auto","background-attachment":"scroll","background-type":"","background-media":"","overlay-type":"","overlay-color":"","overlay-opacity":"","overlay-gradient":""},"tablet":{"background-color":"","background-image":"","background-repeat":"repeat","background-position":"center center","background-size":"auto","background-attachment":"scroll","background-type":"","background-media":"","overlay-type":"","overlay-color":"","overlay-opacity":"","overlay-gradient":""},"mobile":{"background-color":"","background-image":"","background-repeat":"repeat","background-position":"center center","background-size":"auto","background-attachment":"scroll","background-type":"","background-media":"","overlay-type":"","overlay-color":"","overlay-opacity":"","overlay-gradient":""}},"ast-content-background-meta":{"desktop":{"background-color":"var(--ast-global-color-5)","background-image":"","background-repeat":"repeat","background-position":"center center","background-size":"auto","background-attachment":"scroll","background-type":"","background-media":"","overlay-type":"","overlay-color":"","overlay-opacity":"","overlay-gradient":""},"tablet":{"background-color":"var(--ast-global-color-5)","background-image":"","background-repeat":"repeat","background-position":"center center","background-size":"auto","background-attachment":"scroll","background-type":"","background-media":"","overlay-type":"","overlay-color":"","overlay-opacity":"","overlay-gradient":""},"mobile":{"background-color":"var(--ast-global-color-5)","background-image":"","background-repeat":"repeat","background-position":"center center","background-size":"auto","background-attachment":"scroll","background-type":"","background-media":"","overlay-type":"","overlay-color":"","overlay-opacity":"","overlay-gradient":""}}},"product_brand":[],"product_cat":[60],"product_tag":[102],"class_list":{"0":"post-6441","1":"product","2":"type-product","3":"status-publish","4":"has-post-thumbnail","6":"product_cat-stufe-a-pellet","7":"product_tag-la-nordica","8":"desktop-align-center","9":"tablet-align-left","10":"mobile-align-left","12":"first","13":"instock","14":"taxable","15":"shipping-taxable","16":"purchasable","17":"product-type-variable"},"_links":{"self":[{"href":"https:\/\/www.centrocamini.it\/shop\/wp-json\/wp\/v2\/product\/6441","targetHints":{"allow":["GET"]}}],"collection":[{"href":"https:\/\/www.centrocamini.it\/shop\/wp-json\/wp\/v2\/product"}],"about":[{"href":"https:\/\/www.centrocamini.it\/shop\/wp-json\/wp\/v2\/types\/product"}],"version-history":[{"count":5,"href":"https:\/\/www.centrocamini.it\/shop\/wp-json\/wp\/v2\/product\/6441\/revisions"}],"predecessor-version":[{"id":8263,"href":"https:\/\/www.centrocamini.it\/shop\/wp-json\/wp\/v2\/product\/6441\/revisions\/8263"}],"wp:featuredmedia":[{"embeddable":true,"href":"https:\/\/www.centrocamini.it\/shop\/wp-json\/wp\/v2\/media\/6447"}],"wp:attachment":[{"href":"https:\/\/www.centrocamini.it\/shop\/wp-json\/wp\/v2\/media?parent=6441"}],"wp:term":[{"taxonomy":"product_brand","embeddable":true,"href":"https:\/\/www.centrocamini.it\/shop\/wp-json\/wp\/v2\/product_brand?post=6441"},{"taxonomy":"product_cat","embeddable":true,"href":"https:\/\/www.centrocamini.it\/shop\/wp-json\/wp\/v2\/product_cat?post=6441"},{"taxonomy":"product_tag","embeddable":true,"href":"https:\/\/www.centrocamini.it\/shop\/wp-json\/wp\/v2\/product_tag?post=6441"}],"curies":[{"name":"wp","href":"https:\/\/api.w.org\/{rel}","templated":true}]}}