{"id":6461,"date":"2022-05-13T02:23:02","date_gmt":"2022-05-13T00:23:02","guid":{"rendered":"https:\/\/www.centrocamini.it\/shop\/?post_type=product&#038;p=6461"},"modified":"2025-03-26T19:17:07","modified_gmt":"2025-03-26T18:17:07","slug":"stufa-a-pellet-canalizzata-slim-marilena-plus-ad-la-nordica","status":"publish","type":"product","link":"https:\/\/www.centrocamini.it\/shop\/prodotto\/stufa-a-pellet-canalizzata-slim-marilena-plus-ad-la-nordica\/","title":{"rendered":"Stufa a pellet canalizzata, slim Marilena Plus Pietra naturale La Nordica"},"content":{"rendered":"<h3>Caratteristiche tecniche della Stufa a pellet canalizzata, slim Marilena Plus AD extraflame La Nordica 5 stelle<\/h3>\n<div id=\"prd_div_scheda\">\n<div id=\"prd_div_scheda\">\n<p><b>Stufa\u00a0 a pellet &#8220;stretta&#8221;, canalizzata\u00a0 Extraflame Nordica MARILENA PLUS AD &#8211; PIETRA NATURALE<\/b><\/p>\n<p>La Nordica &#8211; Extraflame: protagonisti del calore.<br \/>\nNata nel 1968, La Nordica-Extraflame, azienda Leader nel settore del riscaldamento a legna. In questi anni \u00e8 passata dalle semplici stufe a prodotti evoluti e diversificati ad alto contenuto tecnologico.\u00a0 Grazie a innovazione e ricerca costante sui prodotti, ora \u00e8 distribuita in 50 paesi del mondo.<br \/>\nIl gruppo La Nordica-Extraflame lavora costantemente per offrire ai propri clienti una gamma sempre pi\u00f9 completa e all\u2019avanguardia di soluzioni per riscaldare la casa con legna e pellet, in totale sicurezza e nel pieno rispetto dell\u2019ambiente. Questo percorso ha portato oggi ad avere un catalogo con pi\u00f9 di 200 prodotti certificati che di anno in anno si arricchisce di nuove proposte.<\/p>\n<p><b>Auto Clean Checkup.<\/b><br \/>\nAumenta l\u2019efficienza della combustione e la durata delle parti soggette ad usura e, nel contempo, diminuisce la pulizia ordinaria del braciere.<\/p>\n<p><b>Room Temperature Control.<\/b><br \/>\nLa presenza della sonda ambiente ottimizza il comfort e porta ad una sensibile diminuzione dei consumi.<br \/>\n<b><br \/>\nChronoThermostat Program.<\/b><br \/>\nCronotermostato con controllo di temperatura suddiviso in quattro fasce giornaliere, per una ottimale gestione degli ambienti.<\/p>\n<p><b>Hard Reset Program.<\/b><br \/>\nRipristino dei dati iniziali di fabbrica preimpostati, in caso di errore di programmazione.<\/p>\n<p><b>Resistant Door at the Time.<\/b><br \/>\nLe porte dei prodotti realizzate in ghisa di qualit\u00e0 elevata sono inalterabili nel tempo e garantiscono una costante tenuta.<\/p>\n<p><b>Delay Stop System.<\/b><br \/>\nSpegnimento ritardato della stufa.<\/p>\n<p><b>Keylock System.<\/b><br \/>\nPermette di bloccare il tastierino del display per evitare l\u2019uso improprio od accidentale dell\u2019apparecchio (blocco tasti).<\/p>\n<p><b>Rate Adjustment Program.<\/b><br \/>\nIn due semplici passaggi possiamo regolare la forza della ventilazione e, dove presente, della canalizzazione.<\/p>\n<p><b>Auto Re-Start.<\/b><br \/>\nL\u2019apparecchio si riaccende automaticamente a seguito di un black out elettrico, dopo aver effettuato il ciclo di controlli previsto.<\/p>\n<p><b>Electronic Air Control.<\/b><br \/>\nAria primaria e secondaria bilanciate elettronicamente per una ottimale combustione ed efficienza termica.<\/p>\n<p><b>Clean Glass Control.<\/b><br \/>\nE\u2019 un sistema che tramite uno specifico percorso d\u2019aria preriscaldata evita efficacemente la formazione di depositi sul vetro della porta fuoco.<\/p>\n<p><b>Interface Control Temperature.<\/b><br \/>\nIl prodotto si interfaccia con i dispositivi di controllo di temperatura dell\u2019abitazione (termostati o contatti) per ottenere la temperatura desiderata negli ambienti.<\/p>\n<p><b>Pellet Level Control.<\/b><br \/>\nRegola la quantit\u00e0 di pellet da immettere nella camera di combustione.<\/p>\n<p><b>Acoustic Comfort Fan.<\/b><br \/>\nRegola la velocit\u00e0 della ventilazione frontale privilegiando la silenziosit\u00e0 della stufa. La funzione \u00e8 abilitata dall\u2019utente ed \u00e8 attiva a qualsiasi potenza.<\/p>\n<p><b>SCHEDA TECNICA<\/b><\/p>\n<p>MODELLO: MARILENA PLUS AD &#8211; CRYSTAL BIANCO<\/p>\n<p>Serie numerica : 1283006<\/p>\n<p>Serie: MARILENA PLUS AD CRYSTAL<\/p>\n<p><b>Caratteristiche<\/b><br \/>\nCodice EAN: 8008269004205<br \/>\nRivestimento in pietra<br \/>\nVentilazione ambiente con uscita superiore<br \/>\nVano raccolta cenere estraibile<br \/>\nFocolare, porta e braciere in ghisa<br \/>\nTermostato per la temperatura ambiente integrato<br \/>\nProgrammatore settimanale<br \/>\nTelecomando IR Touch<br \/>\nManiglia sganciabile con alloggiamento dedicato<br \/>\nSerbatoio ermetico<br \/>\n3 possibilit\u00e0 di uscita per lo scarico fumi: Superiore, Posteriore e Laterale sinistro<br \/>\nCanalizzazione con motore dedicato, termostatabile e fino a 8 metri di portata<br \/>\n\u00abSistema differenziale\u00bb di sicurezza in camera di combustione<br \/>\nPotenza termica nominale: 3,7-8,0 kW<br \/>\nm\u00b3 riscaldabili: 230 m\u00b3<br \/>\n<b><\/b><\/p>\n<p>&nbsp;<\/p>\n<\/div>\n<div id=\"read_less_more\"><\/div>\n<\/div>\n","protected":false},"excerpt":{"rendered":"<p>La stufa a pellet &#8220;stretta&#8221;, canalizzata Extraflame Nordica MARILENA PLUS AD &#8211; PIETRA NATURALE \u00e8 una stufa di ultima generazione, canalizzazione con motore dedicato, termostatabile e fino a 8 metri di portata. Con Potenza termica nominale di 8,0 kW pu\u00f2 riscaldare fino a 230 m\u00b3<\/p>\n<p><b>Caratteristiche tecniche<\/b><br \/>\nConsumo orario: 0,8 &#8211; 1,8 Kg\/h<br \/>\nDiametro scarico fumi: 80 mm<br \/>\nDimensioni (L-H-P): 750 x 1077 x 352 mm<br \/>\nPeso Netto: 155 kg<br \/>\nRendimento: 91,0%<br \/>\nCapacit\u00e0 totale serbatoio: 15 kg<br \/>\nClasse Energetica: A+<br \/>\nCertificazione Ambientale DM186: 4 STELLE<\/p>\n<p><strong>PRODOTTO NON DISPONIBILE IN PRONTA CONSEGNA. DA ORDINARE<\/strong><\/p>\n","protected":false},"featured_media":6467,"template":"","meta":{"site-sidebar-layout":"default","site-content-layout":"default","ast-site-content-layout":"default","site-content-style":"default","site-sidebar-style":"default","ast-global-header-display":"","ast-banner-title-visibility":"","ast-main-header-display":"","ast-hfb-above-header-display":"","ast-hfb-below-header-display":"","ast-hfb-mobile-header-display":"","site-post-title":"","ast-breadcrumbs-content":"","ast-featured-img":"","footer-sml-layout":"","ast-disable-related-posts":"","theme-transparent-header-meta":"default","adv-header-id-meta":"","stick-header-meta":"","header-above-stick-meta":"","header-main-stick-meta":"","header-below-stick-meta":"","astra-migrate-meta-layouts":"set","ast-page-background-enabled":"default","ast-page-background-meta":{"desktop":{"background-color":"","background-image":"","background-repeat":"repeat","background-position":"center center","background-size":"auto","background-attachment":"scroll","background-type":"","background-media":"","overlay-type":"","overlay-color":"","overlay-opacity":"","overlay-gradient":""},"tablet":{"background-color":"","background-image":"","background-repeat":"repeat","background-position":"center center","background-size":"auto","background-attachment":"scroll","background-type":"","background-media":"","overlay-type":"","overlay-color":"","overlay-opacity":"","overlay-gradient":""},"mobile":{"background-color":"","background-image":"","background-repeat":"repeat","background-position":"center center","background-size":"auto","background-attachment":"scroll","background-type":"","background-media":"","overlay-type":"","overlay-color":"","overlay-opacity":"","overlay-gradient":""}},"ast-content-background-meta":{"desktop":{"background-color":"var(--ast-global-color-5)","background-image":"","background-repeat":"repeat","background-position":"center center","background-size":"auto","background-attachment":"scroll","background-type":"","background-media":"","overlay-type":"","overlay-color":"","overlay-opacity":"","overlay-gradient":""},"tablet":{"background-color":"var(--ast-global-color-5)","background-image":"","background-repeat":"repeat","background-position":"center center","background-size":"auto","background-attachment":"scroll","background-type":"","background-media":"","overlay-type":"","overlay-color":"","overlay-opacity":"","overlay-gradient":""},"mobile":{"background-color":"var(--ast-global-color-5)","background-image":"","background-repeat":"repeat","background-position":"center center","background-size":"auto","background-attachment":"scroll","background-type":"","background-media":"","overlay-type":"","overlay-color":"","overlay-opacity":"","overlay-gradient":""}}},"product_brand":[],"product_cat":[60],"product_tag":[102],"class_list":{"0":"post-6461","1":"product","2":"type-product","3":"status-publish","4":"has-post-thumbnail","6":"product_cat-stufe-a-pellet","7":"product_tag-la-nordica","8":"desktop-align-center","9":"tablet-align-left","10":"mobile-align-left","12":"first","13":"instock","14":"taxable","15":"shipping-taxable","16":"purchasable","17":"product-type-variable"},"_links":{"self":[{"href":"https:\/\/www.centrocamini.it\/shop\/wp-json\/wp\/v2\/product\/6461","targetHints":{"allow":["GET"]}}],"collection":[{"href":"https:\/\/www.centrocamini.it\/shop\/wp-json\/wp\/v2\/product"}],"about":[{"href":"https:\/\/www.centrocamini.it\/shop\/wp-json\/wp\/v2\/types\/product"}],"version-history":[{"count":6,"href":"https:\/\/www.centrocamini.it\/shop\/wp-json\/wp\/v2\/product\/6461\/revisions"}],"predecessor-version":[{"id":9083,"href":"https:\/\/www.centrocamini.it\/shop\/wp-json\/wp\/v2\/product\/6461\/revisions\/9083"}],"wp:featuredmedia":[{"embeddable":true,"href":"https:\/\/www.centrocamini.it\/shop\/wp-json\/wp\/v2\/media\/6467"}],"wp:attachment":[{"href":"https:\/\/www.centrocamini.it\/shop\/wp-json\/wp\/v2\/media?parent=6461"}],"wp:term":[{"taxonomy":"product_brand","embeddable":true,"href":"https:\/\/www.centrocamini.it\/shop\/wp-json\/wp\/v2\/product_brand?post=6461"},{"taxonomy":"product_cat","embeddable":true,"href":"https:\/\/www.centrocamini.it\/shop\/wp-json\/wp\/v2\/product_cat?post=6461"},{"taxonomy":"product_tag","embeddable":true,"href":"https:\/\/www.centrocamini.it\/shop\/wp-json\/wp\/v2\/product_tag?post=6461"}],"curies":[{"name":"wp","href":"https:\/\/api.w.org\/{rel}","templated":true}]}}