{"id":6515,"date":"2022-05-13T03:39:31","date_gmt":"2022-05-13T01:39:31","guid":{"rendered":"https:\/\/www.centrocamini.it\/shop\/?post_type=product&#038;p=6515"},"modified":"2023-12-01T14:37:34","modified_gmt":"2023-12-01T13:37:34","slug":"stufa-a-pellet-canalizzata-lucia-plus-la-nordica","status":"publish","type":"product","link":"https:\/\/www.centrocamini.it\/shop\/prodotto\/stufa-a-pellet-canalizzata-lucia-plus-la-nordica\/","title":{"rendered":"Stufa a pellet canalizzata Lucia Plus La Nordica"},"content":{"rendered":"<h3>Caratteristiche tecniche della Stufa a pellet canalizzata Lucia Plus extraflame La Nordica<\/h3>\n<p><b>Lucia Plus<\/b><br \/>\n<i>Stufa a pellet canalizzata con rivestimento in maiolica<\/i><br \/>\n<b><br \/>\nChronoThermostat Program<\/b><br \/>\nCronotermostato con controllo di temperatura suddiviso in quattro fasce giornaliere, per una ottimale gestione degli ambienti.<\/p>\n<p><b>Wi-Fi<\/b><br \/>\nLa stufa dotata di questo modulo (optional) pu\u00f2 collegarsi ad una rete Internet, gi\u00e0 presente nel locale, per dialogare con l\u2019applicazione Extraflame \u201cTotal Control\u201d.<br \/>\n<b><br \/>\nResistant Door at the Time<\/b><br \/>\nLe porte dei prodotti realizzate in ghisa di qualit\u00e0 elevata sono inalterabili nel tempo e garantiscono una costante tenuta.<\/p>\n<p><b>Clean Glass Control<\/b><br \/>\nE\u2019 un sistema che tramite uno specifico percorso d\u2019aria preriscaldata evita efficacemente la formazione di depositi sul vetro della porta fuoco<\/p>\n<p><b>Rate Adjustment Program<\/b><br \/>\nIn due semplici passaggi possiamo regolare la forza della ventilazione e, dove presente, della canalizzazione.<\/p>\n<p><b>Hard Reset Program<\/b><br \/>\nRipristino dei dati iniziali di fabbrica preimpostati, in caso di errore di programmazione.<\/p>\n<p><b>Auto Re-Start<\/b><br \/>\nL\u2019apparecchio si riaccende automaticamente a seguito di un black out elettrico, dopo aver effettuato il ciclo di controlli previsto.<\/p>\n<p><b>Electronic Air Control<\/b><br \/>\nAria primaria e secondaria bilanciate elettronicamente per una ottimale combustione ed efficienza termica.<\/p>\n<p><b>Interface Control Temperature<\/b><br \/>\nIl prodotto si interfaccia con i dispositivi di controllo di temperatura dell\u2019abitazione (termostati o contatti) per ottenere la temperatura desiderata negli ambienti<\/p>\n<p><b>Pellet Level Control<\/b><br \/>\nRegola la quantit\u00e0 di pellet da immettere nella camera di combustione.<\/p>\n<p><b>Acoustic Comfort Fan<\/b><br \/>\nRegola la velocit\u00e0 della ventilazione frontale privilegiando la silenziosit\u00e0 della stufa. La funzione \u00e8 abilitata dall\u2019utente ed \u00e8 attiva a qualsiasi potenza.<\/p>\n<p><b>Auto Clean Checkup<\/b><br \/>\nAumenta l\u2019efficienza della combustione e la durata delle parti soggette ad usura e, nel contempo, diminuisce la pulizia ordinaria del braciere.<\/p>\n<p><b>Room Temperature Control<\/b><br \/>\nLa presenza della sonda ambiente ottimizza il comfort e porta ad una sensibile diminuzione dei consumi<\/p>\n<p><b>Caratteristiche:<\/b><br \/>\nRivestimento in\u00a0<b>maiolica<\/b><br \/>\nSerbatoio ermetico<br \/>\nTre motori centrifughi indipendenti termostatabili: uno dedicato alla ventilazione frontale con portata 400 m3\/h e due dedicati alla canalizzazione (fino a 8m cadauna)<br \/>\n\u201cSistema Differenziale\u201d di sicurezza in camera di combustione<br \/>\nNuovo Telecomando IR Touch con Display retroilluminato<br \/>\nNuovo Display Black Mask con Wi-Fi integrato<br \/>\nScambiatori di calore a fascio tubiero<br \/>\nPorta, braciere e focolare estraibile in ghisa<br \/>\nVano raccolta ceneri estraibile<br \/>\n<b>Potenza termica nominale: 3,6-12,0 kW<br \/>\nm3 riscaldabili: 344<\/b><\/p>\n","protected":false},"excerpt":{"rendered":"<p>La stufa Lucia Plus \u00e8 predisposta per la canalizzazione per poter ottenere il massimo vantaggio da questo apparecchio che, grazie ad una potenza di 12 kw, pu\u00f2 riscaldare fino a 344 m3. E&#8217; dotata dei pi\u00f9 alti surplus tecnologici.<\/p>\n<p><strong>Caratteristiche tecniche<\/strong><\/p>\n<p>Dimensioni (L-H-P) 556x1097x597 mm<br \/>\nRendimento 91,6 %<br \/>\nConsumo orario 0,8-2,7 kg\/h<br \/>\nPeso Netto 186 kg<br \/>\nCapacit\u00e0 totale serbatoio 27 kg<br \/>\nDiametro scarico fumi 80 mm<br \/>\nClasse Energetica A+<br \/>\nCertificazione Ambientale DM186\u00a04 STELLE<\/p>\n<p><strong>PRODOTTO NON DISPONIBILE IN PRONTA CONSEGNA. DA ORDINARE<\/strong><\/p>\n","protected":false},"featured_media":6519,"template":"","meta":{"site-sidebar-layout":"default","site-content-layout":"default","ast-site-content-layout":"default","site-content-style":"default","site-sidebar-style":"default","ast-global-header-display":"","ast-banner-title-visibility":"","ast-main-header-display":"","ast-hfb-above-header-display":"","ast-hfb-below-header-display":"","ast-hfb-mobile-header-display":"","site-post-title":"","ast-breadcrumbs-content":"","ast-featured-img":"","footer-sml-layout":"","ast-disable-related-posts":"","theme-transparent-header-meta":"default","adv-header-id-meta":"","stick-header-meta":"","header-above-stick-meta":"","header-main-stick-meta":"","header-below-stick-meta":"","astra-migrate-meta-layouts":"set","ast-page-background-enabled":"default","ast-page-background-meta":{"desktop":{"background-color":"","background-image":"","background-repeat":"repeat","background-position":"center center","background-size":"auto","background-attachment":"scroll","background-type":"","background-media":"","overlay-type":"","overlay-color":"","overlay-opacity":"","overlay-gradient":""},"tablet":{"background-color":"","background-image":"","background-repeat":"repeat","background-position":"center center","background-size":"auto","background-attachment":"scroll","background-type":"","background-media":"","overlay-type":"","overlay-color":"","overlay-opacity":"","overlay-gradient":""},"mobile":{"background-color":"","background-image":"","background-repeat":"repeat","background-position":"center center","background-size":"auto","background-attachment":"scroll","background-type":"","background-media":"","overlay-type":"","overlay-color":"","overlay-opacity":"","overlay-gradient":""}},"ast-content-background-meta":{"desktop":{"background-color":"var(--ast-global-color-5)","background-image":"","background-repeat":"repeat","background-position":"center center","background-size":"auto","background-attachment":"scroll","background-type":"","background-media":"","overlay-type":"","overlay-color":"","overlay-opacity":"","overlay-gradient":""},"tablet":{"background-color":"var(--ast-global-color-5)","background-image":"","background-repeat":"repeat","background-position":"center center","background-size":"auto","background-attachment":"scroll","background-type":"","background-media":"","overlay-type":"","overlay-color":"","overlay-opacity":"","overlay-gradient":""},"mobile":{"background-color":"var(--ast-global-color-5)","background-image":"","background-repeat":"repeat","background-position":"center center","background-size":"auto","background-attachment":"scroll","background-type":"","background-media":"","overlay-type":"","overlay-color":"","overlay-opacity":"","overlay-gradient":""}}},"product_brand":[],"product_cat":[60],"product_tag":[102],"class_list":{"0":"post-6515","1":"product","2":"type-product","3":"status-publish","4":"has-post-thumbnail","6":"product_cat-stufe-a-pellet","7":"product_tag-la-nordica","8":"desktop-align-center","9":"tablet-align-left","10":"mobile-align-left","12":"first","13":"instock","14":"taxable","15":"shipping-taxable","16":"purchasable","17":"product-type-variable"},"_links":{"self":[{"href":"https:\/\/www.centrocamini.it\/shop\/wp-json\/wp\/v2\/product\/6515","targetHints":{"allow":["GET"]}}],"collection":[{"href":"https:\/\/www.centrocamini.it\/shop\/wp-json\/wp\/v2\/product"}],"about":[{"href":"https:\/\/www.centrocamini.it\/shop\/wp-json\/wp\/v2\/types\/product"}],"version-history":[{"count":3,"href":"https:\/\/www.centrocamini.it\/shop\/wp-json\/wp\/v2\/product\/6515\/revisions"}],"predecessor-version":[{"id":8231,"href":"https:\/\/www.centrocamini.it\/shop\/wp-json\/wp\/v2\/product\/6515\/revisions\/8231"}],"wp:featuredmedia":[{"embeddable":true,"href":"https:\/\/www.centrocamini.it\/shop\/wp-json\/wp\/v2\/media\/6519"}],"wp:attachment":[{"href":"https:\/\/www.centrocamini.it\/shop\/wp-json\/wp\/v2\/media?parent=6515"}],"wp:term":[{"taxonomy":"product_brand","embeddable":true,"href":"https:\/\/www.centrocamini.it\/shop\/wp-json\/wp\/v2\/product_brand?post=6515"},{"taxonomy":"product_cat","embeddable":true,"href":"https:\/\/www.centrocamini.it\/shop\/wp-json\/wp\/v2\/product_cat?post=6515"},{"taxonomy":"product_tag","embeddable":true,"href":"https:\/\/www.centrocamini.it\/shop\/wp-json\/wp\/v2\/product_tag?post=6515"}],"curies":[{"name":"wp","href":"https:\/\/api.w.org\/{rel}","templated":true}]}}