{"id":6562,"date":"2022-05-18T00:25:44","date_gmt":"2022-05-17T22:25:44","guid":{"rendered":"https:\/\/www.centrocamini.it\/shop\/?post_type=product&#038;p=6562"},"modified":"2024-03-23T19:21:02","modified_gmt":"2024-03-23T18:21:02","slug":"termostufa-a-pellet-ventilata-raffaella-idro-h18-la-nordica","status":"publish","type":"product","link":"https:\/\/www.centrocamini.it\/shop\/prodotto\/termostufa-a-pellet-ventilata-raffaella-idro-h18-la-nordica\/","title":{"rendered":"Termostufa a pellet ventilata Raffaella Idro H18 La Nordica"},"content":{"rendered":"<h3>Caratteristiche tecniche della Termostufa a pellet ventilata Raffaella Idro H18 La Nordica extraflame<\/h3>\n<p><b>Termostufa a pellet 21,7 kw &#8211; grigio luce &#8211; Extraflame Nordica &#8211; Raffaella Idro H18<\/b><br \/>\n<b>Caratteristiche principali<br \/>\n<\/b>\u2022 Rivestimento in acciaio<br \/>\n\u2022 Ventilazione forzata frontale (Escludibile)<br \/>\n\u2022 Cassetto cenere estraibile, porta e braciere in ghisa<br \/>\n\u2022 Termostato di sicurezza e pressostato di sicurezza<br \/>\n\u2022 Programmatore settimanale<br \/>\n\u2022 Scambiatore di calore con pulizia manuale<br \/>\n\u2022 Candeletta in ceramica<br \/>\n\u2022 Pompa PWM<br \/>\n\u2022 Display Black LCD<br \/>\n\u2022 Telecomando IR touch<br \/>\n\u2022 Uscita fumi posteriore<br \/>\n\u2022 Valvola di sicurezza 3 bar<br \/>\n\u2022 Vaso espansione<br \/>\n\u2022 Sfiato aria<br \/>\n\u2022 Trasduttore di pressione e visualizzazione della pressione a display<\/p>\n<p>* in fase di omologazione<\/p>\n<p><b>Sistema pulizia vetro<br \/>\n<\/b>\u00c8 un sistema che tramite uno specifico percorso d\u2019aria preriscaldata evita efficacemente la formazione di depositi sul vetro della porta fuoco.<\/p>\n<p><b>Auto-bilanciamento aria 1\u00b0 e 2\u00b0<br \/>\n<\/b>Aria primaria e secondaria bilanciate elettronicamente per una ottimale combustione ed efficienza termica.<\/p>\n<p><b>Ingresso termostato ambiente esterno<br \/>\n<\/b>Il prodotto si interfaccia con i dispositivi di controllo di temperatura dell\u2019abitazione (termostati o contatti) per ottenere la temperatura desiderata negli ambienti.<\/p>\n<p><b>Cronotermostato<br \/>\n<\/b>Cronotermostato con controllo di temperatura suddiviso in quattro fasce giornaliere, per una ottimale gestione degli ambienti.<\/p>\n<p><b>Auto-riaccensione post black-out<br \/>\n<\/b>L\u2019apparecchio si riaccende automaticamente a seguito di un black out elettrico, dopo aver effettuato il ciclo di controlli previsto.<\/p>\n<p><b>Combustione pulita<br \/>\n<\/b>Aumenta l\u2019efficienza della combustione e la durata delle parti soggette ad usura e, nel contempo, diminuisce la pulizia ordinaria del braciere.<\/p>\n<p><b>Braciere estraibile per facile pulizia<br \/>\n<\/b>Il sistema di costruzione del braciere permette una facile estrazione per una pulizia veloce e completa.<\/p>\n<p><b>Autoregolazione dell\u2019aspiratore fumi (encoder)<br \/>\n<\/b>Mantiene costante i giri del motore fumi per garantire una corretta combustione del prodotto.<\/p>\n<p><b>Test Ermeticit\u00e0 a 50 Pa (100% prodotti)<br \/>\n<\/b>Tutti i prodotti ermetici, o che hanno anche solo dei componenti \u201cstagni\u201d (come il serbatoio), vengono testati ad alta pressione a fine linea di produzione per garantire la sicurezza e le prestazioni ottimali.<\/p>\n<p><b>Pressostato di sicurezza canna fumaria<br \/>\n<\/b>Verifica la corretta evacuazione fumi ed in caso di necessit\u00e0 blocca il caricamento del pellet evitando problematiche sul generatore.<b><\/b><\/p>\n","protected":false},"excerpt":{"rendered":"<p>La termostufa a pellet Raffaella Idro H18 di Extraflame Nordica \u00e8 rivestita in acciaio. Il cassetto cenere \u00e8 estraibile. La porta e il braciere sono in ghisa. La termostufa \u00e8 dotata di termostato di sicurezza e pressostato di sicurezza. \u00c8 provvista di programmatore settimanale.<\/p>\n<p><strong>Caratteristiche tecniche<\/strong><br \/>\nPotenza termica nominale: 21,7 kW<br \/>\nPotenza resa all&#8217;acqua: 18,0 kW-H2O<br \/>\nm\u00b3 riscaldabili: 615 m\u00b3<br \/>\nDimensioni (L-H-P): 633 x 1176 x 626 mm *<br \/>\nPeso Netto: *<br \/>\nRendimento: 93,8 % *<br \/>\nConsumo orario: 4,8 kg\/h *<br \/>\nDiametro scarico fumi: 100 mm P<br \/>\nCapacit\u00e0 totale serbatoio: 35 kg *<br \/>\nClasse Energetica: A+<br \/>\nCertificazione Ambientale DM186: 4 STELLE *<\/p>\n","protected":false},"featured_media":6566,"template":"","meta":{"site-sidebar-layout":"default","site-content-layout":"default","ast-site-content-layout":"default","site-content-style":"default","site-sidebar-style":"default","ast-global-header-display":"","ast-banner-title-visibility":"","ast-main-header-display":"","ast-hfb-above-header-display":"","ast-hfb-below-header-display":"","ast-hfb-mobile-header-display":"","site-post-title":"","ast-breadcrumbs-content":"","ast-featured-img":"","footer-sml-layout":"","ast-disable-related-posts":"","theme-transparent-header-meta":"default","adv-header-id-meta":"","stick-header-meta":"","header-above-stick-meta":"","header-main-stick-meta":"","header-below-stick-meta":"","astra-migrate-meta-layouts":"set","ast-page-background-enabled":"default","ast-page-background-meta":{"desktop":{"background-color":"","background-image":"","background-repeat":"repeat","background-position":"center center","background-size":"auto","background-attachment":"scroll","background-type":"","background-media":"","overlay-type":"","overlay-color":"","overlay-opacity":"","overlay-gradient":""},"tablet":{"background-color":"","background-image":"","background-repeat":"repeat","background-position":"center center","background-size":"auto","background-attachment":"scroll","background-type":"","background-media":"","overlay-type":"","overlay-color":"","overlay-opacity":"","overlay-gradient":""},"mobile":{"background-color":"","background-image":"","background-repeat":"repeat","background-position":"center center","background-size":"auto","background-attachment":"scroll","background-type":"","background-media":"","overlay-type":"","overlay-color":"","overlay-opacity":"","overlay-gradient":""}},"ast-content-background-meta":{"desktop":{"background-color":"var(--ast-global-color-5)","background-image":"","background-repeat":"repeat","background-position":"center center","background-size":"auto","background-attachment":"scroll","background-type":"","background-media":"","overlay-type":"","overlay-color":"","overlay-opacity":"","overlay-gradient":""},"tablet":{"background-color":"var(--ast-global-color-5)","background-image":"","background-repeat":"repeat","background-position":"center center","background-size":"auto","background-attachment":"scroll","background-type":"","background-media":"","overlay-type":"","overlay-color":"","overlay-opacity":"","overlay-gradient":""},"mobile":{"background-color":"var(--ast-global-color-5)","background-image":"","background-repeat":"repeat","background-position":"center center","background-size":"auto","background-attachment":"scroll","background-type":"","background-media":"","overlay-type":"","overlay-color":"","overlay-opacity":"","overlay-gradient":""}}},"product_brand":[],"product_cat":[25],"product_tag":[102],"class_list":{"0":"post-6562","1":"product","2":"type-product","3":"status-publish","4":"has-post-thumbnail","6":"product_cat-termostufe","7":"product_tag-la-nordica","8":"desktop-align-center","9":"tablet-align-left","10":"mobile-align-left","12":"first","13":"instock","14":"taxable","15":"shipping-taxable","16":"purchasable","17":"product-type-variable"},"_links":{"self":[{"href":"https:\/\/www.centrocamini.it\/shop\/wp-json\/wp\/v2\/product\/6562","targetHints":{"allow":["GET"]}}],"collection":[{"href":"https:\/\/www.centrocamini.it\/shop\/wp-json\/wp\/v2\/product"}],"about":[{"href":"https:\/\/www.centrocamini.it\/shop\/wp-json\/wp\/v2\/types\/product"}],"version-history":[{"count":2,"href":"https:\/\/www.centrocamini.it\/shop\/wp-json\/wp\/v2\/product\/6562\/revisions"}],"predecessor-version":[{"id":6694,"href":"https:\/\/www.centrocamini.it\/shop\/wp-json\/wp\/v2\/product\/6562\/revisions\/6694"}],"wp:featuredmedia":[{"embeddable":true,"href":"https:\/\/www.centrocamini.it\/shop\/wp-json\/wp\/v2\/media\/6566"}],"wp:attachment":[{"href":"https:\/\/www.centrocamini.it\/shop\/wp-json\/wp\/v2\/media?parent=6562"}],"wp:term":[{"taxonomy":"product_brand","embeddable":true,"href":"https:\/\/www.centrocamini.it\/shop\/wp-json\/wp\/v2\/product_brand?post=6562"},{"taxonomy":"product_cat","embeddable":true,"href":"https:\/\/www.centrocamini.it\/shop\/wp-json\/wp\/v2\/product_cat?post=6562"},{"taxonomy":"product_tag","embeddable":true,"href":"https:\/\/www.centrocamini.it\/shop\/wp-json\/wp\/v2\/product_tag?post=6562"}],"curies":[{"name":"wp","href":"https:\/\/api.w.org\/{rel}","templated":true}]}}