{"id":6574,"date":"2022-05-18T01:26:43","date_gmt":"2022-05-17T23:26:43","guid":{"rendered":"https:\/\/www.centrocamini.it\/shop\/?post_type=product&#038;p=6574"},"modified":"2024-03-24T21:05:54","modified_gmt":"2024-03-24T20:05:54","slug":"inserto-a-pellet-ventilato-comfort-p85-plus-la-nordica","status":"publish","type":"product","link":"https:\/\/www.centrocamini.it\/shop\/prodotto\/inserto-a-pellet-ventilato-comfort-p85-plus-la-nordica\/","title":{"rendered":"Inserto a pellet ventilato Comfort P85 PLUS La Nordica"},"content":{"rendered":"<h3>Caratteristiche tecniche dell&#8217;Inserto a pellet ventilato Comfort P85 PLUS La Nordica extraflame<\/h3>\n<p><i><b>Comfort P85 Plus<\/b><\/i><br \/>\n<i>Inserto a pellet canalizzato<\/i><\/p>\n<p><i><b>Clean Glass Control<\/b><\/i><br \/>\nE\u2019 un sistema che tramite uno specifico percorso d\u2019aria preriscaldata evita efficacemente la formazione di depositi sul vetro della porta fuoco<\/p>\n<p><i><b>Rate Adjustment Program<\/b><\/i><br \/>\nIn due semplici passaggi possiamo regolare la forza della ventilazione e, dove presente, della canalizzazione.<\/p>\n<p><i><b>Acoustic Comfort Fan<\/b><\/i><br \/>\nRegola la velocit\u00e0 della ventilazione frontale privilegiando la silenziosit\u00e0 della stufa. La funzione \u00e8 abilitata dall\u2019utente ed \u00e8 attiva a qualsiasi potenza.<\/p>\n<p><i><b>Auto Clean Checkup<\/b><\/i><br \/>\nAumenta l\u2019efficienza della combustione e la durata delle parti soggette ad usura e, nel contempo, diminuisce la pulizia ordinaria del braciere.<\/p>\n<p><i><b>Room Temperature Control<\/b><\/i><br \/>\nLa presenza della sonda ambiente ottimizza il comfort e porta ad una sensibile diminuzione dei consumi<\/p>\n<p><i><b>ChronoThermostat Program<\/b><\/i><br \/>\nCronotermostato con controllo di temperatura suddiviso in quattro fasce giornaliere, per una ottimale gestione degli ambienti.<\/p>\n<p><i><b>Auto Re-Start<\/b><\/i><br \/>\nL\u2019apparecchio si riaccende automaticamente a seguito di un black out elettrico, dopo aver effettuato il ciclo di controlli previsto.<\/p>\n<p><i><b>Resistant Door at the Time<\/b><\/i><br \/>\nLe porte dei prodotti realizzate in ghisa di qualit\u00e0 elevata sono inalterabili nel tempo e garantiscono una costante tenuta.<\/p>\n<p><i><b>Delay Stop System<\/b><\/i><br \/>\nSpegnimento ritardato della stufa.<\/p>\n<p><i><b>Hard Reset Program<\/b><\/i><br \/>\nRipristino dei dati iniziali di fabbrica preimpostati, in caso di errore di programmazione.<\/p>\n<p><i><b>Interface Control Temperature<\/b><\/i><br \/>\nIl prodotto si interfaccia con i dispositivi di controllo di temperatura dell\u2019abitazione (termostati o contatti) per ottenere la temperatura desiderata negli ambienti<\/p>\n<p><i><b>Pellet Level Control<\/b><\/i><br \/>\nRegola la quantit\u00e0 di pellet da immettere nella camera di combustione.<\/p>\n<p><i><b>Electronic Air Control<\/b><\/i><br \/>\nAria primaria e secondaria bilanciate elettronicamente per una ottimale combustione ed efficienza termica.<\/p>\n<p><i><b>Caratteristiche:<\/b><\/i><br \/>\nPorta fuoco in ghisa con vetro panoramico<br \/>\nGrande maniglia per apertura\/chiusura facilitata<br \/>\nSensore serbatoio per livello minimo di pellet<br \/>\nModulo emergenza essenziale<br \/>\nVano deposito cenere con cassettino estraibile<br \/>\nCronotermostato settimanale<br \/>\nFocolare e braciere in ghisa<br \/>\nSistema semplificato per rimozione inserto con ampie maniglie richiudibili e rotaie per estrazione completa del camino con portata 250 Kg<br \/>\nVentilazione frontale potente con ventilatore centrifugo da 390 m\u00b3\/h (a bocca libera)<br \/>\n<b>Doppia canalizzazione<\/b>\u00a0fino a 8 metri cadauna, termostatabile con due motori centrifughi dedicati da 180 m\u00b3\/h (a bocca libera) con funzione comfort<br \/>\n<b>Potenza termica nominale 12,0 kw<br \/>\nm3 riscaldabili: 344<\/b><\/p>\n<div id=\"prd_div_scheda\"><\/div>\n","protected":false},"excerpt":{"rendered":"<p>L&#8217; inserto a pellet Comfort P85 Plus ha la possibilit\u00e0 di sfruttare al massimo i plus tecnologici dell&#8217; apparecchio grazie ad una canalizzazione dell&#8217; aria fino a 8 metri. E&#8217; dotata di una potente ventilazione da 390 m3\/h che permette di riscaldare fino a 344 m3<\/p>\n<p><strong>Caratteristiche tecniche<\/strong><\/p>\n<p>Dimensioni (L-H-P) 814x550x636 mm<br \/>\nPeso Netto 160 kg<br \/>\nRendimento 91,1 %<br \/>\nConsumo orario 0,8-2,6 kg\/h<br \/>\nDiametro scarico fumi 80 mm<br \/>\nCapacit\u00e0 totale serbatoio 16 kg<br \/>\n<b>Classe Energetica A+<\/b><br \/>\nCertificazione Ambientale DM186\u00a0<b>4 STELLE<\/b><\/p>\n","protected":false},"featured_media":6575,"template":"","meta":{"site-sidebar-layout":"default","site-content-layout":"default","ast-site-content-layout":"default","site-content-style":"default","site-sidebar-style":"default","ast-global-header-display":"","ast-banner-title-visibility":"","ast-main-header-display":"","ast-hfb-above-header-display":"","ast-hfb-below-header-display":"","ast-hfb-mobile-header-display":"","site-post-title":"","ast-breadcrumbs-content":"","ast-featured-img":"","footer-sml-layout":"","ast-disable-related-posts":"","theme-transparent-header-meta":"default","adv-header-id-meta":"","stick-header-meta":"","header-above-stick-meta":"","header-main-stick-meta":"","header-below-stick-meta":"","astra-migrate-meta-layouts":"set","ast-page-background-enabled":"default","ast-page-background-meta":{"desktop":{"background-color":"","background-image":"","background-repeat":"repeat","background-position":"center center","background-size":"auto","background-attachment":"scroll","background-type":"","background-media":"","overlay-type":"","overlay-color":"","overlay-opacity":"","overlay-gradient":""},"tablet":{"background-color":"","background-image":"","background-repeat":"repeat","background-position":"center center","background-size":"auto","background-attachment":"scroll","background-type":"","background-media":"","overlay-type":"","overlay-color":"","overlay-opacity":"","overlay-gradient":""},"mobile":{"background-color":"","background-image":"","background-repeat":"repeat","background-position":"center center","background-size":"auto","background-attachment":"scroll","background-type":"","background-media":"","overlay-type":"","overlay-color":"","overlay-opacity":"","overlay-gradient":""}},"ast-content-background-meta":{"desktop":{"background-color":"var(--ast-global-color-5)","background-image":"","background-repeat":"repeat","background-position":"center center","background-size":"auto","background-attachment":"scroll","background-type":"","background-media":"","overlay-type":"","overlay-color":"","overlay-opacity":"","overlay-gradient":""},"tablet":{"background-color":"var(--ast-global-color-5)","background-image":"","background-repeat":"repeat","background-position":"center center","background-size":"auto","background-attachment":"scroll","background-type":"","background-media":"","overlay-type":"","overlay-color":"","overlay-opacity":"","overlay-gradient":""},"mobile":{"background-color":"var(--ast-global-color-5)","background-image":"","background-repeat":"repeat","background-position":"center center","background-size":"auto","background-attachment":"scroll","background-type":"","background-media":"","overlay-type":"","overlay-color":"","overlay-opacity":"","overlay-gradient":""}}},"product_brand":[],"product_cat":[30],"product_tag":[102],"class_list":{"0":"post-6574","1":"product","2":"type-product","3":"status-publish","4":"has-post-thumbnail","6":"product_cat-inserti-a-pellet","7":"product_tag-la-nordica","8":"desktop-align-center","9":"tablet-align-left","10":"mobile-align-left","12":"first","13":"instock","14":"taxable","15":"shipping-taxable","16":"purchasable","17":"product-type-simple"},"_links":{"self":[{"href":"https:\/\/www.centrocamini.it\/shop\/wp-json\/wp\/v2\/product\/6574","targetHints":{"allow":["GET"]}}],"collection":[{"href":"https:\/\/www.centrocamini.it\/shop\/wp-json\/wp\/v2\/product"}],"about":[{"href":"https:\/\/www.centrocamini.it\/shop\/wp-json\/wp\/v2\/types\/product"}],"version-history":[{"count":1,"href":"https:\/\/www.centrocamini.it\/shop\/wp-json\/wp\/v2\/product\/6574\/revisions"}],"predecessor-version":[{"id":6577,"href":"https:\/\/www.centrocamini.it\/shop\/wp-json\/wp\/v2\/product\/6574\/revisions\/6577"}],"wp:featuredmedia":[{"embeddable":true,"href":"https:\/\/www.centrocamini.it\/shop\/wp-json\/wp\/v2\/media\/6575"}],"wp:attachment":[{"href":"https:\/\/www.centrocamini.it\/shop\/wp-json\/wp\/v2\/media?parent=6574"}],"wp:term":[{"taxonomy":"product_brand","embeddable":true,"href":"https:\/\/www.centrocamini.it\/shop\/wp-json\/wp\/v2\/product_brand?post=6574"},{"taxonomy":"product_cat","embeddable":true,"href":"https:\/\/www.centrocamini.it\/shop\/wp-json\/wp\/v2\/product_cat?post=6574"},{"taxonomy":"product_tag","embeddable":true,"href":"https:\/\/www.centrocamini.it\/shop\/wp-json\/wp\/v2\/product_tag?post=6574"}],"curies":[{"name":"wp","href":"https:\/\/api.w.org\/{rel}","templated":true}]}}