{"id":7633,"date":"2023-01-15T19:14:15","date_gmt":"2023-01-15T18:14:15","guid":{"rendered":"https:\/\/www.centrocamini.it\/shop\/?post_type=product&#038;p=7633"},"modified":"2026-04-19T19:43:16","modified_gmt":"2026-04-19T17:43:16","slug":"stufa-ibrida-a-pellet-e-legna-unica-10kw-nobis","status":"publish","type":"product","link":"https:\/\/www.centrocamini.it\/shop\/prodotto\/stufa-ibrida-a-pellet-e-legna-unica-10kw-nobis\/","title":{"rendered":"Stufa Ibrida a pellet e legna Unica 10kw Nobis"},"content":{"rendered":"<h2>Caratteristiche tecniche della Stufa ibrida a pellet e legna Unica 10 Nobis<\/h2>\n<p>Stufa ibrida a pellet e legna. Funzionamento a convezione naturale, ventilazione superiore completamente escludibile e canalizzazione posteriore con kit opzionale. Braciere autopulente (in modalit\u00e0 pellet) con sistema automatico di controllo della combustione e dell\u2019aria differenziato per combustibile.<\/p>\n<h5>CANALIZZAZIONE POSTERIORE DIAMETRO 60 (OPZIONALE ).<\/h5>\n<div class=\"row top-details-detail\">\n<div class=\"col-12 col-sm-6 br\">\n<div class=\"top-detail pn\">\n<h6>POTENZA NOMINALE<\/h6>\n<p>4,2 &#8211; 9,3 kW<\/p>\n<\/div>\n<\/div>\n<div class=\"col-12 col-sm-6\">\n<div class=\"top-detail ri\">\n<h6>RISCALDAMENTO<\/h6>\n<p>228 m\u00b3<\/p>\n<\/div>\n<\/div>\n<div class=\"col-12 col-sm-6 br\">\n<div class=\"top-detail pe\">\n<h6>DIMENSIONI\u00a0B x H x P<\/h6>\n<p>480 x 1190 x 850 mm<\/p>\n<\/div>\n<\/div>\n<div class=\"col-12 col-sm-6\">\n<div class=\"top-detail po\">\n<h6>SERBATOIO PELLET<\/h6>\n<p>18 Kg<\/p>\n<\/div>\n<div>\n<h5>CARATTERISTICHE AGGIUNTIVE<\/h5>\n<ul>\n<li>Stufa a pellet ibrida pellet\/legna<\/li>\n<li>Ventilazione superiore<\/li>\n<li>Convezione naturale<\/li>\n<li>Canalizzazione singola opzionale \u00d860<\/li>\n<li>Comando della stufa tramite palmare con funzione di termostato ambiente.<\/li>\n<li>Comandabile con kit Wi-Fi<\/li>\n<li>Pulizia automatica del braciere (modalit\u00e0 pellet)<\/li>\n<li>Motoriduttore brushless<\/li>\n<li>Stufa ermetica<\/li>\n<\/ul>\n<table>\n<tbody>\n<tr>\n<td>Potenza termica introdotta (kW)<\/td>\n<td>4,6-10,3<\/td>\n<\/tr>\n<tr>\n<td>Potenza Nominale (kW)<\/td>\n<td>4,2-9,3<\/td>\n<\/tr>\n<tr>\n<td>Rendimento (%)<\/td>\n<td>90,0-91,0<\/td>\n<\/tr>\n<tr>\n<td>Consumo pellet min-max (Kg\/h)<\/td>\n<td>0,9-2,2<\/td>\n<\/tr>\n<tr>\n<td>Autonomia min-max (h)<\/td>\n<td>8-18<\/td>\n<\/tr>\n<tr>\n<td>Potenza elettrica in esercizio (W)<\/td>\n<td>95 W<\/td>\n<\/tr>\n<tr>\n<td>Misure B x H x P (mm)<\/td>\n<td>480X1190X850<\/td>\n<\/tr>\n<tr>\n<td>Peso (Kg)<\/td>\n<td>250<\/td>\n<\/tr>\n<tr>\n<td>Tubo uscita fumi superiori (\u00d8 mm)<\/td>\n<td>130<\/td>\n<\/tr>\n<tr>\n<td>Temperatura fumi (\u00b0C)<\/td>\n<td>258<\/td>\n<\/tr>\n<tr>\n<td>Classe energetica<\/td>\n<td><span class=\"class\">A<sup>+<\/sup><\/span><\/td>\n<\/tr>\n<tr>\n<td>Classificazione ambientale DM186<\/td>\n<td>5 Stelle<\/td>\n<\/tr>\n<tr>\n<td>Riscaldamento<\/td>\n<td>228 mc<\/td>\n<\/tr>\n<tr>\n<td>Serbatoio pellet<\/td>\n<td>18 Kg<\/td>\n<\/tr>\n<\/tbody>\n<\/table>\n<\/div>\n<\/div>\n<\/div>\n","protected":false},"excerpt":{"rendered":"<p>La Stufa ibrida legna pellet Unica \u00e8 realizzata dall&#8217;azienda italiana Nobis. Questa stufa assicura una resa ottimale e riscalda in breve tempo ogni ambiente della casa grazie ai 2 tipi di combustibile:<strong>\u00a0<\/strong><\/p>\n<ul>\n<li><strong>PELLET<\/strong>\u00a0che garantisce un accensione e uno spegnimento anche da remoto, grazie al Wi-Fi di serie, una programmazione oraria, un autonomia fino a 22h di funzionamento continuo e chiaramente il tradizionale sistema di autopulizia brevettato da\u00a0<strong>Nobis<\/strong> che consente una pulizia settimanale della stufa.<\/li>\n<li><strong style=\"font-size: 16px;\">LEGNA<\/strong><span style=\"font-size: 16px;\">\u00a0che garantisce il tradizionale calore di questo combustibile, dandoti la possibilit\u00e0 di decidere autonomamente la quantit\u00e0 di calore desiderata e soprattutto la possibilit\u00e0 di scaldarti indipendentemente dalla presenza di energia elettrica.<\/span><\/li>\n<\/ul>\n<p>La<strong>\u00a0stufa Ibrida legna pellet Nobis<\/strong>\u00a0\u00e8 attualmente l\u2019<strong>UNICA<\/strong>\u00a0stufa combinata sul mercato, con la possibilit\u00e0 di decidere se utilizzare o meno la ventola superiore e con possibilit\u00e0 di canalizzazione dell\u2019aria posteriore.<\/p>\n","protected":false},"featured_media":7632,"template":"","meta":{"site-sidebar-layout":"default","site-content-layout":"default","ast-site-content-layout":"default","site-content-style":"default","site-sidebar-style":"default","ast-global-header-display":"","ast-banner-title-visibility":"","ast-main-header-display":"","ast-hfb-above-header-display":"","ast-hfb-below-header-display":"","ast-hfb-mobile-header-display":"","site-post-title":"","ast-breadcrumbs-content":"","ast-featured-img":"","footer-sml-layout":"","ast-disable-related-posts":"","theme-transparent-header-meta":"default","adv-header-id-meta":"","stick-header-meta":"","header-above-stick-meta":"","header-main-stick-meta":"","header-below-stick-meta":"","astra-migrate-meta-layouts":"set","ast-page-background-enabled":"default","ast-page-background-meta":{"desktop":{"background-color":"","background-image":"","background-repeat":"repeat","background-position":"center center","background-size":"auto","background-attachment":"scroll","background-type":"","background-media":"","overlay-type":"","overlay-color":"","overlay-opacity":"","overlay-gradient":""},"tablet":{"background-color":"","background-image":"","background-repeat":"repeat","background-position":"center center","background-size":"auto","background-attachment":"scroll","background-type":"","background-media":"","overlay-type":"","overlay-color":"","overlay-opacity":"","overlay-gradient":""},"mobile":{"background-color":"","background-image":"","background-repeat":"repeat","background-position":"center center","background-size":"auto","background-attachment":"scroll","background-type":"","background-media":"","overlay-type":"","overlay-color":"","overlay-opacity":"","overlay-gradient":""}},"ast-content-background-meta":{"desktop":{"background-color":"var(--ast-global-color-5)","background-image":"","background-repeat":"repeat","background-position":"center center","background-size":"auto","background-attachment":"scroll","background-type":"","background-media":"","overlay-type":"","overlay-color":"","overlay-opacity":"","overlay-gradient":""},"tablet":{"background-color":"var(--ast-global-color-5)","background-image":"","background-repeat":"repeat","background-position":"center center","background-size":"auto","background-attachment":"scroll","background-type":"","background-media":"","overlay-type":"","overlay-color":"","overlay-opacity":"","overlay-gradient":""},"mobile":{"background-color":"var(--ast-global-color-5)","background-image":"","background-repeat":"repeat","background-position":"center center","background-size":"auto","background-attachment":"scroll","background-type":"","background-media":"","overlay-type":"","overlay-color":"","overlay-opacity":"","overlay-gradient":""}}},"product_brand":[195],"product_cat":[142],"product_tag":[143],"class_list":{"0":"post-7633","1":"product","2":"type-product","3":"status-publish","4":"has-post-thumbnail","6":"product_brand-nobis","7":"product_cat-stufe-ibride","8":"product_tag-nobis","9":"desktop-align-center","10":"tablet-align-left","11":"mobile-align-left","13":"first","14":"instock","15":"sale","16":"taxable","17":"shipping-taxable","18":"purchasable","19":"product-type-simple"},"_links":{"self":[{"href":"https:\/\/www.centrocamini.it\/shop\/wp-json\/wp\/v2\/product\/7633","targetHints":{"allow":["GET"]}}],"collection":[{"href":"https:\/\/www.centrocamini.it\/shop\/wp-json\/wp\/v2\/product"}],"about":[{"href":"https:\/\/www.centrocamini.it\/shop\/wp-json\/wp\/v2\/types\/product"}],"version-history":[{"count":4,"href":"https:\/\/www.centrocamini.it\/shop\/wp-json\/wp\/v2\/product\/7633\/revisions"}],"predecessor-version":[{"id":7638,"href":"https:\/\/www.centrocamini.it\/shop\/wp-json\/wp\/v2\/product\/7633\/revisions\/7638"}],"wp:featuredmedia":[{"embeddable":true,"href":"https:\/\/www.centrocamini.it\/shop\/wp-json\/wp\/v2\/media\/7632"}],"wp:attachment":[{"href":"https:\/\/www.centrocamini.it\/shop\/wp-json\/wp\/v2\/media?parent=7633"}],"wp:term":[{"taxonomy":"product_brand","embeddable":true,"href":"https:\/\/www.centrocamini.it\/shop\/wp-json\/wp\/v2\/product_brand?post=7633"},{"taxonomy":"product_cat","embeddable":true,"href":"https:\/\/www.centrocamini.it\/shop\/wp-json\/wp\/v2\/product_cat?post=7633"},{"taxonomy":"product_tag","embeddable":true,"href":"https:\/\/www.centrocamini.it\/shop\/wp-json\/wp\/v2\/product_tag?post=7633"}],"curies":[{"name":"wp","href":"https:\/\/api.w.org\/{rel}","templated":true}]}}