{"id":7866,"date":"2023-04-16T20:27:43","date_gmt":"2023-04-16T18:27:43","guid":{"rendered":"https:\/\/www.centrocamini.it\/shop\/?post_type=product&#038;p=7866"},"modified":"2023-04-17T18:30:58","modified_gmt":"2023-04-17T16:30:58","slug":"inserto-per-focolare-a-legna-ma-262-sl-plus-piazzetta","status":"publish","type":"product","link":"https:\/\/www.centrocamini.it\/shop\/prodotto\/inserto-per-focolare-a-legna-ma-262-sl-plus-piazzetta\/","title":{"rendered":"Inserto per focolare a legna MA 262 SL PLUS Piazzetta"},"content":{"rendered":"\t\t<div data-elementor-type=\"product-post\" data-elementor-id=\"7866\" class=\"elementor elementor-7866\" data-elementor-post-type=\"product\">\n\t\t\t\t\t\t<section class=\"elementor-section elementor-top-section elementor-element elementor-element-3a564e2c elementor-section-boxed elementor-section-height-default elementor-section-height-default\" data-id=\"3a564e2c\" data-element_type=\"section\" data-e-type=\"section\">\n\t\t\t\t\t\t<div class=\"elementor-container elementor-column-gap-default\">\n\t\t\t\t\t<div class=\"elementor-column elementor-col-100 elementor-top-column elementor-element elementor-element-1c6c4845\" data-id=\"1c6c4845\" data-element_type=\"column\" data-e-type=\"column\">\n\t\t\t<div class=\"elementor-widget-wrap elementor-element-populated\">\n\t\t\t\t\t\t<div class=\"elementor-element elementor-element-3ed9c6b7 elementor-widget elementor-widget-text-editor\" data-id=\"3ed9c6b7\" data-element_type=\"widget\" data-e-type=\"widget\" data-widget_type=\"text-editor.default\">\n\t\t\t\t\t\t\t\t\t<h2>Caratteristiche dell&#8217;Inserto per focolare a legna MA 262 SL PLUS Piazzetta<\/h2><p>In questa linea si fondono la dimensione generosa tipica del focolare tradizionale a legna, il design moderno e l\u2019apertura, particolarmente funzionale, con anta saliscendi.<\/p><p class=\"block-header-prodotto-description\"><strong>Monoblocco Anta Saliscendi , MA 262 SL PLUS a Convezione Naturale per Focolare a legna<\/strong><\/p><p>IL PIACERE DELLA LEGNA: Tradizione e innovazione, per godere del classico fuoco a legna.<\/p><p><strong>Scambiatore fumi ad alta efficienza:\u00a0<\/strong>Per ottimizzare le prestazioni, la nuova gamma di focolari MA SL PLUS \u00e8 dotata di uno scambiatore fumi superiore, di due scambiatori tubolari e di un deflettore collocati all&#8217;interno del focolare. Questo consente di migliorare ulteriormente le prestazioni in merito a potenza e rendimento, con una notevole diminuzione del consumo di combustibile.<\/p><p><strong>Solidit\u00e0 costruttiva:<\/strong>\u00a0La solidit\u00e0 dei prodotti Piazzetta \u00e8 fatta di tanta esperienza e continua ricerca. La\u00a0<b>robustezza costruttiva<\/b>, risultato di un\u2019accurata progettazione e della\u00a0<b>qualit\u00e0 dell\u2019acciaio di forte spessore<\/b>, garantisce una\u00a0<b>lunga durata di vita di ciascuna soluzione<\/b>. Nei laboratori Piazzetta, dove si sviluppa il prodotto, viene inoltre testata la produzione e la rispondenza alle normative internazionali.<br \/>Ecodesign 2022: L&#8217;obiettivo di Ecodesign 2022 \u00e8 quello di\u00a0<b>aumentare l&#8217;efficienza energetica<\/b>\u00a0e\u00a0<b>ridurre le emissioni\u00a0<\/b>nocive in atmosfera. Obiettivo che Piazzetta ha iniziato a perseguire gi\u00e0 da tempo, sviluppando nuove linee di prodotti che comprendono importanti innovazioni e che rispettano i requisiti di costruzione ecocompatibile.<\/p><h4>Aluker\u00ae, l&#8217;esclusivo materiale ceramico Piazzetta<\/h4><p>I focolari Piazzetta sono realizzati in<b>\u00a0Aluker\u00ae<\/b>, l&#8217;esclusivo materiale ceramico brevettato da Piazzetta, che\u00a0<b>migliora la combustione e la diffusione del calore,<\/b>\u00a0aumentando l&#8217;efficienza di funzionamento del focolare. Il colore chiaro di questo materiale, rimane tale nel tempo, rendendo ancora pi\u00f9 piacevole la visione del fuoco, sempre brillante e vivo.<\/p><div class=\"feature_icons_2--wrapper\"><div class=\"features--wrapper open\"><div class=\"features--header\"><h4>Caratteristiche principali<\/h4><\/div><div class=\"row\"><div class=\"feature--items\"><div class=\"feature-item col-md-6\"><div class=\"feature-item--wrapper\"><div class=\"feature-item--left\"><img decoding=\"async\" class=\"img-responsive\" src=\"https:\/\/www.piazzetta.com\/sites\/default\/files\/styles\/icona\/public\/features\/icons\/Z154_STRUTTURA%20IN%20ACCIAIO.jpg?itok=9NicAZbR\" width=\"48\" height=\"48\" \/><\/div><div class=\"feature-item--right\">Steel structure\u00a0<i class=\"tooltip-placeholder fal fa-question-circle\" title=\"\" data-toggle=\"popover\" data-html=\"true\" data-placement=\"right\" data-content=\"Struttura in acciaio\" data-original-title=\"Steel structure\"><\/i><\/div><\/div><\/div><div class=\"feature-item col-md-6\"><div class=\"feature-item--wrapper\"><div class=\"feature-item--left\"><img decoding=\"async\" class=\"img-responsive\" src=\"https:\/\/www.piazzetta.com\/sites\/default\/files\/styles\/icona\/public\/features\/icons\/Z91_FOCOLARE-BRACIERE%20ALUCHER-GHISA.jpg?itok=7D0P5W_J\" width=\"48\" height=\"48\" \/><\/div><div class=\"feature-item--right\">Cast iron brazier and aluker firebox\u00a0<i class=\"tooltip-placeholder fal fa-question-circle\" title=\"\" data-toggle=\"popover\" data-html=\"true\" data-placement=\"right\" data-content=\"Focolare in Aluker\u00ae Braciere in ghisa\" data-original-title=\"Cast iron brazier and aluker firebox\"><\/i><\/div><\/div><\/div><div class=\"feature-item col-md-6\"><div class=\"feature-item--wrapper\"><div class=\"feature-item--left\"><img decoding=\"async\" class=\"img-responsive\" src=\"https:\/\/www.piazzetta.com\/sites\/default\/files\/styles\/icona\/public\/features\/icons\/Z101_PORTA%20SALISCENDI.jpg?itok=kqwbo_xf\" width=\"48\" height=\"48\" \/><\/div><div class=\"feature-item--right\">Rise n&#8217;fall door\u00a0<i class=\"tooltip-placeholder fal fa-question-circle\" title=\"\" data-toggle=\"popover\" data-html=\"true\" data-placement=\"right\" data-content=\"Apertura anta saliscendi\" data-original-title=\"Rise n'fall door\"><\/i><\/div><\/div><\/div><div class=\"feature-item col-md-6\"><div class=\"feature-item--wrapper\"><div class=\"feature-item--left\"><img loading=\"lazy\" decoding=\"async\" class=\"img-responsive\" src=\"https:\/\/www.piazzetta.com\/sites\/default\/files\/styles\/icona\/public\/features\/icons\/D_CASSETTO-CENERE.jpg?itok=nX0sGLox\" width=\"48\" height=\"48\" \/><\/div><div class=\"feature-item--right\">Ash box\u00a0<i class=\"tooltip-placeholder fal fa-question-circle\" title=\"\" data-toggle=\"popover\" data-html=\"true\" data-placement=\"right\" data-content=\"Cassetto cenere estraibile\" data-original-title=\"Ash box\"><\/i><\/div><\/div><\/div><div class=\"feature-item col-md-6\"><div class=\"feature-item--wrapper\"><div class=\"feature-item--left\"><img loading=\"lazy\" decoding=\"async\" class=\"img-responsive\" src=\"https:\/\/www.piazzetta.com\/sites\/default\/files\/styles\/icona\/public\/features\/icons\/AU_REGISTRO-FUMI-MANUALE.jpg?itok=hnI640A-\" width=\"48\" height=\"48\" \/><\/div><div class=\"feature-item--right\">Manual damper flue\u00a0<i class=\"tooltip-placeholder fal fa-question-circle\" title=\"\" data-toggle=\"popover\" data-html=\"true\" data-placement=\"right\" data-content=\"Registro fumi manuale\" data-original-title=\"Manual damper flue\"><\/i><\/div><\/div><\/div><\/div><\/div><div class=\"features--header\"><h4>Optional<\/h4><\/div><div class=\"row\"><div class=\"feature--items\"><div class=\"feature-item col-md-6\"><div class=\"feature-item--wrapper\"><div class=\"feature-item--left\"><img loading=\"lazy\" decoding=\"async\" class=\"img-responsive\" src=\"https:\/\/www.piazzetta.com\/sites\/default\/files\/styles\/icona\/public\/features\/icons\/R_ARIA-COMBURENTE_0.jpg?itok=9i0vZtqR\" alt=\"\" width=\"48\" height=\"48\" \/><\/div><div class=\"feature-item--right\">External air kit\u00a0<i class=\"tooltip-placeholder fal fa-question-circle\" title=\"\" data-toggle=\"popover\" data-html=\"true\" data-placement=\"right\" data-content=\"Kit per il prelievo dell'aria comburente dall'esterno\" data-original-title=\"External air kit\"><\/i><\/div><\/div><\/div><div class=\"feature-item col-md-6\"><div class=\"feature-item--wrapper\"><div class=\"feature-item--left\"><img loading=\"lazy\" decoding=\"async\" class=\"img-responsive\" src=\"https:\/\/www.piazzetta.com\/sites\/default\/files\/styles\/icona\/public\/features\/icons\/Z88_PIEDINI_allungabili.jpg?itok=8HbcMv72\" width=\"48\" height=\"48\" \/><\/div><div class=\"feature-item--right\">Adjustable feet\u00a0<i class=\"tooltip-placeholder fal fa-question-circle\" title=\"\" data-toggle=\"popover\" data-html=\"true\" data-placement=\"right\" data-content=\"Kit piedini regolabili optional\" data-original-title=\"Adjustable feet\"><\/i><\/div><\/div><\/div><div class=\"feature-item col-md-6\"><div class=\"feature-item--wrapper\"><div class=\"feature-item--left\"><img loading=\"lazy\" decoding=\"async\" class=\"img-responsive\" src=\"https:\/\/www.piazzetta.com\/sites\/default\/files\/styles\/icona\/public\/features\/icons\/Z116_PIEDINI_LIVELLANTI.jpg?itok=G8MJLpB8\" width=\"48\" height=\"48\" \/><\/div><div class=\"feature-item--right\">Levelling feet\u00a0<i class=\"tooltip-placeholder fal fa-question-circle\" title=\"\" data-toggle=\"popover\" data-html=\"true\" data-placement=\"right\" data-content=\"Kit piedini livellanti optional\" data-original-title=\"Levelling feet\"><\/i><\/div><\/div><\/div><div class=\"feature-item col-md-6\"><div class=\"feature-item--wrapper\"><div class=\"feature-item--left\"><img loading=\"lazy\" decoding=\"async\" class=\"img-responsive\" src=\"https:\/\/www.piazzetta.com\/sites\/default\/files\/styles\/icona\/public\/features\/icons\/C_ASPIRACENERE.jpg?itok=6fMLKIMt\" width=\"48\" height=\"48\" \/><\/div><div class=\"feature-item--right\">Vacuum\u00a0<i class=\"tooltip-placeholder fal fa-question-circle\" title=\"\" data-toggle=\"popover\" data-html=\"true\" data-placement=\"right\" data-content=\"Aspiracenere dedicato alla pulizia della stufa\" data-original-title=\"Vacuum\"><\/i><\/div><\/div><\/div><\/div><\/div><\/div><p>\u00a0<\/p><\/div><div class=\"block-product-page-dati-tecnici\"><h4>Dati tecnici<\/h4><div class=\"table-responsive\"><table class=\"table table-hover table-striped\" data-striping=\"1\"><thead><tr><th>\u00a0<\/th><th>MA 262 SL PLUS CON MANTELLO CAPPA<\/th><th>MA 262 SL PLUS<\/th><\/tr><\/thead><tbody><tr class=\"odd\"><td>Classe di Efficienza Energetica<\/td><td>A+<\/td><td>A+<\/td><\/tr><tr class=\"even\"><td>Potenza Termica Nominale<\/td><td>16,5 kW<\/td><td>16,5 kW<\/td><\/tr><tr class=\"odd\"><td>Rendimento<\/td><td>81,1 %<\/td><td>81,1 %<\/td><\/tr><tr class=\"even\"><td>Volume Riscaldabile<\/td><td>275 &#8211; 425 m\u00b3<\/td><td>275 &#8211; 425 m\u00b3<\/td><\/tr><tr class=\"odd\"><td>Consumo Legna<\/td><td>4,8 kg\/h<\/td><td>4,8 kg\/h<\/td><\/tr><tr class=\"even\"><td>Diametro Scarico Fumi<\/td><td>25 cm<\/td><td>25 cm<\/td><\/tr><\/tbody><\/table><\/div><p>Peso del prodotto: 320 kg<\/p><\/div>\t\t\t\t\t\t\t\t<\/div>\n\t\t\t\t\t<\/div>\n\t\t<\/div>\n\t\t\t\t\t<\/div>\n\t\t<\/section>\n\t\t\t\t<section class=\"elementor-section elementor-top-section elementor-element elementor-element-fa2116b elementor-section-boxed elementor-section-height-default elementor-section-height-default\" data-id=\"fa2116b\" data-element_type=\"section\" data-e-type=\"section\">\n\t\t\t\t\t\t<div class=\"elementor-container elementor-column-gap-default\">\n\t\t\t\t\t<div class=\"elementor-column elementor-col-100 elementor-top-column elementor-element elementor-element-9735ec7\" data-id=\"9735ec7\" data-element_type=\"column\" data-e-type=\"column\">\n\t\t\t<div class=\"elementor-widget-wrap elementor-element-populated\">\n\t\t\t\t\t\t<div class=\"elementor-element elementor-element-4b8da4e elementor-widget elementor-widget-video\" data-id=\"4b8da4e\" data-element_type=\"widget\" data-e-type=\"widget\" data-settings=\"{&quot;youtube_url&quot;:&quot;https:\\\/\\\/www.youtube.com\\\/watch?v=ws6meZqCpvE&amp;t=31s&quot;,&quot;video_type&quot;:&quot;youtube&quot;,&quot;controls&quot;:&quot;yes&quot;}\" data-widget_type=\"video.default\">\n\t\t\t\t\t\t\t<div class=\"elementor-wrapper elementor-open-inline\">\n\t\t\t<div class=\"elementor-video\"><\/div>\t\t<\/div>\n\t\t\t\t\t\t<\/div>\n\t\t\t\t\t<\/div>\n\t\t<\/div>\n\t\t\t\t\t<\/div>\n\t\t<\/section>\n\t\t\t\t<\/div>\n\t\t","protected":false},"excerpt":{"rendered":"<p class=\"block-header-prodotto-description\">MA 262 SL di Piazzetta \u00e8 il Monoblocco della linea Anta Saliscendi a Convezione Naturale per Focolare a legna che vi garantir\u00e0 i consumi ridotti, elevata efficienza e facilit\u00e0 di installazione.<\/p>\n<ul>\n<li>Potenza nominale: 16,5 W<\/li>\n<li>Volume riscaldabile: 425 mc<\/li>\n<li>Peso 320 kg<\/li>\n<li>Dimensioni: 107x54x180H<\/li>\n<li>Diametro uscita fumi: 250mm<\/li>\n<li>Misure anta vetro: 90&#215;70 cm<\/li>\n<li>OPTIONAL: MULTIFUOCO SYSTEM<\/li>\n<\/ul>\n","protected":false},"featured_media":7875,"template":"","meta":{"site-sidebar-layout":"default","site-content-layout":"default","ast-site-content-layout":"default","site-content-style":"default","site-sidebar-style":"default","ast-global-header-display":"","ast-banner-title-visibility":"","ast-main-header-display":"","ast-hfb-above-header-display":"","ast-hfb-below-header-display":"","ast-hfb-mobile-header-display":"","site-post-title":"","ast-breadcrumbs-content":"","ast-featured-img":"","footer-sml-layout":"","ast-disable-related-posts":"","theme-transparent-header-meta":"default","adv-header-id-meta":"","stick-header-meta":"","header-above-stick-meta":"","header-main-stick-meta":"","header-below-stick-meta":"","astra-migrate-meta-layouts":"default","ast-page-background-enabled":"default","ast-page-background-meta":{"desktop":{"background-color":"","background-image":"","background-repeat":"repeat","background-position":"center center","background-size":"auto","background-attachment":"scroll","background-type":"","background-media":"","overlay-type":"","overlay-color":"","overlay-opacity":"","overlay-gradient":""},"tablet":{"background-color":"","background-image":"","background-repeat":"repeat","background-position":"center center","background-size":"auto","background-attachment":"scroll","background-type":"","background-media":"","overlay-type":"","overlay-color":"","overlay-opacity":"","overlay-gradient":""},"mobile":{"background-color":"","background-image":"","background-repeat":"repeat","background-position":"center center","background-size":"auto","background-attachment":"scroll","background-type":"","background-media":"","overlay-type":"","overlay-color":"","overlay-opacity":"","overlay-gradient":""}},"ast-content-background-meta":{"desktop":{"background-color":"var(--ast-global-color-5)","background-image":"","background-repeat":"repeat","background-position":"center center","background-size":"auto","background-attachment":"scroll","background-type":"","background-media":"","overlay-type":"","overlay-color":"","overlay-opacity":"","overlay-gradient":""},"tablet":{"background-color":"var(--ast-global-color-5)","background-image":"","background-repeat":"repeat","background-position":"center center","background-size":"auto","background-attachment":"scroll","background-type":"","background-media":"","overlay-type":"","overlay-color":"","overlay-opacity":"","overlay-gradient":""},"mobile":{"background-color":"var(--ast-global-color-5)","background-image":"","background-repeat":"repeat","background-position":"center center","background-size":"auto","background-attachment":"scroll","background-type":"","background-media":"","overlay-type":"","overlay-color":"","overlay-opacity":"","overlay-gradient":""}}},"product_brand":[],"product_cat":[116],"product_tag":[117],"class_list":{"0":"post-7866","1":"product","2":"type-product","3":"status-publish","4":"has-post-thumbnail","6":"product_cat-camini-a-legna","7":"product_tag-piazzetta","8":"desktop-align-center","9":"tablet-align-left","10":"mobile-align-left","12":"first","13":"instock","14":"taxable","15":"shipping-taxable","16":"product-type-simple"},"_links":{"self":[{"href":"https:\/\/www.centrocamini.it\/shop\/wp-json\/wp\/v2\/product\/7866","targetHints":{"allow":["GET"]}}],"collection":[{"href":"https:\/\/www.centrocamini.it\/shop\/wp-json\/wp\/v2\/product"}],"about":[{"href":"https:\/\/www.centrocamini.it\/shop\/wp-json\/wp\/v2\/types\/product"}],"version-history":[{"count":11,"href":"https:\/\/www.centrocamini.it\/shop\/wp-json\/wp\/v2\/product\/7866\/revisions"}],"predecessor-version":[{"id":7885,"href":"https:\/\/www.centrocamini.it\/shop\/wp-json\/wp\/v2\/product\/7866\/revisions\/7885"}],"wp:featuredmedia":[{"embeddable":true,"href":"https:\/\/www.centrocamini.it\/shop\/wp-json\/wp\/v2\/media\/7875"}],"wp:attachment":[{"href":"https:\/\/www.centrocamini.it\/shop\/wp-json\/wp\/v2\/media?parent=7866"}],"wp:term":[{"taxonomy":"product_brand","embeddable":true,"href":"https:\/\/www.centrocamini.it\/shop\/wp-json\/wp\/v2\/product_brand?post=7866"},{"taxonomy":"product_cat","embeddable":true,"href":"https:\/\/www.centrocamini.it\/shop\/wp-json\/wp\/v2\/product_cat?post=7866"},{"taxonomy":"product_tag","embeddable":true,"href":"https:\/\/www.centrocamini.it\/shop\/wp-json\/wp\/v2\/product_tag?post=7866"}],"curies":[{"name":"wp","href":"https:\/\/api.w.org\/{rel}","templated":true}]}}