{"id":8596,"date":"2024-06-29T11:49:13","date_gmt":"2024-06-29T09:49:13","guid":{"rendered":"https:\/\/www.centrocamini.it\/shop\/?post_type=product&#038;p=8596"},"modified":"2024-06-29T12:05:33","modified_gmt":"2024-06-29T10:05:33","slug":"camino-elettrico-solus-75e-trimline","status":"publish","type":"product","link":"https:\/\/www.centrocamini.it\/shop\/prodotto\/camino-elettrico-solus-75e-trimline\/","title":{"rendered":"Camino elettrico Solus 75E Trimline"},"content":{"rendered":"<h3>Caratteristiche tecniche del Camino elettrico Solus 75E Trimline<\/h3>\n<p>Il caminetto panoramico Trimline 75E Solus ti permette di ammirare le sue fiamme da tre lati. Le sue fiamme danzanti genereranno momenti felici, dandoti tempo per riflettere, sia da solo che in compagnia dei tuoi cari. Lascia che questo fuoco riempia la tua casa con un&#8217;energia vibrante!<\/p>\n<p><strong>COMFORT PRIMA DI TUTTO <\/strong><\/p>\n<p>Illuminazione ambientale Estendi l&#8217;atmosfera oltre il fuoco e nella stanza utilizzando un kit di illuminazione ambientale Solus, che ti permette di creare una dimensione interattiva ulteriore nell&#8217;ambiente. Questa illuminazione aggiuntiva dispone di 15 modalit\u00e0 di colore e pu\u00f2 essere controllata tramite il telecomando dell&#8217;apparecchio o tramite il tuo dispositivo smart.<\/p>\n<p><strong>La storia di Trimline<\/strong><\/p>\n<p>Creazioni perfette grazie alla nostra lunga storia I caminetti Trimline Fires sono il cuore pulsante di molte case, qualcosa di cui siamo molto orgogliosi. Abbiamo percorso una lunga strada per arrivare a questo punto, spegnendo fuochi lungo il percorso.<\/p>\n","protected":false},"excerpt":{"rendered":"<p>Questo <strong>caminetto ad angolo Trimline 75E Solus<\/strong> \u00e8 perfetto per creare un ambiente accogliente. Ammira le fiamme danzanti da due lati. Questo apparecchio si adatta quasi ovunque nella tua casa, tutto ci\u00f2 di cui hai bisogno \u00e8 un muro e puoi godertelo!<\/p>\n<p>Il caminetto frontale Trimline 75E Solus offre la possibilit\u00e0 di goderti serate romantiche accanto al fuoco. Questo apparecchio \u00e8 perfetto sia come elemento a incasso che combinato con una cornice pi\u00f9 tradizionale.<\/p>\n","protected":false},"featured_media":8597,"template":"","meta":{"site-sidebar-layout":"default","site-content-layout":"default","ast-site-content-layout":"default","site-content-style":"default","site-sidebar-style":"default","ast-global-header-display":"","ast-banner-title-visibility":"","ast-main-header-display":"","ast-hfb-above-header-display":"","ast-hfb-below-header-display":"","ast-hfb-mobile-header-display":"","site-post-title":"","ast-breadcrumbs-content":"","ast-featured-img":"","footer-sml-layout":"","ast-disable-related-posts":"","theme-transparent-header-meta":"default","adv-header-id-meta":"","stick-header-meta":"","header-above-stick-meta":"","header-main-stick-meta":"","header-below-stick-meta":"","astra-migrate-meta-layouts":"set","ast-page-background-enabled":"default","ast-page-background-meta":{"desktop":{"background-color":"","background-image":"","background-repeat":"repeat","background-position":"center center","background-size":"auto","background-attachment":"scroll","background-type":"","background-media":"","overlay-type":"","overlay-color":"","overlay-opacity":"","overlay-gradient":""},"tablet":{"background-color":"","background-image":"","background-repeat":"repeat","background-position":"center center","background-size":"auto","background-attachment":"scroll","background-type":"","background-media":"","overlay-type":"","overlay-color":"","overlay-opacity":"","overlay-gradient":""},"mobile":{"background-color":"","background-image":"","background-repeat":"repeat","background-position":"center center","background-size":"auto","background-attachment":"scroll","background-type":"","background-media":"","overlay-type":"","overlay-color":"","overlay-opacity":"","overlay-gradient":""}},"ast-content-background-meta":{"desktop":{"background-color":"var(--ast-global-color-5)","background-image":"","background-repeat":"repeat","background-position":"center center","background-size":"auto","background-attachment":"scroll","background-type":"","background-media":"","overlay-type":"","overlay-color":"","overlay-opacity":"","overlay-gradient":""},"tablet":{"background-color":"var(--ast-global-color-5)","background-image":"","background-repeat":"repeat","background-position":"center center","background-size":"auto","background-attachment":"scroll","background-type":"","background-media":"","overlay-type":"","overlay-color":"","overlay-opacity":"","overlay-gradient":""},"mobile":{"background-color":"var(--ast-global-color-5)","background-image":"","background-repeat":"repeat","background-position":"center center","background-size":"auto","background-attachment":"scroll","background-type":"","background-media":"","overlay-type":"","overlay-color":"","overlay-opacity":"","overlay-gradient":""}}},"product_brand":[],"product_cat":[94],"product_tag":[113],"class_list":{"0":"post-8596","1":"product","2":"type-product","3":"status-publish","4":"has-post-thumbnail","6":"product_cat-camini-elettrici","7":"product_tag-gmr","8":"desktop-align-center","9":"tablet-align-left","10":"mobile-align-left","12":"first","13":"instock","14":"taxable","15":"shipping-taxable","16":"product-type-simple"},"_links":{"self":[{"href":"https:\/\/www.centrocamini.it\/shop\/wp-json\/wp\/v2\/product\/8596","targetHints":{"allow":["GET"]}}],"collection":[{"href":"https:\/\/www.centrocamini.it\/shop\/wp-json\/wp\/v2\/product"}],"about":[{"href":"https:\/\/www.centrocamini.it\/shop\/wp-json\/wp\/v2\/types\/product"}],"version-history":[{"count":1,"href":"https:\/\/www.centrocamini.it\/shop\/wp-json\/wp\/v2\/product\/8596\/revisions"}],"predecessor-version":[{"id":8603,"href":"https:\/\/www.centrocamini.it\/shop\/wp-json\/wp\/v2\/product\/8596\/revisions\/8603"}],"wp:featuredmedia":[{"embeddable":true,"href":"https:\/\/www.centrocamini.it\/shop\/wp-json\/wp\/v2\/media\/8597"}],"wp:attachment":[{"href":"https:\/\/www.centrocamini.it\/shop\/wp-json\/wp\/v2\/media?parent=8596"}],"wp:term":[{"taxonomy":"product_brand","embeddable":true,"href":"https:\/\/www.centrocamini.it\/shop\/wp-json\/wp\/v2\/product_brand?post=8596"},{"taxonomy":"product_cat","embeddable":true,"href":"https:\/\/www.centrocamini.it\/shop\/wp-json\/wp\/v2\/product_cat?post=8596"},{"taxonomy":"product_tag","embeddable":true,"href":"https:\/\/www.centrocamini.it\/shop\/wp-json\/wp\/v2\/product_tag?post=8596"}],"curies":[{"name":"wp","href":"https:\/\/api.w.org\/{rel}","templated":true}]}}