{"id":9020,"date":"2025-03-22T12:07:24","date_gmt":"2025-03-22T11:07:24","guid":{"rendered":"https:\/\/www.centrocamini.it\/shop\/?post_type=product&#038;p=9020"},"modified":"2025-11-25T13:32:09","modified_gmt":"2025-11-25T12:32:09","slug":"stufa-a-legna-e530t-steel-bianco-piazzetta","status":"publish","type":"product","link":"https:\/\/www.centrocamini.it\/shop\/prodotto\/stufa-a-legna-e530t-steel-bianco-piazzetta\/","title":{"rendered":"Stufa a legna E530T Steel Bianco Piazzetta"},"content":{"rendered":"<h3>Caratteristiche principali della Stufa a legna E530T Steel Bianco Piazzetta &#8211; 5 stelle<\/h3>\n<ul>\n<li><span style=\"font-size: 16px;\">Natural heating<\/span><\/li>\n<li>Top flue outlet<\/li>\n<li>Cast iron brazier<\/li>\n<li>Ash box<\/li>\n<li>Corner<\/li>\n<li>Steel<\/li>\n<li>Steel structure<\/li>\n<li>Primary e Secondary air adjustable<\/li>\n<li>Skamolex Firebox<\/li>\n<\/ul>\n<p><strong>Riscaldare a convezione naturale<\/strong><br \/>\nSi tratta del pi\u00f9 tradizionale metodo di riscaldamento, che sfrutta la differenza di temperatura in ambiente per innescare il movimento dell&#8217;aria. Il vantaggio di questa tecnologia \u00e8 la massima silenziosit\u00e0 perch\u00e9 il calore viene propagato gradualmente attraverso naturali moti convettivi, senza l&#8217;ausilio di un motore di ventilazione.<\/p>\n","protected":false},"excerpt":{"rendered":"<h2>Dati Tecnici della Stufa a legna E530T Steel Bianco Piazzetta<\/h2>\n<p>Una stufa dal design elegante e forma circolare cattura l\u2019attenzione con la sua estetica armoniosa. Rivestimento in acciaio e porta in ghisa conferiscono robustezza al prodotto. Un connubio di forma e funzionalit\u00e0 per riscaldare con stile, colore bianco. Immagine realizzata digitalmente, potrebbe differire dal prodotto reale.<\/p>\n<ul>\n<li>E530 T 5 STELLE<\/li>\n<li><span style=\"font-size: 16px;\">Classe di Efficienza Energetica A+ (G \u2192 A++)<\/span><\/li>\n<li>Potenza Termica Nominale 8,5 kW<\/li>\n<li>Rendimento 89,7 %<\/li>\n<li>Volume Riscaldabile 145 &#8211; 245 m\u00b3<\/li>\n<li>Consumo Legna 2,19 kg\/h<\/li>\n<li>Diametro Scarico Fumi 15 cm<\/li>\n<li>Peso del prodotto: 155 kg<\/li>\n<li>Dimensioni del prodotto (LxPxH): 60,1 x 62,6 x 122<\/li>\n<\/ul>\n<p><strong>EXTRA SCONTO ESPOSIZIONE<\/strong><\/p>\n","protected":false},"featured_media":9617,"template":"","meta":{"site-sidebar-layout":"default","site-content-layout":"","ast-site-content-layout":"default","site-content-style":"default","site-sidebar-style":"default","ast-global-header-display":"","ast-banner-title-visibility":"","ast-main-header-display":"","ast-hfb-above-header-display":"","ast-hfb-below-header-display":"","ast-hfb-mobile-header-display":"","site-post-title":"","ast-breadcrumbs-content":"","ast-featured-img":"","footer-sml-layout":"","ast-disable-related-posts":"","theme-transparent-header-meta":"default","adv-header-id-meta":"","stick-header-meta":"","header-above-stick-meta":"","header-main-stick-meta":"","header-below-stick-meta":"","astra-migrate-meta-layouts":"set","ast-page-background-enabled":"default","ast-page-background-meta":{"desktop":{"background-color":"","background-image":"","background-repeat":"repeat","background-position":"center center","background-size":"auto","background-attachment":"scroll","background-type":"","background-media":"","overlay-type":"","overlay-color":"","overlay-opacity":"","overlay-gradient":""},"tablet":{"background-color":"","background-image":"","background-repeat":"repeat","background-position":"center center","background-size":"auto","background-attachment":"scroll","background-type":"","background-media":"","overlay-type":"","overlay-color":"","overlay-opacity":"","overlay-gradient":""},"mobile":{"background-color":"","background-image":"","background-repeat":"repeat","background-position":"center center","background-size":"auto","background-attachment":"scroll","background-type":"","background-media":"","overlay-type":"","overlay-color":"","overlay-opacity":"","overlay-gradient":""}},"ast-content-background-meta":{"desktop":{"background-color":"var(--ast-global-color-5)","background-image":"","background-repeat":"repeat","background-position":"center center","background-size":"auto","background-attachment":"scroll","background-type":"","background-media":"","overlay-type":"","overlay-color":"","overlay-opacity":"","overlay-gradient":""},"tablet":{"background-color":"var(--ast-global-color-5)","background-image":"","background-repeat":"repeat","background-position":"center center","background-size":"auto","background-attachment":"scroll","background-type":"","background-media":"","overlay-type":"","overlay-color":"","overlay-opacity":"","overlay-gradient":""},"mobile":{"background-color":"var(--ast-global-color-5)","background-image":"","background-repeat":"repeat","background-position":"center center","background-size":"auto","background-attachment":"scroll","background-type":"","background-media":"","overlay-type":"","overlay-color":"","overlay-opacity":"","overlay-gradient":""}}},"product_brand":[161],"product_cat":[83],"product_tag":[117],"class_list":{"0":"post-9020","1":"product","2":"type-product","3":"status-publish","4":"has-post-thumbnail","6":"product_brand-piazzetta","7":"product_cat-stufe-a-legna","8":"product_tag-piazzetta","9":"desktop-align-center","10":"tablet-align-left","11":"mobile-align-left","13":"first","14":"instock","15":"taxable","16":"shipping-taxable","17":"product-type-simple"},"_links":{"self":[{"href":"https:\/\/www.centrocamini.it\/shop\/wp-json\/wp\/v2\/product\/9020","targetHints":{"allow":["GET"]}}],"collection":[{"href":"https:\/\/www.centrocamini.it\/shop\/wp-json\/wp\/v2\/product"}],"about":[{"href":"https:\/\/www.centrocamini.it\/shop\/wp-json\/wp\/v2\/types\/product"}],"version-history":[{"count":2,"href":"https:\/\/www.centrocamini.it\/shop\/wp-json\/wp\/v2\/product\/9020\/revisions"}],"predecessor-version":[{"id":9545,"href":"https:\/\/www.centrocamini.it\/shop\/wp-json\/wp\/v2\/product\/9020\/revisions\/9545"}],"wp:featuredmedia":[{"embeddable":true,"href":"https:\/\/www.centrocamini.it\/shop\/wp-json\/wp\/v2\/media\/9617"}],"wp:attachment":[{"href":"https:\/\/www.centrocamini.it\/shop\/wp-json\/wp\/v2\/media?parent=9020"}],"wp:term":[{"taxonomy":"product_brand","embeddable":true,"href":"https:\/\/www.centrocamini.it\/shop\/wp-json\/wp\/v2\/product_brand?post=9020"},{"taxonomy":"product_cat","embeddable":true,"href":"https:\/\/www.centrocamini.it\/shop\/wp-json\/wp\/v2\/product_cat?post=9020"},{"taxonomy":"product_tag","embeddable":true,"href":"https:\/\/www.centrocamini.it\/shop\/wp-json\/wp\/v2\/product_tag?post=9020"}],"curies":[{"name":"wp","href":"https:\/\/api.w.org\/{rel}","templated":true}]}}