{"id":9181,"date":"2025-04-25T21:15:16","date_gmt":"2025-04-25T19:15:16","guid":{"rendered":"https:\/\/www.centrocamini.it\/shop\/?post_type=product&#038;p=9181"},"modified":"2025-04-25T21:15:16","modified_gmt":"2025-04-25T19:15:16","slug":"stufa-a-legna-stuv-6h","status":"publish","type":"product","link":"https:\/\/www.centrocamini.it\/shop\/prodotto\/stufa-a-legna-stuv-6h\/","title":{"rendered":"Stufa a legna Stuv 6H"},"content":{"rendered":"<h3>Stufa a Legna St\u00fbv 6-H \u2013 Compatta, economica e ad alte prestazioni<\/h3>\n<p>La Stufa a Legna St\u00fbv 6-H \u00e8 la soluzione perfetta per chi desidera godere del fascino del fuoco vivo, coniugando risparmio energetico, comfort e rispetto per l\u2019ambiente. Pensata per i piccoli ambienti e le case a basso consumo energetico, offre tutta la qualit\u00e0 progettuale St\u00fbv in dimensioni compatte e con una gestione semplice ed economica.<\/p>\n<p>Piccola nelle misure, nella potenza e nel prezzo, ma grande nelle prestazioni e nel rispetto ambientale, la St\u00fbv 6-H \u00e8 la scelta ideale per chi cerca efficienza, facilit\u00e0 di installazione e un design moderno e minimalista.<\/p>\n<p><strong>Ideale per:<\/strong><\/p>\n<p>\u2714\ufe0f Abitazioni a basso consumo e moderne<br \/>\n\u2714\ufe0f Chi desidera un riscaldamento a legna ecologico e performante<br \/>\n\u2714\ufe0f Spazi piccoli o medi che necessitano di un sistema di riscaldamento efficiente e compatto<br \/>\n\u2714\ufe0f Chi cerca un camino dal design contemporaneo, senza compromessi su qualit\u00e0 e comfort<\/p>\n<p>St\u00fbv 6-H: il piacere autentico del fuoco, a misura dei nuovi stili di vita.<\/p>\n","protected":false},"excerpt":{"rendered":"<h2>Caratteristiche principali della Stufa a legna Stuv 6H<\/h2>\n<p>Stufa a legna St\u00fbv 6-H: compatta, efficiente ed economica, ideale per piccoli ambienti e case a basso consumo. Potenza da 5 a 13 kW, design minimalista, alte prestazioni ambientali.<\/p>\n<p>Stufa compatta: ideale per spazi ridotti, abitazioni moderne e case passive<\/p>\n<ul>\n<li>Installazione semplice: adattabile a diverse configurazioni abitative<\/li>\n<li>Potenza di riscaldamento modulabile: da 5 a 13 kW (modello grande 76x60cm)<\/li>\n<li>Elevato rendimento energetico: ottimizza il consumo di legna e minimizza le emissioni<\/li>\n<li>Progettata per il comfort: distribuzione uniforme del calore e facilit\u00e0 d\u2019uso<\/li>\n<\/ul>\n","protected":false},"featured_media":9182,"template":"","meta":{"site-sidebar-layout":"default","site-content-layout":"","ast-site-content-layout":"default","site-content-style":"default","site-sidebar-style":"default","ast-global-header-display":"","ast-banner-title-visibility":"","ast-main-header-display":"","ast-hfb-above-header-display":"","ast-hfb-below-header-display":"","ast-hfb-mobile-header-display":"","site-post-title":"","ast-breadcrumbs-content":"","ast-featured-img":"","footer-sml-layout":"","ast-disable-related-posts":"","theme-transparent-header-meta":"default","adv-header-id-meta":"","stick-header-meta":"","header-above-stick-meta":"","header-main-stick-meta":"","header-below-stick-meta":"","astra-migrate-meta-layouts":"set","ast-page-background-enabled":"default","ast-page-background-meta":{"desktop":{"background-color":"","background-image":"","background-repeat":"repeat","background-position":"center center","background-size":"auto","background-attachment":"scroll","background-type":"","background-media":"","overlay-type":"","overlay-color":"","overlay-opacity":"","overlay-gradient":""},"tablet":{"background-color":"","background-image":"","background-repeat":"repeat","background-position":"center center","background-size":"auto","background-attachment":"scroll","background-type":"","background-media":"","overlay-type":"","overlay-color":"","overlay-opacity":"","overlay-gradient":""},"mobile":{"background-color":"","background-image":"","background-repeat":"repeat","background-position":"center center","background-size":"auto","background-attachment":"scroll","background-type":"","background-media":"","overlay-type":"","overlay-color":"","overlay-opacity":"","overlay-gradient":""}},"ast-content-background-meta":{"desktop":{"background-color":"var(--ast-global-color-5)","background-image":"","background-repeat":"repeat","background-position":"center center","background-size":"auto","background-attachment":"scroll","background-type":"","background-media":"","overlay-type":"","overlay-color":"","overlay-opacity":"","overlay-gradient":""},"tablet":{"background-color":"var(--ast-global-color-5)","background-image":"","background-repeat":"repeat","background-position":"center center","background-size":"auto","background-attachment":"scroll","background-type":"","background-media":"","overlay-type":"","overlay-color":"","overlay-opacity":"","overlay-gradient":""},"mobile":{"background-color":"var(--ast-global-color-5)","background-image":"","background-repeat":"repeat","background-position":"center center","background-size":"auto","background-attachment":"scroll","background-type":"","background-media":"","overlay-type":"","overlay-color":"","overlay-opacity":"","overlay-gradient":""}}},"product_brand":[],"product_cat":[83],"product_tag":[173],"class_list":{"0":"post-9181","1":"product","2":"type-product","3":"status-publish","4":"has-post-thumbnail","6":"product_cat-stufe-a-legna","7":"product_tag-stuv6","8":"desktop-align-center","9":"tablet-align-left","10":"mobile-align-left","12":"first","13":"instock","14":"taxable","15":"shipping-taxable","16":"purchasable","17":"product-type-simple"},"_links":{"self":[{"href":"https:\/\/www.centrocamini.it\/shop\/wp-json\/wp\/v2\/product\/9181","targetHints":{"allow":["GET"]}}],"collection":[{"href":"https:\/\/www.centrocamini.it\/shop\/wp-json\/wp\/v2\/product"}],"about":[{"href":"https:\/\/www.centrocamini.it\/shop\/wp-json\/wp\/v2\/types\/product"}],"version-history":[{"count":2,"href":"https:\/\/www.centrocamini.it\/shop\/wp-json\/wp\/v2\/product\/9181\/revisions"}],"predecessor-version":[{"id":9184,"href":"https:\/\/www.centrocamini.it\/shop\/wp-json\/wp\/v2\/product\/9181\/revisions\/9184"}],"wp:featuredmedia":[{"embeddable":true,"href":"https:\/\/www.centrocamini.it\/shop\/wp-json\/wp\/v2\/media\/9182"}],"wp:attachment":[{"href":"https:\/\/www.centrocamini.it\/shop\/wp-json\/wp\/v2\/media?parent=9181"}],"wp:term":[{"taxonomy":"product_brand","embeddable":true,"href":"https:\/\/www.centrocamini.it\/shop\/wp-json\/wp\/v2\/product_brand?post=9181"},{"taxonomy":"product_cat","embeddable":true,"href":"https:\/\/www.centrocamini.it\/shop\/wp-json\/wp\/v2\/product_cat?post=9181"},{"taxonomy":"product_tag","embeddable":true,"href":"https:\/\/www.centrocamini.it\/shop\/wp-json\/wp\/v2\/product_tag?post=9181"}],"curies":[{"name":"wp","href":"https:\/\/api.w.org\/{rel}","templated":true}]}}