{"id":9272,"date":"2025-05-31T18:48:00","date_gmt":"2025-05-31T16:48:00","guid":{"rendered":"https:\/\/www.centrocamini.it\/shop\/?post_type=product&#038;p=9272"},"modified":"2025-09-17T10:09:35","modified_gmt":"2025-09-17T08:09:35","slug":"camino-a-legna-monodesign-120-moretti","status":"publish","type":"product","link":"https:\/\/www.centrocamini.it\/shop\/prodotto\/camino-a-legna-monodesign-120-moretti\/","title":{"rendered":"Camino a legna Monodesign 120 Moretti"},"content":{"rendered":"<h3>Caratteristiche e scheda tecnica del Camino a legna Monodesign 120 Moretti<\/h3>\n<p><span style=\"text-decoration: underline;\"><strong><a href=\"https:\/\/www.centrocamini.it\/shop\/wp-content\/uploads\/2025\/05\/SCHEDA-TECNICA-MONO-120.pdf\">SCHEDA TECNICA MONO-120<\/a><\/strong><\/span><\/p>\n<p><span style=\"text-decoration: underline;\"><strong>Scheda-Prodotto-MONODESIGN-120<\/strong><\/span><\/p>\n<p>WOOD<\/p>\n<p>Le stufe con tecnologia WOOD racchiudono nella semplicit\u00e0 di utilizzo della legna come combustibile un enorme rispetto dell\u2019ambiente ed attenzione agli incentivi fiscali grazie alle loro certificazioni.<\/p>\n<div class=\"wpb_raw_code wpb_content_element wpb_raw_html\">\n<div class=\"wpb_wrapper\">\n<p><strong><em>TECNOLOGY<\/em><\/strong><\/p>\n<div class=\"icone\"><img decoding=\"async\" class=\"alignnone size-full wp-image-3485 zoom\" title=\"Prodotto senza dotazione di ventilatore.\" src=\"https:\/\/morettidesign.it\/wp-content\/uploads\/2023\/08\/ZERO-FAN.png\" alt=\"\" width=\"110\" height=\"110\" aria-expanded=\"false\" \/>\u00a0<img decoding=\"async\" class=\"alignnone size-full wp-image-3485 zoom\" title=\"Alimentazione a legna.\" src=\"https:\/\/morettidesign.it\/wp-content\/uploads\/2023\/08\/WOOD.png\" alt=\"\" width=\"110\" height=\"110\" aria-expanded=\"false\" \/>\u00a0<img decoding=\"async\" class=\"alignnone size-full wp-image-3485 zoom\" title=\"Porta tutto vetro.\" src=\"https:\/\/morettidesign.it\/wp-content\/uploads\/2023\/08\/ALL-GLASS.png\" alt=\"\" width=\"110\" height=\"110\" aria-expanded=\"false\" \/>\u00a0<img loading=\"lazy\" decoding=\"async\" class=\"alignnone size-full wp-image-3485 zoom\" title=\"Il focolare, per garantire un\u2019 alta resa termica e aumentare la durata nel tempo, viene completamente realizzato in refrattario bianco.\" src=\"https:\/\/morettidesign.it\/wp-content\/uploads\/2023\/08\/WHITE-REFRACTORY.png\" alt=\"\" width=\"110\" height=\"110\" aria-expanded=\"false\" \/>\u00a0<img loading=\"lazy\" decoding=\"async\" class=\"alignnone size-full wp-image-3485 zoom\" title=\"Uscita superiore de fumi.\" src=\"https:\/\/morettidesign.it\/wp-content\/uploads\/2020\/07\/smoke-top.png\" alt=\"\" width=\"110\" height=\"110\" aria-expanded=\"false\" \/>\u00a0<img loading=\"lazy\" decoding=\"async\" class=\"alignnone size-full wp-image-3485 zoom\" title=\"La maniglia \u201cmano fredda\u201d \u00e8 progettata per essere utilizzata in applicazioni ad alta temperatura.\" src=\"https:\/\/morettidesign.it\/wp-content\/uploads\/2023\/08\/EASY-HAND.png\" alt=\"\" width=\"110\" height=\"110\" aria-expanded=\"false\" \/>\u00a0<img loading=\"lazy\" decoding=\"async\" class=\"alignnone size-full wp-image-3485 zoom\" title=\"Il sistema saliscendi Moretti \u00e8 dotato di catene che assicurano una durata nel tempo.\" src=\"https:\/\/morettidesign.it\/wp-content\/uploads\/2023\/08\/SLIDE-DOOR-TOP.png\" alt=\"\" width=\"110\" height=\"110\" aria-expanded=\"false\" \/>\u00a0<img loading=\"lazy\" decoding=\"async\" class=\"alignnone size-full wp-image-3485 zoom\" title=\"La Certificazione 5 Stelle rappresenta il massimo livello d\u2019ecologia ed efficienza delle macchine e garantisce prestazioni di massima qualit\u00e0\" src=\"https:\/\/morettidesign.it\/wp-content\/uploads\/2023\/08\/CERTIFICATO-5-STELLE.png\" alt=\"\" width=\"110\" height=\"110\" aria-expanded=\"false\" \/>\u00a0<img loading=\"lazy\" decoding=\"async\" class=\"alignnone size-full wp-image-3485 zoom\" title=\"Ogni camino \u00e8 dotato di ruote che consentono uno spostamento agevole e confortevole.\" src=\"https:\/\/morettidesign.it\/wp-content\/uploads\/2023\/08\/EASY-HANDILNG.png\" alt=\"\" width=\"110\" height=\"110\" aria-expanded=\"false\" \/>\u00a0<img loading=\"lazy\" decoding=\"async\" class=\"alignnone size-full wp-image-3485 zoom\" title=\"Ciascun monoblocco Moretti Design \u00e8 dotato di piedi antigraffio che permettono di posizionarlo facilmente senza danneggiare il pavimento.\" src=\"https:\/\/morettidesign.it\/wp-content\/uploads\/2023\/08\/PIEDI-ANTIGRAFFIO.png\" alt=\"\" width=\"110\" height=\"110\" aria-expanded=\"false\" \/>\u00a0<img loading=\"lazy\" decoding=\"async\" class=\"alignnone size-full wp-image-3485 zoom\" title=\"Il Comfort del calore. Il sistema ermetico di Moretti Design permette di utilizzare tutta l\u2019aria di combustione della stufa dall\u2019esterno dell\u2019abitazione.\" src=\"https:\/\/morettidesign.it\/wp-content\/uploads\/2023\/08\/HERMETIC-SYSTEM.png\" alt=\"\" width=\"110\" height=\"110\" aria-expanded=\"false\" \/>\u00a0<img loading=\"lazy\" decoding=\"async\" class=\"alignnone size-full wp-image-3485 zoom\" title=\"Grazie alla funzione di canalizzazione, i camini Moretti Design possono riscaldare pi\u00f9 stanze contemporaneamente.\" src=\"https:\/\/morettidesign.it\/wp-content\/uploads\/2023\/08\/CANALIZATION-MODE.png\" alt=\"\" width=\"110\" height=\"110\" aria-expanded=\"false\" \/>\u00a0<img loading=\"lazy\" decoding=\"async\" class=\"alignnone size-full wp-image-3485 zoom\" title=\"Grazie alla modalit\u00e0 Zero Emission, i nuovi inserti Moretti Design offrono una soluzione ecologica.\" src=\"https:\/\/morettidesign.it\/wp-content\/uploads\/2023\/08\/ZERO-EMISSION-MODE.png\" alt=\"\" width=\"110\" height=\"110\" aria-expanded=\"false\" \/>\u00a0<img loading=\"lazy\" decoding=\"async\" class=\"alignnone size-full wp-image-3485 zoom\" title=\"I prodotti sono gi\u00e0 certificati per la normativa Europea (ECODESIGN 2022) che entrer\u00e0 in vigore del 2022.\" src=\"https:\/\/morettidesign.it\/wp-content\/uploads\/2020\/07\/eco-design-2020.png\" alt=\"\" width=\"110\" height=\"110\" aria-expanded=\"false\" \/>\u00a0<img loading=\"lazy\" decoding=\"async\" class=\"alignnone size-full wp-image-3485 zoom\" title=\"L\u2019apertura della porta a bocca di lupo dei camini Moretti Design semplifica notevolmente l\u2019operazione di pulizia.\" src=\"https:\/\/morettidesign.it\/wp-content\/uploads\/2023\/08\/EASY-CLEAN.png\" alt=\"\" width=\"110\" height=\"110\" aria-expanded=\"false\" \/>\u00a0<img loading=\"lazy\" decoding=\"async\" class=\"alignnone size-full wp-image-3485 zoom\" title=\"Si tratta di un vetro realizzato in collaborazione con SCHOTT. Il vetro ROBAX\u00ae NightView rende la fiamma di colore rosso e rende l\u2019ambiente subito accogliente e spettacolare.\" src=\"https:\/\/morettidesign.it\/wp-content\/uploads\/2023\/08\/MAGIC-RED-GLASS.png\" alt=\"\" width=\"110\" height=\"110\" aria-expanded=\"false\" \/><\/div>\n<\/div>\n<\/div>\n<div id=\"tm-spacer-683b313c2de8e\" class=\"tm-spacer\"><\/div>\n<div class=\"wpb_raw_code wpb_content_element wpb_raw_html\">\n<div class=\"wpb_wrapper\">\n<p><strong><em>OPTIONAL<\/em><\/strong><\/p>\n<div class=\"icone\"><img loading=\"lazy\" decoding=\"async\" class=\"alignnone size-full wp-image-3485 zoom\" title=\"Permette di canalizzare l\u2019aria calda su pi\u00f9 stanze. Per le stufe \u00e8 obbligatorio l\u2019inserimento di sonde ambiente per il corretto funzionamento del prodotto. Il raggiungimento della temperatura in tutte le stanza metteranno la stufa in modulazione.\" src=\"https:\/\/morettidesign.it\/wp-content\/uploads\/2023\/08\/AIR-BACK.png\" alt=\"\" width=\"110\" height=\"110\" aria-expanded=\"false\" \/>\u00a0<img loading=\"lazy\" decoding=\"async\" class=\"alignnone size-full wp-image-3485 zoom\" title=\"I kit di ventilazione per i monoblocchi di Moretti Design \u00e8 un sistema completo e innovativo progettato per garantire non solo un\u2019efficace ventilazione, ma anche il trasporto dell\u2019aria calda in tutte le stanze della casa.\" src=\"https:\/\/morettidesign.it\/wp-content\/uploads\/2023\/08\/VENTILATION-KIT.png\" alt=\"\" width=\"110\" height=\"110\" aria-expanded=\"false\" \/>\u00a0<img loading=\"lazy\" decoding=\"async\" class=\"alignnone size-full wp-image-3485 zoom\" title=\" Il kit presa d\u2019aria per i monoblocchi \u00e8 un\u2019opzione ermetica che consente di prelevare l\u2019aria dall\u2019esterno anzich\u00e9 dalla stanza in cui \u00e8 posizionato il monoblocco.\" src=\"https:\/\/morettidesign.it\/wp-content\/uploads\/2023\/08\/HERMETIC-KIT.png\" alt=\"\" width=\"110\" height=\"110\" aria-expanded=\"false\" \/>\u00a0<img loading=\"lazy\" decoding=\"async\" class=\"alignnone size-full wp-image-3485 zoom\" title=\"Il kit convezione naturale per i monoblocchi sfrutta la convezione naturale per riscaldare la stanza o quelle adiacenti.\" src=\"https:\/\/morettidesign.it\/wp-content\/uploads\/2023\/08\/NATURAL-CONVECTION-KIT.png\" alt=\"\" width=\"110\" height=\"110\" aria-expanded=\"false\" \/>\u00a0<img loading=\"lazy\" decoding=\"async\" class=\"alignnone size-full wp-image-3485 zoom\" title=\"La cornice di compensazione dei monoblocchi \u00e8 l\u2019elemento che aggiunge un tocco di stile e bellezza al tuo ambiente.\" src=\"https:\/\/morettidesign.it\/wp-content\/uploads\/2023\/08\/EASY-FRAME.png\" alt=\"\" width=\"110\" height=\"110\" aria-expanded=\"false\" \/>\u00a0<img loading=\"lazy\" decoding=\"async\" class=\"alignnone size-full wp-image-3485 zoom\" title=\"La maniglia dei monoblocchi Moretti Design \u00e8 un tratto distintivo grazie al suo design unico realizzato con un trittico di acciaio.\" src=\"https:\/\/morettidesign.it\/wp-content\/uploads\/2023\/08\/HANDLE.png\" alt=\"\" width=\"110\" height=\"110\" aria-expanded=\"false\" \/><\/div>\n<\/div>\n<\/div>\n","protected":false},"excerpt":{"rendered":"<h2>Focolare ad aria con frontale da 120 cm Monodesign Moretti 5 STELLE &#8211; conto termico.<\/h2>\n<p>Lo stile \u00e8 identificato dalla grande PORTA FRONTALE 16:9. La semplicit\u00e0 di utilizzo \u00e8 garantita dalla DOPPIA APERTURA della porta, a saliscendi per il carico della legna ed a bascula per facilitare la pulizia e il MAGIC RED GLASS accentua la fiamma rendendola di un colore rosso vivo.<\/p>\n<p>La tecnologia \u00e8 ottenuta con la DOPPIA COMBUSTIONE che ne aumenta il rendimento, col PASSAGGIO ARIA COMBURENTE che mantiene pulito pi\u00f9 a lungo il vetro frontale, Come optional si pu\u00f2 avere il kit di canalizzazione per estendere la funzionalit\u00e0 di riscaldamento con motore super prestante da 700 m\u00b3\/h canalizzabile fino a quattro stanze.<\/p>\n","protected":false},"featured_media":9274,"template":"","meta":{"site-sidebar-layout":"default","site-content-layout":"","ast-site-content-layout":"default","site-content-style":"default","site-sidebar-style":"default","ast-global-header-display":"","ast-banner-title-visibility":"","ast-main-header-display":"","ast-hfb-above-header-display":"","ast-hfb-below-header-display":"","ast-hfb-mobile-header-display":"","site-post-title":"","ast-breadcrumbs-content":"","ast-featured-img":"","footer-sml-layout":"","ast-disable-related-posts":"","theme-transparent-header-meta":"default","adv-header-id-meta":"","stick-header-meta":"","header-above-stick-meta":"","header-main-stick-meta":"","header-below-stick-meta":"","astra-migrate-meta-layouts":"set","ast-page-background-enabled":"default","ast-page-background-meta":{"desktop":{"background-color":"","background-image":"","background-repeat":"repeat","background-position":"center center","background-size":"auto","background-attachment":"scroll","background-type":"","background-media":"","overlay-type":"","overlay-color":"","overlay-opacity":"","overlay-gradient":""},"tablet":{"background-color":"","background-image":"","background-repeat":"repeat","background-position":"center center","background-size":"auto","background-attachment":"scroll","background-type":"","background-media":"","overlay-type":"","overlay-color":"","overlay-opacity":"","overlay-gradient":""},"mobile":{"background-color":"","background-image":"","background-repeat":"repeat","background-position":"center center","background-size":"auto","background-attachment":"scroll","background-type":"","background-media":"","overlay-type":"","overlay-color":"","overlay-opacity":"","overlay-gradient":""}},"ast-content-background-meta":{"desktop":{"background-color":"var(--ast-global-color-5)","background-image":"","background-repeat":"repeat","background-position":"center center","background-size":"auto","background-attachment":"scroll","background-type":"","background-media":"","overlay-type":"","overlay-color":"","overlay-opacity":"","overlay-gradient":""},"tablet":{"background-color":"var(--ast-global-color-5)","background-image":"","background-repeat":"repeat","background-position":"center center","background-size":"auto","background-attachment":"scroll","background-type":"","background-media":"","overlay-type":"","overlay-color":"","overlay-opacity":"","overlay-gradient":""},"mobile":{"background-color":"var(--ast-global-color-5)","background-image":"","background-repeat":"repeat","background-position":"center center","background-size":"auto","background-attachment":"scroll","background-type":"","background-media":"","overlay-type":"","overlay-color":"","overlay-opacity":"","overlay-gradient":""}}},"product_brand":[177],"product_cat":[116],"product_tag":[],"class_list":{"0":"post-9272","1":"product","2":"type-product","3":"status-publish","4":"has-post-thumbnail","6":"product_brand-moretti","7":"product_cat-camini-a-legna","8":"desktop-align-center","9":"tablet-align-left","10":"mobile-align-left","12":"first","13":"instock","14":"taxable","15":"shipping-taxable","16":"product-type-simple"},"_links":{"self":[{"href":"https:\/\/www.centrocamini.it\/shop\/wp-json\/wp\/v2\/product\/9272","targetHints":{"allow":["GET"]}}],"collection":[{"href":"https:\/\/www.centrocamini.it\/shop\/wp-json\/wp\/v2\/product"}],"about":[{"href":"https:\/\/www.centrocamini.it\/shop\/wp-json\/wp\/v2\/types\/product"}],"version-history":[{"count":3,"href":"https:\/\/www.centrocamini.it\/shop\/wp-json\/wp\/v2\/product\/9272\/revisions"}],"predecessor-version":[{"id":9279,"href":"https:\/\/www.centrocamini.it\/shop\/wp-json\/wp\/v2\/product\/9272\/revisions\/9279"}],"wp:featuredmedia":[{"embeddable":true,"href":"https:\/\/www.centrocamini.it\/shop\/wp-json\/wp\/v2\/media\/9274"}],"wp:attachment":[{"href":"https:\/\/www.centrocamini.it\/shop\/wp-json\/wp\/v2\/media?parent=9272"}],"wp:term":[{"taxonomy":"product_brand","embeddable":true,"href":"https:\/\/www.centrocamini.it\/shop\/wp-json\/wp\/v2\/product_brand?post=9272"},{"taxonomy":"product_cat","embeddable":true,"href":"https:\/\/www.centrocamini.it\/shop\/wp-json\/wp\/v2\/product_cat?post=9272"},{"taxonomy":"product_tag","embeddable":true,"href":"https:\/\/www.centrocamini.it\/shop\/wp-json\/wp\/v2\/product_tag?post=9272"}],"curies":[{"name":"wp","href":"https:\/\/api.w.org\/{rel}","templated":true}]}}